{"id":1008,"date":"2017-03-13T22:20:29","date_gmt":"2017-03-13T22:20:29","guid":{"rendered":"https:\/\/madridforrefugees.org\/?page_id=1008"},"modified":"2022-03-14T11:24:13","modified_gmt":"2022-03-14T10:24:13","slug":"donate-es","status":"publish","type":"page","link":"https:\/\/madridforrefugees.org\/es\/donate-es\/","title":{"rendered":"Donar art\u00edculos"},"content":{"rendered":"\r\n<p>MFR recibe donaciones de dinero y de art\u00edculos. Estamos muy agradecidos a nuestros donantes, porque sin vosotros no podr\u00edamos continuar el trabajo! Para donar al instante pinche aqu\u00ed: <a href=\"https:\/\/madridforrefugees.org\/en\/socio\/\"><strong>donar ahora<\/strong><\/a>!<\/p>\r\n<h3>Donaciones de art\u00edculos<\/h3>\r\n<p>El Equipo de Donaciones de MFR coordina campa\u00f1as de recoger cosas para ayudar a personas y familias que viven en los Centros de Acogida a Refugiados y a las familias que viven en sus propias casas.<br \/><span style=\"font-size: x-large;\"><strong><a href=\"https:\/\/docs.google.com\/document\/d\/1xpnFvbNY2_1q4M7SphPxiF44pqJ08l3cU0of5ksc9JA\/edit?usp=sharing\" target=\"_blank\" rel=\"noopener\">Para ver lo que nos hace falta en este momento, pinche aqu\u00ed<\/a><\/strong><\/span><\/p>\r\n<h4>Como donar:<\/h4>\r\n<p>Rellene nuestro <strong><a href=\"https:\/\/docs.google.com\/forms\/d\/e\/1FAIpQLSfwa0ohxip3dkd_BNgXhDTuWf4XuAG0eZm8cUjH_XaPvT2Klg\/viewform\" target=\"_blank\" rel=\"noopener\">Formulario de Donaciones<\/a><\/strong> para avisarnos lo que pens\u00e1is donar de nuestra Lista de Donaciones Necesarias.<\/p>\r\n<p>Si ten\u00e9is dudas, escr\u00edbenos a <a href=\"mailto:donations@madridforrefugees.org\" target=\"_blank\" rel=\"noopener\">donations@madridforrefugees.org<\/a><\/p>\r\n<h4>Por qu\u00e9 no podemos aceptar todo?<\/h4>\r\n<p>Madrid For Refugees no tiene d\u00f3nde guardar cosas, por lo cual s\u00f3lo podemos aceptar donaciones que van directamente a las casas o a los centros donde hacen falta. Nos comprometemos a mantener un est\u00e1ndar de alta calidad y limpieza de las donaciones antes de entregarlas.\u00a0<\/p>\r\n<h4>Colaborar con el Equipo de Donaciones de MFR:<\/h4>\r\n<p>Te interesa colaborar con nosotros?\u00a0<\/p>\r\n<h5>Ser conductor\/a<\/h5>\r\n<p>Siempre nos urgen voluntarios y voluntarias con coches o conductores para hacer entregas a familias. La mayor\u00eda de ellas viven en las afueras de la ciudad.<\/p>\r\n<p>No dud\u00e1is en contactarnos <a href=\"mailto:donations@madridforrefugees.org\" target=\"_blank\" rel=\"noopener\">donations@madridforrefugees.org<\/a> si os interesa alguna de estas colaboraciones para obtener <a href=\"https:\/\/docs.google.com\/document\/d\/1xpnFvbNY2_1q4M7SphPxiF44pqJ08l3cU0of5ksc9JA\/edit?usp=sharing\" target=\"_blank\" rel=\"noopener\">las cosas que nos urgen. <\/a>.<\/p>\r\n<p><img loading=\"lazy\" decoding=\"async\" class=\"alignnone wp-image-2256 size-medium\" src=\"https:\/\/madridforrefugees.org\/wp-content\/uploads\/2018\/12\/Dollarphotoclub_62762114-300x241.jpg\" alt=\"\" width=\"300\" height=\"241\" srcset=\"https:\/\/madridforrefugees.org\/wp-content\/uploads\/2018\/12\/Dollarphotoclub_62762114-300x241.jpg 300w, https:\/\/madridforrefugees.org\/wp-content\/uploads\/2018\/12\/Dollarphotoclub_62762114-768x617.jpg 768w, https:\/\/madridforrefugees.org\/wp-content\/uploads\/2018\/12\/Dollarphotoclub_62762114.jpg 1024w, https:\/\/madridforrefugees.org\/wp-content\/uploads\/2018\/12\/Dollarphotoclub_62762114-249x200.jpg 249w\" sizes=\"auto, (max-width: 300px) 100vw, 300px\" \/><\/p>\r\n<p><\/p>","protected":false},"excerpt":{"rendered":"<p>MFR recibe donaciones de dinero y de art\u00edculos. Estamos muy agradecidos a nuestros donantes, porque sin vosotros no podr\u00edamos continuar el trabajo! Para donar al instante pinche aqu\u00ed: donar ahora! Donaciones de art\u00edculos El Equipo de Donaciones de MFR coordina campa\u00f1as de recoger cosas para ayudar a personas y familias &hellip;<\/p>\n","protected":false},"author":27,"featured_media":0,"parent":0,"menu_order":0,"comment_status":"closed","ping_status":"closed","template":"","meta":{"_monsterinsights_skip_tracking":false,"_monsterinsights_sitenote_active":false,"_monsterinsights_sitenote_note":"","_monsterinsights_sitenote_category":0,"footnotes":""},"class_list":["post-1008","page","type-page","status-publish","hentry"],"yoast_head":"<!-- This site is optimized with the Yoast SEO plugin v25.2 - https:\/\/yoast.com\/wordpress\/plugins\/seo\/ -->\n<title>Donar art\u00edculos - Madrid For Refugees<\/title>\n<meta name=\"robots\" content=\"index, follow, max-snippet:-1, max-image-preview:large, max-video-preview:-1\" \/>\n<link rel=\"canonical\" href=\"https:\/\/madridforrefugees.org\/es\/donate-es\/\" \/>\n<meta property=\"og:locale\" content=\"es_ES\" \/>\n<meta property=\"og:type\" content=\"article\" \/>\n<meta property=\"og:title\" content=\"Donar art\u00edculos - Madrid For Refugees\" \/>\n<meta property=\"og:description\" content=\"MFR recibe donaciones de dinero y de art\u00edculos. Estamos muy agradecidos a nuestros donantes, porque sin vosotros no podr\u00edamos continuar el trabajo! Para donar al instante pinche aqu\u00ed: donar ahora! Donaciones de art\u00edculos El Equipo de Donaciones de MFR coordina campa\u00f1as de recoger cosas para ayudar a personas y familias &hellip;\" \/>\n<meta property=\"og:url\" content=\"https:\/\/madridforrefugees.org\/es\/donate-es\/\" \/>\n<meta property=\"og:site_name\" content=\"Madrid For Refugees\" \/>\n<meta property=\"article:publisher\" content=\"https:\/\/www.facebook.com\/Madrid4Refugees\/\" \/>\n<meta property=\"article:modified_time\" content=\"2022-03-14T10:24:13+00:00\" \/>\n<meta property=\"og:image\" content=\"https:\/\/madridforrefugees.org\/wp-content\/uploads\/2018\/12\/Dollarphotoclub_62762114-300x241.jpg\" \/>\n<meta name=\"twitter:card\" content=\"summary_large_image\" \/>\n<meta name=\"twitter:site\" content=\"@Madrid4Refugees\" \/>\n<meta name=\"twitter:label1\" content=\"Tiempo de lectura\" \/>\n\t<meta name=\"twitter:data1\" content=\"2 minutos\" \/>\n<script type=\"application\/ld+json\" class=\"yoast-schema-graph\">{\"@context\":\"https:\/\/schema.org\",\"@graph\":[{\"@type\":\"WebPage\",\"@id\":\"https:\/\/madridforrefugees.org\/es\/donate-es\/\",\"url\":\"https:\/\/madridforrefugees.org\/es\/donate-es\/\",\"name\":\"Donar art\u00edculos - Madrid For Refugees\",\"isPartOf\":{\"@id\":\"https:\/\/madridforrefugees.org\/es\/home-2\/#website\"},\"primaryImageOfPage\":{\"@id\":\"https:\/\/madridforrefugees.org\/es\/donate-es\/#primaryimage\"},\"image\":{\"@id\":\"https:\/\/madridforrefugees.org\/es\/donate-es\/#primaryimage\"},\"thumbnailUrl\":\"https:\/\/madridforrefugees.org\/wp-content\/uploads\/2018\/12\/Dollarphotoclub_62762114-300x241.jpg\",\"datePublished\":\"2017-03-13T22:20:29+00:00\",\"dateModified\":\"2022-03-14T10:24:13+00:00\",\"breadcrumb\":{\"@id\":\"https:\/\/madridforrefugees.org\/es\/donate-es\/#breadcrumb\"},\"inLanguage\":\"es\",\"potentialAction\":[{\"@type\":\"ReadAction\",\"target\":[\"https:\/\/madridforrefugees.org\/es\/donate-es\/\"]}]},{\"@type\":\"ImageObject\",\"inLanguage\":\"es\",\"@id\":\"https:\/\/madridforrefugees.org\/es\/donate-es\/#primaryimage\",\"url\":\"https:\/\/madridforrefugees.org\/wp-content\/uploads\/2018\/12\/Dollarphotoclub_62762114-300x241.jpg\",\"contentUrl\":\"https:\/\/madridforrefugees.org\/wp-content\/uploads\/2018\/12\/Dollarphotoclub_62762114-300x241.jpg\"},{\"@type\":\"BreadcrumbList\",\"@id\":\"https:\/\/madridforrefugees.org\/es\/donate-es\/#breadcrumb\",\"itemListElement\":[{\"@type\":\"ListItem\",\"position\":1,\"name\":\"Home\",\"item\":\"https:\/\/madridforrefugees.org\/es\/\"},{\"@type\":\"ListItem\",\"position\":2,\"name\":\"Donar art\u00edculos\"}]},{\"@type\":\"WebSite\",\"@id\":\"https:\/\/madridforrefugees.org\/es\/home-2\/#website\",\"url\":\"https:\/\/madridforrefugees.org\/es\/home-2\/\",\"name\":\"MadridForRefugees\",\"description\":\"Helping Refugees in Madrid and Abroad\",\"publisher\":{\"@id\":\"https:\/\/madridforrefugees.org\/es\/home-2\/#organization\"},\"potentialAction\":[{\"@type\":\"SearchAction\",\"target\":{\"@type\":\"EntryPoint\",\"urlTemplate\":\"https:\/\/madridforrefugees.org\/es\/home-2\/?s={search_term_string}\"},\"query-input\":{\"@type\":\"PropertyValueSpecification\",\"valueRequired\":true,\"valueName\":\"search_term_string\"}}],\"inLanguage\":\"es\"},{\"@type\":\"Organization\",\"@id\":\"https:\/\/madridforrefugees.org\/es\/home-2\/#organization\",\"name\":\"Madrid for Refugees\",\"url\":\"https:\/\/madridforrefugees.org\/es\/home-2\/\",\"logo\":{\"@type\":\"ImageObject\",\"inLanguage\":\"es\",\"@id\":\"https:\/\/madridforrefugees.org\/es\/home-2\/#\/schema\/logo\/image\/\",\"url\":\"https:\/\/madridforrefugees.org\/wp-content\/uploads\/2021\/11\/MFR-Logo-Initials-Words.png\",\"contentUrl\":\"https:\/\/madridforrefugees.org\/wp-content\/uploads\/2021\/11\/MFR-Logo-Initials-Words.png\",\"width\":233,\"height\":83,\"caption\":\"Madrid for Refugees\"},\"image\":{\"@id\":\"https:\/\/madridforrefugees.org\/es\/home-2\/#\/schema\/logo\/image\/\"},\"sameAs\":[\"https:\/\/www.facebook.com\/Madrid4Refugees\/\",\"https:\/\/x.com\/Madrid4Refugees\",\"https:\/\/www.instagram.com\/weloverefugees\/\",\"https:\/\/www.linkedin.com\/company\/madrid-for-refugees\",\"https:\/\/www.pinterest.com\/weloverefugees\/\"]}]}<\/script>\n<!-- \/ Yoast SEO plugin. -->","yoast_head_json":{"title":"Donar art\u00edculos - Madrid For Refugees","robots":{"index":"index","follow":"follow","max-snippet":"max-snippet:-1","max-image-preview":"max-image-preview:large","max-video-preview":"max-video-preview:-1"},"canonical":"https:\/\/madridforrefugees.org\/es\/donate-es\/","og_locale":"es_ES","og_type":"article","og_title":"Donar art\u00edculos - Madrid For Refugees","og_description":"MFR recibe donaciones de dinero y de art\u00edculos. Estamos muy agradecidos a nuestros donantes, porque sin vosotros no podr\u00edamos continuar el trabajo! Para donar al instante pinche aqu\u00ed: donar ahora! Donaciones de art\u00edculos El Equipo de Donaciones de MFR coordina campa\u00f1as de recoger cosas para ayudar a personas y familias &hellip;","og_url":"https:\/\/madridforrefugees.org\/es\/donate-es\/","og_site_name":"Madrid For Refugees","article_publisher":"https:\/\/www.facebook.com\/Madrid4Refugees\/","article_modified_time":"2022-03-14T10:24:13+00:00","og_image":[{"url":"https:\/\/madridforrefugees.org\/wp-content\/uploads\/2018\/12\/Dollarphotoclub_62762114-300x241.jpg","type":"","width":"","height":""}],"twitter_card":"summary_large_image","twitter_site":"@Madrid4Refugees","twitter_misc":{"Tiempo de lectura":"2 minutos"},"schema":{"@context":"https:\/\/schema.org","@graph":[{"@type":"WebPage","@id":"https:\/\/madridforrefugees.org\/es\/donate-es\/","url":"https:\/\/madridforrefugees.org\/es\/donate-es\/","name":"Donar art\u00edculos - Madrid For Refugees","isPartOf":{"@id":"https:\/\/madridforrefugees.org\/es\/home-2\/#website"},"primaryImageOfPage":{"@id":"https:\/\/madridforrefugees.org\/es\/donate-es\/#primaryimage"},"image":{"@id":"https:\/\/madridforrefugees.org\/es\/donate-es\/#primaryimage"},"thumbnailUrl":"https:\/\/madridforrefugees.org\/wp-content\/uploads\/2018\/12\/Dollarphotoclub_62762114-300x241.jpg","datePublished":"2017-03-13T22:20:29+00:00","dateModified":"2022-03-14T10:24:13+00:00","breadcrumb":{"@id":"https:\/\/madridforrefugees.org\/es\/donate-es\/#breadcrumb"},"inLanguage":"es","potentialAction":[{"@type":"ReadAction","target":["https:\/\/madridforrefugees.org\/es\/donate-es\/"]}]},{"@type":"ImageObject","inLanguage":"es","@id":"https:\/\/madridforrefugees.org\/es\/donate-es\/#primaryimage","url":"https:\/\/madridforrefugees.org\/wp-content\/uploads\/2018\/12\/Dollarphotoclub_62762114-300x241.jpg","contentUrl":"https:\/\/madridforrefugees.org\/wp-content\/uploads\/2018\/12\/Dollarphotoclub_62762114-300x241.jpg"},{"@type":"BreadcrumbList","@id":"https:\/\/madridforrefugees.org\/es\/donate-es\/#breadcrumb","itemListElement":[{"@type":"ListItem","position":1,"name":"Home","item":"https:\/\/madridforrefugees.org\/es\/"},{"@type":"ListItem","position":2,"name":"Donar art\u00edculos"}]},{"@type":"WebSite","@id":"https:\/\/madridforrefugees.org\/es\/home-2\/#website","url":"https:\/\/madridforrefugees.org\/es\/home-2\/","name":"MadridForRefugees","description":"Helping Refugees in Madrid and Abroad","publisher":{"@id":"https:\/\/madridforrefugees.org\/es\/home-2\/#organization"},"potentialAction":[{"@type":"SearchAction","target":{"@type":"EntryPoint","urlTemplate":"https:\/\/madridforrefugees.org\/es\/home-2\/?s={search_term_string}"},"query-input":{"@type":"PropertyValueSpecification","valueRequired":true,"valueName":"search_term_string"}}],"inLanguage":"es"},{"@type":"Organization","@id":"https:\/\/madridforrefugees.org\/es\/home-2\/#organization","name":"Madrid for Refugees","url":"https:\/\/madridforrefugees.org\/es\/home-2\/","logo":{"@type":"ImageObject","inLanguage":"es","@id":"https:\/\/madridforrefugees.org\/es\/home-2\/#\/schema\/logo\/image\/","url":"https:\/\/madridforrefugees.org\/wp-content\/uploads\/2021\/11\/MFR-Logo-Initials-Words.png","contentUrl":"https:\/\/madridforrefugees.org\/wp-content\/uploads\/2021\/11\/MFR-Logo-Initials-Words.png","width":233,"height":83,"caption":"Madrid for Refugees"},"image":{"@id":"https:\/\/madridforrefugees.org\/es\/home-2\/#\/schema\/logo\/image\/"},"sameAs":["https:\/\/www.facebook.com\/Madrid4Refugees\/","https:\/\/x.com\/Madrid4Refugees","https:\/\/www.instagram.com\/weloverefugees\/","https:\/\/www.linkedin.com\/company\/madrid-for-refugees","https:\/\/www.pinterest.com\/weloverefugees\/"]}]}},"jetpack_likes_enabled":true,"jetpack_sharing_enabled":true,"_links":{"self":[{"href":"https:\/\/madridforrefugees.org\/es\/wp-json\/wp\/v2\/pages\/1008","targetHints":{"allow":["GET"]}}],"collection":[{"href":"https:\/\/madridforrefugees.org\/es\/wp-json\/wp\/v2\/pages"}],"about":[{"href":"https:\/\/madridforrefugees.org\/es\/wp-json\/wp\/v2\/types\/page"}],"author":[{"embeddable":true,"href":"https:\/\/madridforrefugees.org\/es\/wp-json\/wp\/v2\/users\/27"}],"replies":[{"embeddable":true,"href":"https:\/\/madridforrefugees.org\/es\/wp-json\/wp\/v2\/comments?post=1008"}],"version-history":[{"count":4,"href":"https:\/\/madridforrefugees.org\/es\/wp-json\/wp\/v2\/pages\/1008\/revisions"}],"predecessor-version":[{"id":3413,"href":"https:\/\/madridforrefugees.org\/es\/wp-json\/wp\/v2\/pages\/1008\/revisions\/3413"}],"wp:attachment":[{"href":"https:\/\/madridforrefugees.org\/es\/wp-json\/wp\/v2\/media?parent=1008"}],"curies":[{"name":"wp","href":"https:\/\/api.w.org\/{rel}","templated":true}]}}