{"id":2525,"date":"2020-04-25T18:11:51","date_gmt":"2020-04-25T16:11:51","guid":{"rendered":"https:\/\/madridforrefugees.org\/?page_id=2525"},"modified":"2021-02-26T19:33:14","modified_gmt":"2021-02-26T18:33:14","slug":"donar-cooking-solidario-en-casa","status":"publish","type":"page","link":"https:\/\/madridforrefugees.org\/es\/donate-es\/donar-cooking-solidario-en-casa\/","title":{"rendered":"Donar: Cooking Solidario en casa"},"content":{"rendered":"<p><img loading=\"lazy\" decoding=\"async\" class=\"alignnone size-large wp-image-2522\" src=\"https:\/\/madridforrefugees.org\/wp-content\/uploads\/2020\/04\/chefsheader-1024x384.jpg\" alt=\"\" width=\"1024\" height=\"384\" srcset=\"https:\/\/madridforrefugees.org\/wp-content\/uploads\/2020\/04\/chefsheader-1024x384.jpg 1024w, https:\/\/madridforrefugees.org\/wp-content\/uploads\/2020\/04\/chefsheader-300x113.jpg 300w, https:\/\/madridforrefugees.org\/wp-content\/uploads\/2020\/04\/chefsheader-768x288.jpg 768w, https:\/\/madridforrefugees.org\/wp-content\/uploads\/2020\/04\/chefsheader-1536x576.jpg 1536w, https:\/\/madridforrefugees.org\/wp-content\/uploads\/2020\/04\/chefsheader-533x200.jpg 533w, https:\/\/madridforrefugees.org\/wp-content\/uploads\/2020\/04\/chefsheader.jpg 2000w\" sizes=\"auto, (max-width: 1024px) 100vw, 1024px\" \/><\/p>\n<h2>Aprende recetas de otros pa\u00edses y ayuda a un chef refugiado desde casa<\/h2>\n<p><script src=\"https:\/\/donorbox.org\/widget.js\" paypalExpress=\"true\"><\/script><iframe loading=\"lazy\" style=\"max-width: 500px; min-width: 310px; max-height: none!important;\" src=\"https:\/\/donorbox.org\/embed\/mfr-es-2\" name=\"donorbox\" width=\"100%\" height=\"900px\" frameborder=\"0\" scrolling=\"no\" align=\"left\" seamless=\"seamless\"><\/iframe><\/p>\n<p>Establecida en 2015, Madrid For Refugees (MFR) es una asociaci\u00f3n sin \u00e1nimo de lucro formada por voluntarios dedicada a ayudar y empoderar en la comunidad local a personas refugiadas, solicitantes de asilo, ap\u00e1tridas y migrantes con necesidad de protecci\u00f3n internacional o en riesgo de exclusi\u00f3n social. El programa #CookingSolidario empez\u00f3 en 2018 y consiste en clases de cocina presenciales dirigidas por chefs refugiados apasionados por compartir la gastronom\u00eda y las costumbres de sus pa\u00edses de origen.<\/p>\n<p><strong>Debido a la crisis sanitaria que vivimos a nivel mundial, pensamos en una forma creativa para seguir ayudando a nuestros chefs. Por eso, hemos creado este recetario digital de #CookingSolidario en casa. Lo que se logre recaudar ser\u00e1 donado a los chefs refugiados del programa y a MFR.<\/strong><\/p>\n<p>La colecci\u00f3n de e-recetario de #CookingSolidario:<\/p>\n<p class=\"_04xlpA direction-ltr align-center para-style-title\"><span class=\"JsGRdQ\">Arepas Dulces | Chef Yoly |<\/span> <span class=\"JsGRdQ\">Venezuela<br \/>\n<\/span><span class=\"JsGRdQ\">Sopa Sudanesa de la Abuela | Chef Ahmed | Sudan<br \/>\n<\/span><span class=\"JsGRdQ\">Tolma | Chef Sirush | Armenia<br \/>\n<\/span><span class=\"JsGRdQ\">Sopa de Verduras | Chef Majed | Palestine<br \/>\n<\/span><span class=\"JsGRdQ\">Kebab Vegetariano | Chef Hevin | Syria\u00a0<\/span><\/p>\n<p><strong>\u00a1Dale sabor a tus comidas con estas incre\u00edbles recetas del mundo y ayuda a una buena causa, donar ahora!<\/strong><\/p>\n","protected":false},"excerpt":{"rendered":"<p>Aprende recetas de otros pa\u00edses y ayuda a un chef refugiado desde casa Establecida en 2015, Madrid For Refugees (MFR) es una asociaci\u00f3n sin \u00e1nimo de lucro formada por voluntarios dedicada a ayudar y empoderar en la comunidad local a personas refugiadas, solicitantes de asilo, ap\u00e1tridas y migrantes con necesidad &hellip;<\/p>\n","protected":false},"author":5,"featured_media":0,"parent":1008,"menu_order":0,"comment_status":"closed","ping_status":"closed","template":"","meta":{"_monsterinsights_skip_tracking":false,"_monsterinsights_sitenote_active":false,"_monsterinsights_sitenote_note":"","_monsterinsights_sitenote_category":0,"footnotes":""},"class_list":["post-2525","page","type-page","status-publish","hentry"],"yoast_head":"<!-- This site is optimized with the Yoast SEO plugin v25.2 - https:\/\/yoast.com\/wordpress\/plugins\/seo\/ -->\n<title>Donar: Cooking Solidario en casa - Madrid For Refugees<\/title>\n<meta name=\"robots\" content=\"index, follow, max-snippet:-1, max-image-preview:large, max-video-preview:-1\" \/>\n<link rel=\"canonical\" href=\"https:\/\/madridforrefugees.org\/es\/donate-es\/donar-cooking-solidario-en-casa\/\" \/>\n<meta property=\"og:locale\" content=\"es_ES\" \/>\n<meta property=\"og:type\" content=\"article\" \/>\n<meta property=\"og:title\" content=\"Donar: Cooking Solidario en casa - Madrid For Refugees\" \/>\n<meta property=\"og:description\" content=\"Aprende recetas de otros pa\u00edses y ayuda a un chef refugiado desde casa Establecida en 2015, Madrid For Refugees (MFR) es una asociaci\u00f3n sin \u00e1nimo de lucro formada por voluntarios dedicada a ayudar y empoderar en la comunidad local a personas refugiadas, solicitantes de asilo, ap\u00e1tridas y migrantes con necesidad &hellip;\" \/>\n<meta property=\"og:url\" content=\"https:\/\/madridforrefugees.org\/es\/donate-es\/donar-cooking-solidario-en-casa\/\" \/>\n<meta property=\"og:site_name\" content=\"Madrid For Refugees\" \/>\n<meta property=\"article:publisher\" content=\"https:\/\/www.facebook.com\/Madrid4Refugees\/\" \/>\n<meta property=\"article:modified_time\" content=\"2021-02-26T18:33:14+00:00\" \/>\n<meta property=\"og:image\" content=\"https:\/\/madridforrefugees.org\/wp-content\/uploads\/2020\/04\/chefsheader-1024x384.jpg\" \/>\n<meta name=\"twitter:card\" content=\"summary_large_image\" \/>\n<meta name=\"twitter:site\" content=\"@Madrid4Refugees\" \/>\n<meta name=\"twitter:label1\" content=\"Tiempo de lectura\" \/>\n\t<meta name=\"twitter:data1\" content=\"1 minuto\" \/>\n<script type=\"application\/ld+json\" class=\"yoast-schema-graph\">{\"@context\":\"https:\/\/schema.org\",\"@graph\":[{\"@type\":\"WebPage\",\"@id\":\"https:\/\/madridforrefugees.org\/es\/donate-es\/donar-cooking-solidario-en-casa\/\",\"url\":\"https:\/\/madridforrefugees.org\/es\/donate-es\/donar-cooking-solidario-en-casa\/\",\"name\":\"Donar: Cooking Solidario en casa - Madrid For Refugees\",\"isPartOf\":{\"@id\":\"https:\/\/madridforrefugees.org\/es\/home-2\/#website\"},\"primaryImageOfPage\":{\"@id\":\"https:\/\/madridforrefugees.org\/es\/donate-es\/donar-cooking-solidario-en-casa\/#primaryimage\"},\"image\":{\"@id\":\"https:\/\/madridforrefugees.org\/es\/donate-es\/donar-cooking-solidario-en-casa\/#primaryimage\"},\"thumbnailUrl\":\"https:\/\/madridforrefugees.org\/wp-content\/uploads\/2020\/04\/chefsheader-1024x384.jpg\",\"datePublished\":\"2020-04-25T16:11:51+00:00\",\"dateModified\":\"2021-02-26T18:33:14+00:00\",\"breadcrumb\":{\"@id\":\"https:\/\/madridforrefugees.org\/es\/donate-es\/donar-cooking-solidario-en-casa\/#breadcrumb\"},\"inLanguage\":\"es\",\"potentialAction\":[{\"@type\":\"ReadAction\",\"target\":[\"https:\/\/madridforrefugees.org\/es\/donate-es\/donar-cooking-solidario-en-casa\/\"]}]},{\"@type\":\"ImageObject\",\"inLanguage\":\"es\",\"@id\":\"https:\/\/madridforrefugees.org\/es\/donate-es\/donar-cooking-solidario-en-casa\/#primaryimage\",\"url\":\"https:\/\/madridforrefugees.org\/wp-content\/uploads\/2020\/04\/chefsheader-1024x384.jpg\",\"contentUrl\":\"https:\/\/madridforrefugees.org\/wp-content\/uploads\/2020\/04\/chefsheader-1024x384.jpg\"},{\"@type\":\"BreadcrumbList\",\"@id\":\"https:\/\/madridforrefugees.org\/es\/donate-es\/donar-cooking-solidario-en-casa\/#breadcrumb\",\"itemListElement\":[{\"@type\":\"ListItem\",\"position\":1,\"name\":\"Home\",\"item\":\"https:\/\/madridforrefugees.org\/es\/\"},{\"@type\":\"ListItem\",\"position\":2,\"name\":\"Donar art\u00edculos\",\"item\":\"https:\/\/madridforrefugees.org\/es\/donate-es\/\"},{\"@type\":\"ListItem\",\"position\":3,\"name\":\"Donar: Cooking Solidario en casa\"}]},{\"@type\":\"WebSite\",\"@id\":\"https:\/\/madridforrefugees.org\/es\/home-2\/#website\",\"url\":\"https:\/\/madridforrefugees.org\/es\/home-2\/\",\"name\":\"MadridForRefugees\",\"description\":\"Helping Refugees in Madrid and Abroad\",\"publisher\":{\"@id\":\"https:\/\/madridforrefugees.org\/es\/home-2\/#organization\"},\"potentialAction\":[{\"@type\":\"SearchAction\",\"target\":{\"@type\":\"EntryPoint\",\"urlTemplate\":\"https:\/\/madridforrefugees.org\/es\/home-2\/?s={search_term_string}\"},\"query-input\":{\"@type\":\"PropertyValueSpecification\",\"valueRequired\":true,\"valueName\":\"search_term_string\"}}],\"inLanguage\":\"es\"},{\"@type\":\"Organization\",\"@id\":\"https:\/\/madridforrefugees.org\/es\/home-2\/#organization\",\"name\":\"Madrid for Refugees\",\"url\":\"https:\/\/madridforrefugees.org\/es\/home-2\/\",\"logo\":{\"@type\":\"ImageObject\",\"inLanguage\":\"es\",\"@id\":\"https:\/\/madridforrefugees.org\/es\/home-2\/#\/schema\/logo\/image\/\",\"url\":\"https:\/\/madridforrefugees.org\/wp-content\/uploads\/2021\/11\/MFR-Logo-Initials-Words.png\",\"contentUrl\":\"https:\/\/madridforrefugees.org\/wp-content\/uploads\/2021\/11\/MFR-Logo-Initials-Words.png\",\"width\":233,\"height\":83,\"caption\":\"Madrid for Refugees\"},\"image\":{\"@id\":\"https:\/\/madridforrefugees.org\/es\/home-2\/#\/schema\/logo\/image\/\"},\"sameAs\":[\"https:\/\/www.facebook.com\/Madrid4Refugees\/\",\"https:\/\/x.com\/Madrid4Refugees\",\"https:\/\/www.instagram.com\/weloverefugees\/\",\"https:\/\/www.linkedin.com\/company\/madrid-for-refugees\",\"https:\/\/www.pinterest.com\/weloverefugees\/\"]}]}<\/script>\n<!-- \/ Yoast SEO plugin. -->","yoast_head_json":{"title":"Donar: Cooking Solidario en casa - Madrid For Refugees","robots":{"index":"index","follow":"follow","max-snippet":"max-snippet:-1","max-image-preview":"max-image-preview:large","max-video-preview":"max-video-preview:-1"},"canonical":"https:\/\/madridforrefugees.org\/es\/donate-es\/donar-cooking-solidario-en-casa\/","og_locale":"es_ES","og_type":"article","og_title":"Donar: Cooking Solidario en casa - Madrid For Refugees","og_description":"Aprende recetas de otros pa\u00edses y ayuda a un chef refugiado desde casa Establecida en 2015, Madrid For Refugees (MFR) es una asociaci\u00f3n sin \u00e1nimo de lucro formada por voluntarios dedicada a ayudar y empoderar en la comunidad local a personas refugiadas, solicitantes de asilo, ap\u00e1tridas y migrantes con necesidad &hellip;","og_url":"https:\/\/madridforrefugees.org\/es\/donate-es\/donar-cooking-solidario-en-casa\/","og_site_name":"Madrid For Refugees","article_publisher":"https:\/\/www.facebook.com\/Madrid4Refugees\/","article_modified_time":"2021-02-26T18:33:14+00:00","og_image":[{"url":"https:\/\/madridforrefugees.org\/wp-content\/uploads\/2020\/04\/chefsheader-1024x384.jpg","type":"","width":"","height":""}],"twitter_card":"summary_large_image","twitter_site":"@Madrid4Refugees","twitter_misc":{"Tiempo de lectura":"1 minuto"},"schema":{"@context":"https:\/\/schema.org","@graph":[{"@type":"WebPage","@id":"https:\/\/madridforrefugees.org\/es\/donate-es\/donar-cooking-solidario-en-casa\/","url":"https:\/\/madridforrefugees.org\/es\/donate-es\/donar-cooking-solidario-en-casa\/","name":"Donar: Cooking Solidario en casa - Madrid For Refugees","isPartOf":{"@id":"https:\/\/madridforrefugees.org\/es\/home-2\/#website"},"primaryImageOfPage":{"@id":"https:\/\/madridforrefugees.org\/es\/donate-es\/donar-cooking-solidario-en-casa\/#primaryimage"},"image":{"@id":"https:\/\/madridforrefugees.org\/es\/donate-es\/donar-cooking-solidario-en-casa\/#primaryimage"},"thumbnailUrl":"https:\/\/madridforrefugees.org\/wp-content\/uploads\/2020\/04\/chefsheader-1024x384.jpg","datePublished":"2020-04-25T16:11:51+00:00","dateModified":"2021-02-26T18:33:14+00:00","breadcrumb":{"@id":"https:\/\/madridforrefugees.org\/es\/donate-es\/donar-cooking-solidario-en-casa\/#breadcrumb"},"inLanguage":"es","potentialAction":[{"@type":"ReadAction","target":["https:\/\/madridforrefugees.org\/es\/donate-es\/donar-cooking-solidario-en-casa\/"]}]},{"@type":"ImageObject","inLanguage":"es","@id":"https:\/\/madridforrefugees.org\/es\/donate-es\/donar-cooking-solidario-en-casa\/#primaryimage","url":"https:\/\/madridforrefugees.org\/wp-content\/uploads\/2020\/04\/chefsheader-1024x384.jpg","contentUrl":"https:\/\/madridforrefugees.org\/wp-content\/uploads\/2020\/04\/chefsheader-1024x384.jpg"},{"@type":"BreadcrumbList","@id":"https:\/\/madridforrefugees.org\/es\/donate-es\/donar-cooking-solidario-en-casa\/#breadcrumb","itemListElement":[{"@type":"ListItem","position":1,"name":"Home","item":"https:\/\/madridforrefugees.org\/es\/"},{"@type":"ListItem","position":2,"name":"Donar art\u00edculos","item":"https:\/\/madridforrefugees.org\/es\/donate-es\/"},{"@type":"ListItem","position":3,"name":"Donar: Cooking Solidario en casa"}]},{"@type":"WebSite","@id":"https:\/\/madridforrefugees.org\/es\/home-2\/#website","url":"https:\/\/madridforrefugees.org\/es\/home-2\/","name":"MadridForRefugees","description":"Helping Refugees in Madrid and Abroad","publisher":{"@id":"https:\/\/madridforrefugees.org\/es\/home-2\/#organization"},"potentialAction":[{"@type":"SearchAction","target":{"@type":"EntryPoint","urlTemplate":"https:\/\/madridforrefugees.org\/es\/home-2\/?s={search_term_string}"},"query-input":{"@type":"PropertyValueSpecification","valueRequired":true,"valueName":"search_term_string"}}],"inLanguage":"es"},{"@type":"Organization","@id":"https:\/\/madridforrefugees.org\/es\/home-2\/#organization","name":"Madrid for Refugees","url":"https:\/\/madridforrefugees.org\/es\/home-2\/","logo":{"@type":"ImageObject","inLanguage":"es","@id":"https:\/\/madridforrefugees.org\/es\/home-2\/#\/schema\/logo\/image\/","url":"https:\/\/madridforrefugees.org\/wp-content\/uploads\/2021\/11\/MFR-Logo-Initials-Words.png","contentUrl":"https:\/\/madridforrefugees.org\/wp-content\/uploads\/2021\/11\/MFR-Logo-Initials-Words.png","width":233,"height":83,"caption":"Madrid for Refugees"},"image":{"@id":"https:\/\/madridforrefugees.org\/es\/home-2\/#\/schema\/logo\/image\/"},"sameAs":["https:\/\/www.facebook.com\/Madrid4Refugees\/","https:\/\/x.com\/Madrid4Refugees","https:\/\/www.instagram.com\/weloverefugees\/","https:\/\/www.linkedin.com\/company\/madrid-for-refugees","https:\/\/www.pinterest.com\/weloverefugees\/"]}]}},"jetpack_likes_enabled":true,"jetpack_sharing_enabled":true,"_links":{"self":[{"href":"https:\/\/madridforrefugees.org\/es\/wp-json\/wp\/v2\/pages\/2525","targetHints":{"allow":["GET"]}}],"collection":[{"href":"https:\/\/madridforrefugees.org\/es\/wp-json\/wp\/v2\/pages"}],"about":[{"href":"https:\/\/madridforrefugees.org\/es\/wp-json\/wp\/v2\/types\/page"}],"author":[{"embeddable":true,"href":"https:\/\/madridforrefugees.org\/es\/wp-json\/wp\/v2\/users\/5"}],"replies":[{"embeddable":true,"href":"https:\/\/madridforrefugees.org\/es\/wp-json\/wp\/v2\/comments?post=2525"}],"version-history":[{"count":0,"href":"https:\/\/madridforrefugees.org\/es\/wp-json\/wp\/v2\/pages\/2525\/revisions"}],"up":[{"embeddable":true,"href":"https:\/\/madridforrefugees.org\/es\/wp-json\/wp\/v2\/pages\/1008"}],"wp:attachment":[{"href":"https:\/\/madridforrefugees.org\/es\/wp-json\/wp\/v2\/media?parent=2525"}],"curies":[{"name":"wp","href":"https:\/\/api.w.org\/{rel}","templated":true}]}}