{"id":2576,"date":"2020-10-04T21:49:52","date_gmt":"2020-10-04T19:49:52","guid":{"rendered":"https:\/\/madridforrefugees.org\/?page_id=2576"},"modified":"2020-10-06T01:14:44","modified_gmt":"2020-10-05T23:14:44","slug":"donar-para-un-kit-de-bienvenida-de-mudanza-para-una-familia-de-personas-refugiadas","status":"publish","type":"page","link":"https:\/\/madridforrefugees.org\/es\/donar-para-un-kit-de-bienvenida-de-mudanza-para-una-familia-de-personas-refugiadas\/","title":{"rendered":"Patrocinar un kit de bienvenida de mudanza para una familia de personas refugiadas"},"content":{"rendered":"<h2>Apoyar directamente a una familia de personas refugiadas en Madrid<\/h2>\n<table>\n<td><iframe loading=\"lazy\" style=\"max-width: 500px; min-width: 310px; max-height: none!important;\" src=\"https:\/\/donorbox.org\/embed\/mfrwelcomekitses\" name=\"donorbox\" width=\"100%\" height=\"685px\" frameborder=\"0\" scrolling=\"no\" seamless=\"seamless\"><\/iframe><\/td>\n<td><img loading=\"lazy\" decoding=\"async\" src=\"https:\/\/madridforrefugees.org\/wp-content\/uploads\/2020\/10\/welcomekit2-1024x302.jpg\" alt=\"\" width=\"1024\" height=\"302\" class=\"alignnone size-large wp-image-2581\" srcset=\"https:\/\/madridforrefugees.org\/wp-content\/uploads\/2020\/10\/welcomekit2-1024x302.jpg 1024w, https:\/\/madridforrefugees.org\/wp-content\/uploads\/2020\/10\/welcomekit2-300x88.jpg 300w, https:\/\/madridforrefugees.org\/wp-content\/uploads\/2020\/10\/welcomekit2-768x226.jpg 768w, https:\/\/madridforrefugees.org\/wp-content\/uploads\/2020\/10\/welcomekit2-1536x453.jpg 1536w, https:\/\/madridforrefugees.org\/wp-content\/uploads\/2020\/10\/welcomekit2-2048x604.jpg 2048w, https:\/\/madridforrefugees.org\/wp-content\/uploads\/2020\/10\/welcomekit2-615x181.jpg 615w\" sizes=\"auto, (max-width: 1024px) 100vw, 1024px\" \/><\/p>\n<p>El d\u00eda de la mudanza es estresante bajo cualquier circunstancia, pero es mucho m\u00e1s complicado cuando uno maneja un presupuesto muy ajustado y tiene pocas pertenencias personales. Muchos personas refugiadas salen de los centros de acogida con pocos recursos, los cuales son necesarios para pagar el primer mes de alquiler y otros b\u00e1sicos esenciales como la compra, la luz, y el gas.<\/p>\n<p><strong>Cuando eliges patrocinar una familia con un kit de bienvenida de mudanza, ayudas a que esa familia se encuentre en una posici\u00f3n de mayor estabilidad.<\/strong> Con art\u00edculos del hogar como sabanas, cubiertos, toallas, platos y productos de higiene, la familia tiene los b\u00e1sicos necesarios para establecerse en su nuevo hogar y empezar a construir su nueva vida.  MFR trabaja con una amplia red de agencias de apoyo a personas refugiadas y a solicitantes de asilo. Estos kits est\u00e1n destinados a centros de acogida al refugiado en la ciudad de Madrid y a otros individuos en necesidad de apoyo.<\/p>\n<p><em>\u00abMadrid for Refugees nos permiti\u00f3 un nuevo inicio en la vida. Mis 2 hijos y yo llegamos aqu\u00ed huyendo de la extorsi\u00f3n en nuestro pa\u00eds. Gracias a MFR  y a los donantes logramos tener cosas b\u00e1sicas como ropa, cosas de casa, y de cocina para comenzar aqu\u00ed nuestro futuro. Estaremos siempre agradecidos con todos los que hicieron esto posible!\u00bb &#8211; Andrea (Honduras)<\/em><\/p>\n<p><em>\u00abEmpezar de cero es una situaci\u00f3n muy dura, mucho m\u00e1s cuando no tienes los medios econ\u00f3micos para hacerlo. Con esta ayuda sin duda la carga se hizo m\u00e1s liviana.  Gracias.\u00bb -Maria (Venezuela)<\/em><\/p>\n<p>Usted tambi\u00e9n puede donar con transferencia bancaria.<\/p>\n<p>Madrid for Refugees<br \/>\n<em>* Si realizas una donaci\u00f3n por transferencia bancaria, \u00a1POR FAVOR ponga su direcci\u00f3n de correo electr\u00f3nico en el concepto y \u00abwelcome kit\u00bb para que podamos enviar el recibo de la donaci\u00f3n y un mensaje de agradecimiento!<\/em><br \/>\nIBAN: ES96 0081 0575 7800 0129 5031<br \/>\nBIC: BSABESBB<br \/>\nBank: BANCO DE SABADELL, S.A.<br \/>\nCIF: G87483087<\/p>\n<h2>Donar art\u00edculos<\/h2>\n<p>Adem\u00e1s de las contribuciones financieras, tambi\u00e9n <strong><a href=\"https:\/\/docs.google.com\/forms\/d\/e\/1FAIpQLSfwa0ohxip3dkd_BNgXhDTuWf4XuAG0eZm8cUjH_XaPvT2Klg\/viewform\" target=\"_blank\" rel=\"noopener noreferrer\">pueden donar art\u00edculos f\u00edsicos de mantas, ollas y sartenes<\/a><\/strong> en Madrid. <strong><a href=\"https:\/\/docs.google.com\/forms\/d\/e\/1FAIpQLSfwa0ohxip3dkd_BNgXhDTuWf4XuAG0eZm8cUjH_XaPvT2Klg\/viewform\" target=\"_blank\" rel=\"noopener noreferrer\">Haz clic aqu\u00ed<\/a><\/strong> para donar estos art\u00edculos.<\/td>\n<\/table>\n","protected":false},"excerpt":{"rendered":"<p>Apoyar directamente a una familia de personas refugiadas en Madrid El d\u00eda de la mudanza es estresante bajo cualquier circunstancia, pero es mucho m\u00e1s complicado cuando uno maneja un presupuesto muy ajustado y tiene pocas pertenencias personales. Muchos personas refugiadas salen de los centros de acogida con pocos recursos, los &hellip;<\/p>\n","protected":false},"author":5,"featured_media":0,"parent":0,"menu_order":0,"comment_status":"closed","ping_status":"closed","template":"","meta":{"_monsterinsights_skip_tracking":false,"_monsterinsights_sitenote_active":false,"_monsterinsights_sitenote_note":"","_monsterinsights_sitenote_category":0,"footnotes":""},"class_list":["post-2576","page","type-page","status-publish","hentry"],"yoast_head":"<!-- This site is optimized with the Yoast SEO plugin v25.2 - https:\/\/yoast.com\/wordpress\/plugins\/seo\/ -->\n<title>Patrocinar un kit de bienvenida de mudanza para una familia de personas refugiadas - Madrid For Refugees<\/title>\n<meta name=\"robots\" content=\"index, follow, max-snippet:-1, max-image-preview:large, max-video-preview:-1\" \/>\n<link rel=\"canonical\" href=\"https:\/\/madridforrefugees.org\/es\/donar-para-un-kit-de-bienvenida-de-mudanza-para-una-familia-de-personas-refugiadas\/\" \/>\n<meta property=\"og:locale\" content=\"es_ES\" \/>\n<meta property=\"og:type\" content=\"article\" \/>\n<meta property=\"og:title\" content=\"Patrocinar un kit de bienvenida de mudanza para una familia de personas refugiadas - Madrid For Refugees\" \/>\n<meta property=\"og:description\" content=\"Apoyar directamente a una familia de personas refugiadas en Madrid El d\u00eda de la mudanza es estresante bajo cualquier circunstancia, pero es mucho m\u00e1s complicado cuando uno maneja un presupuesto muy ajustado y tiene pocas pertenencias personales. Muchos personas refugiadas salen de los centros de acogida con pocos recursos, los &hellip;\" \/>\n<meta property=\"og:url\" content=\"https:\/\/madridforrefugees.org\/es\/donar-para-un-kit-de-bienvenida-de-mudanza-para-una-familia-de-personas-refugiadas\/\" \/>\n<meta property=\"og:site_name\" content=\"Madrid For Refugees\" \/>\n<meta property=\"article:publisher\" content=\"https:\/\/www.facebook.com\/Madrid4Refugees\/\" \/>\n<meta property=\"article:modified_time\" content=\"2020-10-05T23:14:44+00:00\" \/>\n<meta property=\"og:image\" content=\"https:\/\/madridforrefugees.org\/wp-content\/uploads\/2020\/10\/welcomekit2-1024x302.jpg\" \/>\n<meta name=\"twitter:card\" content=\"summary_large_image\" \/>\n<meta name=\"twitter:site\" content=\"@Madrid4Refugees\" \/>\n<meta name=\"twitter:label1\" content=\"Tiempo de lectura\" \/>\n\t<meta name=\"twitter:data1\" content=\"2 minutos\" \/>\n<script type=\"application\/ld+json\" class=\"yoast-schema-graph\">{\"@context\":\"https:\/\/schema.org\",\"@graph\":[{\"@type\":\"WebPage\",\"@id\":\"https:\/\/madridforrefugees.org\/es\/donar-para-un-kit-de-bienvenida-de-mudanza-para-una-familia-de-personas-refugiadas\/\",\"url\":\"https:\/\/madridforrefugees.org\/es\/donar-para-un-kit-de-bienvenida-de-mudanza-para-una-familia-de-personas-refugiadas\/\",\"name\":\"Patrocinar un kit de bienvenida de mudanza para una familia de personas refugiadas - Madrid For Refugees\",\"isPartOf\":{\"@id\":\"https:\/\/madridforrefugees.org\/es\/home-2\/#website\"},\"primaryImageOfPage\":{\"@id\":\"https:\/\/madridforrefugees.org\/es\/donar-para-un-kit-de-bienvenida-de-mudanza-para-una-familia-de-personas-refugiadas\/#primaryimage\"},\"image\":{\"@id\":\"https:\/\/madridforrefugees.org\/es\/donar-para-un-kit-de-bienvenida-de-mudanza-para-una-familia-de-personas-refugiadas\/#primaryimage\"},\"thumbnailUrl\":\"https:\/\/madridforrefugees.org\/wp-content\/uploads\/2020\/10\/welcomekit2-1024x302.jpg\",\"datePublished\":\"2020-10-04T19:49:52+00:00\",\"dateModified\":\"2020-10-05T23:14:44+00:00\",\"breadcrumb\":{\"@id\":\"https:\/\/madridforrefugees.org\/es\/donar-para-un-kit-de-bienvenida-de-mudanza-para-una-familia-de-personas-refugiadas\/#breadcrumb\"},\"inLanguage\":\"es\",\"potentialAction\":[{\"@type\":\"ReadAction\",\"target\":[\"https:\/\/madridforrefugees.org\/es\/donar-para-un-kit-de-bienvenida-de-mudanza-para-una-familia-de-personas-refugiadas\/\"]}]},{\"@type\":\"ImageObject\",\"inLanguage\":\"es\",\"@id\":\"https:\/\/madridforrefugees.org\/es\/donar-para-un-kit-de-bienvenida-de-mudanza-para-una-familia-de-personas-refugiadas\/#primaryimage\",\"url\":\"https:\/\/madridforrefugees.org\/wp-content\/uploads\/2020\/10\/welcomekit2-1024x302.jpg\",\"contentUrl\":\"https:\/\/madridforrefugees.org\/wp-content\/uploads\/2020\/10\/welcomekit2-1024x302.jpg\"},{\"@type\":\"BreadcrumbList\",\"@id\":\"https:\/\/madridforrefugees.org\/es\/donar-para-un-kit-de-bienvenida-de-mudanza-para-una-familia-de-personas-refugiadas\/#breadcrumb\",\"itemListElement\":[{\"@type\":\"ListItem\",\"position\":1,\"name\":\"Home\",\"item\":\"https:\/\/madridforrefugees.org\/es\/\"},{\"@type\":\"ListItem\",\"position\":2,\"name\":\"Patrocinar un kit de bienvenida de mudanza para una familia de personas refugiadas\"}]},{\"@type\":\"WebSite\",\"@id\":\"https:\/\/madridforrefugees.org\/es\/home-2\/#website\",\"url\":\"https:\/\/madridforrefugees.org\/es\/home-2\/\",\"name\":\"MadridForRefugees\",\"description\":\"Helping Refugees in Madrid and Abroad\",\"publisher\":{\"@id\":\"https:\/\/madridforrefugees.org\/es\/home-2\/#organization\"},\"potentialAction\":[{\"@type\":\"SearchAction\",\"target\":{\"@type\":\"EntryPoint\",\"urlTemplate\":\"https:\/\/madridforrefugees.org\/es\/home-2\/?s={search_term_string}\"},\"query-input\":{\"@type\":\"PropertyValueSpecification\",\"valueRequired\":true,\"valueName\":\"search_term_string\"}}],\"inLanguage\":\"es\"},{\"@type\":\"Organization\",\"@id\":\"https:\/\/madridforrefugees.org\/es\/home-2\/#organization\",\"name\":\"Madrid for Refugees\",\"url\":\"https:\/\/madridforrefugees.org\/es\/home-2\/\",\"logo\":{\"@type\":\"ImageObject\",\"inLanguage\":\"es\",\"@id\":\"https:\/\/madridforrefugees.org\/es\/home-2\/#\/schema\/logo\/image\/\",\"url\":\"https:\/\/madridforrefugees.org\/wp-content\/uploads\/2021\/11\/MFR-Logo-Initials-Words.png\",\"contentUrl\":\"https:\/\/madridforrefugees.org\/wp-content\/uploads\/2021\/11\/MFR-Logo-Initials-Words.png\",\"width\":233,\"height\":83,\"caption\":\"Madrid for Refugees\"},\"image\":{\"@id\":\"https:\/\/madridforrefugees.org\/es\/home-2\/#\/schema\/logo\/image\/\"},\"sameAs\":[\"https:\/\/www.facebook.com\/Madrid4Refugees\/\",\"https:\/\/x.com\/Madrid4Refugees\",\"https:\/\/www.instagram.com\/weloverefugees\/\",\"https:\/\/www.linkedin.com\/company\/madrid-for-refugees\",\"https:\/\/www.pinterest.com\/weloverefugees\/\"]}]}<\/script>\n<!-- \/ Yoast SEO plugin. -->","yoast_head_json":{"title":"Patrocinar un kit de bienvenida de mudanza para una familia de personas refugiadas - Madrid For Refugees","robots":{"index":"index","follow":"follow","max-snippet":"max-snippet:-1","max-image-preview":"max-image-preview:large","max-video-preview":"max-video-preview:-1"},"canonical":"https:\/\/madridforrefugees.org\/es\/donar-para-un-kit-de-bienvenida-de-mudanza-para-una-familia-de-personas-refugiadas\/","og_locale":"es_ES","og_type":"article","og_title":"Patrocinar un kit de bienvenida de mudanza para una familia de personas refugiadas - Madrid For Refugees","og_description":"Apoyar directamente a una familia de personas refugiadas en Madrid El d\u00eda de la mudanza es estresante bajo cualquier circunstancia, pero es mucho m\u00e1s complicado cuando uno maneja un presupuesto muy ajustado y tiene pocas pertenencias personales. Muchos personas refugiadas salen de los centros de acogida con pocos recursos, los &hellip;","og_url":"https:\/\/madridforrefugees.org\/es\/donar-para-un-kit-de-bienvenida-de-mudanza-para-una-familia-de-personas-refugiadas\/","og_site_name":"Madrid For Refugees","article_publisher":"https:\/\/www.facebook.com\/Madrid4Refugees\/","article_modified_time":"2020-10-05T23:14:44+00:00","og_image":[{"url":"https:\/\/madridforrefugees.org\/wp-content\/uploads\/2020\/10\/welcomekit2-1024x302.jpg","type":"","width":"","height":""}],"twitter_card":"summary_large_image","twitter_site":"@Madrid4Refugees","twitter_misc":{"Tiempo de lectura":"2 minutos"},"schema":{"@context":"https:\/\/schema.org","@graph":[{"@type":"WebPage","@id":"https:\/\/madridforrefugees.org\/es\/donar-para-un-kit-de-bienvenida-de-mudanza-para-una-familia-de-personas-refugiadas\/","url":"https:\/\/madridforrefugees.org\/es\/donar-para-un-kit-de-bienvenida-de-mudanza-para-una-familia-de-personas-refugiadas\/","name":"Patrocinar un kit de bienvenida de mudanza para una familia de personas refugiadas - Madrid For Refugees","isPartOf":{"@id":"https:\/\/madridforrefugees.org\/es\/home-2\/#website"},"primaryImageOfPage":{"@id":"https:\/\/madridforrefugees.org\/es\/donar-para-un-kit-de-bienvenida-de-mudanza-para-una-familia-de-personas-refugiadas\/#primaryimage"},"image":{"@id":"https:\/\/madridforrefugees.org\/es\/donar-para-un-kit-de-bienvenida-de-mudanza-para-una-familia-de-personas-refugiadas\/#primaryimage"},"thumbnailUrl":"https:\/\/madridforrefugees.org\/wp-content\/uploads\/2020\/10\/welcomekit2-1024x302.jpg","datePublished":"2020-10-04T19:49:52+00:00","dateModified":"2020-10-05T23:14:44+00:00","breadcrumb":{"@id":"https:\/\/madridforrefugees.org\/es\/donar-para-un-kit-de-bienvenida-de-mudanza-para-una-familia-de-personas-refugiadas\/#breadcrumb"},"inLanguage":"es","potentialAction":[{"@type":"ReadAction","target":["https:\/\/madridforrefugees.org\/es\/donar-para-un-kit-de-bienvenida-de-mudanza-para-una-familia-de-personas-refugiadas\/"]}]},{"@type":"ImageObject","inLanguage":"es","@id":"https:\/\/madridforrefugees.org\/es\/donar-para-un-kit-de-bienvenida-de-mudanza-para-una-familia-de-personas-refugiadas\/#primaryimage","url":"https:\/\/madridforrefugees.org\/wp-content\/uploads\/2020\/10\/welcomekit2-1024x302.jpg","contentUrl":"https:\/\/madridforrefugees.org\/wp-content\/uploads\/2020\/10\/welcomekit2-1024x302.jpg"},{"@type":"BreadcrumbList","@id":"https:\/\/madridforrefugees.org\/es\/donar-para-un-kit-de-bienvenida-de-mudanza-para-una-familia-de-personas-refugiadas\/#breadcrumb","itemListElement":[{"@type":"ListItem","position":1,"name":"Home","item":"https:\/\/madridforrefugees.org\/es\/"},{"@type":"ListItem","position":2,"name":"Patrocinar un kit de bienvenida de mudanza para una familia de personas refugiadas"}]},{"@type":"WebSite","@id":"https:\/\/madridforrefugees.org\/es\/home-2\/#website","url":"https:\/\/madridforrefugees.org\/es\/home-2\/","name":"MadridForRefugees","description":"Helping Refugees in Madrid and Abroad","publisher":{"@id":"https:\/\/madridforrefugees.org\/es\/home-2\/#organization"},"potentialAction":[{"@type":"SearchAction","target":{"@type":"EntryPoint","urlTemplate":"https:\/\/madridforrefugees.org\/es\/home-2\/?s={search_term_string}"},"query-input":{"@type":"PropertyValueSpecification","valueRequired":true,"valueName":"search_term_string"}}],"inLanguage":"es"},{"@type":"Organization","@id":"https:\/\/madridforrefugees.org\/es\/home-2\/#organization","name":"Madrid for Refugees","url":"https:\/\/madridforrefugees.org\/es\/home-2\/","logo":{"@type":"ImageObject","inLanguage":"es","@id":"https:\/\/madridforrefugees.org\/es\/home-2\/#\/schema\/logo\/image\/","url":"https:\/\/madridforrefugees.org\/wp-content\/uploads\/2021\/11\/MFR-Logo-Initials-Words.png","contentUrl":"https:\/\/madridforrefugees.org\/wp-content\/uploads\/2021\/11\/MFR-Logo-Initials-Words.png","width":233,"height":83,"caption":"Madrid for Refugees"},"image":{"@id":"https:\/\/madridforrefugees.org\/es\/home-2\/#\/schema\/logo\/image\/"},"sameAs":["https:\/\/www.facebook.com\/Madrid4Refugees\/","https:\/\/x.com\/Madrid4Refugees","https:\/\/www.instagram.com\/weloverefugees\/","https:\/\/www.linkedin.com\/company\/madrid-for-refugees","https:\/\/www.pinterest.com\/weloverefugees\/"]}]}},"jetpack_likes_enabled":true,"jetpack_sharing_enabled":true,"_links":{"self":[{"href":"https:\/\/madridforrefugees.org\/es\/wp-json\/wp\/v2\/pages\/2576","targetHints":{"allow":["GET"]}}],"collection":[{"href":"https:\/\/madridforrefugees.org\/es\/wp-json\/wp\/v2\/pages"}],"about":[{"href":"https:\/\/madridforrefugees.org\/es\/wp-json\/wp\/v2\/types\/page"}],"author":[{"embeddable":true,"href":"https:\/\/madridforrefugees.org\/es\/wp-json\/wp\/v2\/users\/5"}],"replies":[{"embeddable":true,"href":"https:\/\/madridforrefugees.org\/es\/wp-json\/wp\/v2\/comments?post=2576"}],"version-history":[{"count":0,"href":"https:\/\/madridforrefugees.org\/es\/wp-json\/wp\/v2\/pages\/2576\/revisions"}],"wp:attachment":[{"href":"https:\/\/madridforrefugees.org\/es\/wp-json\/wp\/v2\/media?parent=2576"}],"curies":[{"name":"wp","href":"https:\/\/api.w.org\/{rel}","templated":true}]}}