{"id":2770,"date":"2021-03-05T18:05:55","date_gmt":"2021-03-05T17:05:55","guid":{"rendered":"https:\/\/madridforrefugees.org\/?page_id=2770"},"modified":"2022-04-22T10:41:42","modified_gmt":"2022-04-22T08:41:42","slug":"curso-de-ingles","status":"publish","type":"page","link":"https:\/\/madridforrefugees.org\/es\/la-organizacion\/curso-de-ingles\/","title":{"rendered":"Curso de ingl\u00e9s &#8211; RefuTeach"},"content":{"rendered":"<p><a href=\"https:\/\/bit.ly\/3uPYpBn\"><strong><img loading=\"lazy\" decoding=\"async\" class=\"alignright size-medium wp-image-3324\" src=\"https:\/\/madridforrefugees.org\/wp-content\/uploads\/2022\/01\/272995329_1846982218842929_8784719014459535644_n-1-300x300.jpg\" alt=\"\" width=\"300\" height=\"300\" srcset=\"https:\/\/madridforrefugees.org\/wp-content\/uploads\/2022\/01\/272995329_1846982218842929_8784719014459535644_n-1-300x300.jpg 300w, https:\/\/madridforrefugees.org\/wp-content\/uploads\/2022\/01\/272995329_1846982218842929_8784719014459535644_n-1-1024x1024.jpg 1024w, https:\/\/madridforrefugees.org\/wp-content\/uploads\/2022\/01\/272995329_1846982218842929_8784719014459535644_n-1-150x150.jpg 150w, https:\/\/madridforrefugees.org\/wp-content\/uploads\/2022\/01\/272995329_1846982218842929_8784719014459535644_n-1-768x768.jpg 768w, https:\/\/madridforrefugees.org\/wp-content\/uploads\/2022\/01\/272995329_1846982218842929_8784719014459535644_n-1-200x200.jpg 200w, https:\/\/madridforrefugees.org\/wp-content\/uploads\/2022\/01\/272995329_1846982218842929_8784719014459535644_n-1.jpg 1440w\" sizes=\"auto, (max-width: 300px) 100vw, 300px\" \/><\/strong><\/a><span style=\"font-weight: 400;\">Madrid For Refugees ofrece a personas refugiadas, solicitantes de asilo y migrantes la oportunidad de tomar clases de ingl\u00e9s gratuitas en grupos reducidos de hasta seis estudiantes con el proyecto de <strong><a href=\"https:\/\/refuteach.com\/\">RefuTeach<\/a><\/strong>. Estas clases son impartidas por voluntarios nativos en ingl\u00e9s. Gracias al tama\u00f1o reducido de las clases, podemos ofrecer clases altamente personalizadas que se centran en desarrollar las habilidades ling\u00fc\u00edsticas pr\u00e1cticas de los estudiantes. Nuestros usuarios saldr\u00e1n del curso de tres meses con m\u00e1s confianza en sus habilidades ling\u00fc\u00edsticas. Valioso para los profesores e invaluables para los estudiantes, estos cursos de ingl\u00e9s son una parte esencial de nuestro trabajo en Madrid For Refugees.<\/span><\/p>\n<p><span style=\"font-weight: 400;\">Los estudiantes est\u00e1n aceptados en el curso a trav\u00e9s de nominaciones de nuestras organizaciones colaboradoras y un proceso de entrevista.<\/span><\/p>\n<p>&nbsp;<\/p>\n<p><a href=\"https:\/\/refuteach.com\/\"><img loading=\"lazy\" decoding=\"async\" class=\"alignnone size-full wp-image-3234\" src=\"https:\/\/madridforrefugees.org\/wp-content\/uploads\/2021\/10\/LOGO-RefuTeach-compacto-200px.png\" alt=\"\" width=\"201\" height=\"128\" \/><\/a><\/p>\n<p><span style=\"font-weight: 400;\"><img loading=\"lazy\" decoding=\"async\" class=\"alignright size-medium wp-image-3479\" src=\"https:\/\/madridforrefugees.org\/wp-content\/uploads\/2022\/04\/2-1-300x300.png\" alt=\"\" width=\"300\" height=\"300\" srcset=\"https:\/\/madridforrefugees.org\/wp-content\/uploads\/2022\/04\/2-1-300x300.png 300w, https:\/\/madridforrefugees.org\/wp-content\/uploads\/2022\/04\/2-1-1024x1024.png 1024w, https:\/\/madridforrefugees.org\/wp-content\/uploads\/2022\/04\/2-1-150x150.png 150w, https:\/\/madridforrefugees.org\/wp-content\/uploads\/2022\/04\/2-1-768x768.png 768w, https:\/\/madridforrefugees.org\/wp-content\/uploads\/2022\/04\/2-1-200x200.png 200w, https:\/\/madridforrefugees.org\/wp-content\/uploads\/2022\/04\/2-1.png 1080w\" sizes=\"auto, (max-width: 300px) 100vw, 300px\" \/>El proyecto <a href=\"https:\/\/refuteach.com\/\">RefuTeach<\/a> nace como una iniciativa interdisciplinar de Investigaci\u00f3n-Acci\u00f3n que busca explorar, desde la pr\u00e1ctica pedag\u00f3gica y el dise\u00f1o de materiales did\u00e1cticos, contextos de aula novedosos y singulares, como son aquellos que acogen a estudiantes que provienen de contextos migratorios (personas refugiadas y solicitantes y beneficiarias de protecci\u00f3n internacional). Asimismo, nuestra propuesta se cifra en cimentar espacios de integridad y empat\u00eda en los procesos de ense\u00f1anza-aprendizaje, ofreciendo herramientas de apoyo intercultural y formaci\u00f3n transversal al docente de estos colectivos. Para ello, hemos comenzado nuestro camino con el dise\u00f1o e implementaci\u00f3n de cursos de idiomas con metodolog\u00eda espec\u00edfica para personas refugiadas, con un enfoque orientado a responder a una sensibilidad y una problem\u00e1tica compleja. Son varios los estudios que apuntan la divergencia estructural que introduce este colectivo en contextos educativos, en particular en relaci\u00f3n con la diversidad de un alumnado axiom\u00e1ticamente plural y heterog\u00e9neo, as\u00ed como referente a las crisis de sentido que las personas refugiadas despliegan sobre el material did\u00e1ctico tradicional de Lengua Extranjera (LE), que se ve sometido a profundos desequilibrios e insolvencias.<\/span><\/p>\n<h3>Equipo de RefuTeach<\/h3>\n<div class=\"tmm tmm_english\"><div class=\"tmm_4_columns tmm_wrap tmm_plugin_f\"><span class=\"tmm_two_containers_tablet\"><\/span><div class=\"tmm_container\"><div class=\"tmm_member\" style=\"border-top:#333333 solid 5px;\"><div class=\"tmm_photo tmm_pic_english_0\" style=\"background: url(https:\/\/madridforrefugees.org\/wp-content\/uploads\/2021\/03\/Dulcinea-Toma\u0301s-Ca\u0301mara.jpg); margin-left: auto; margin-right:auto; background-size:cover !important;\"><\/div><div class=\"tmm_textblock\"><div class=\"tmm_names\"><span class=\"tmm_fname\">Dulcinea <\/span> <span class=\"tmm_lname\">Tom\u00e1s C\u00e1mara, PhD<\/span><\/div><div class=\"tmm_job\">Refuteach Coordinator<\/div><div class=\"tmm_scblock\"><a target=\"_blank\" class=\"tmm_sociallink\" href=\"http:\/\/orcid.org\/0000-0002-9110-9807\" title=\"\"><img decoding=\"async\" alt=\"\" src=\"https:\/\/madridforrefugees.org\/wp-content\/plugins\/team-members\/inc\/img\/links\/website.png\"\/><\/a><\/div><\/div><\/div><div class=\"tmm_member\" style=\"border-top:#333333 solid 5px;\"><div class=\"tmm_photo tmm_pic_english_1\" style=\"background: url(https:\/\/madridforrefugees.org\/wp-content\/uploads\/2021\/03\/Gloria-Chamorro.jpeg); margin-left: auto; margin-right:auto; background-size:cover !important;\"><\/div><div class=\"tmm_textblock\"><div class=\"tmm_names\"><span class=\"tmm_fname\">Gloria<\/span> <span class=\"tmm_lname\">Chamorro, PhD<\/span><\/div><div class=\"tmm_job\">Refuteach Coordinator<\/div><div class=\"tmm_scblock\"><a target=\"_blank\" class=\"tmm_sociallink\" href=\"https:\/\/www.linkedin.com\/in\/gloria-chamorro-phd-9160a711\/\" title=\"\"><img decoding=\"async\" alt=\"\" src=\"https:\/\/madridforrefugees.org\/wp-content\/plugins\/team-members\/inc\/img\/links\/linkedin.png\"\/><\/a><\/div><\/div><\/div><span class=\"tmm_two_containers_tablet\"><\/span><div class=\"tmm_member\" style=\"border-top:#333333 solid 5px;\"><div class=\"tmm_photo tmm_pic_english_2\" style=\"background: url(https:\/\/madridforrefugees.org\/wp-content\/uploads\/2021\/03\/laura.jpeg); margin-left: auto; margin-right:auto; background-size:cover !important;\"><\/div><div class=\"tmm_textblock\"><div class=\"tmm_names\"><span class=\"tmm_fname\">Laura<\/span> <span class=\"tmm_lname\">Turner, PhD Candidate<\/span><\/div><div class=\"tmm_job\">Refuteach Coordinator<\/div><div class=\"tmm_scblock\"><a target=\"_blank\" class=\"tmm_sociallink\" href=\"https:\/\/www.linkedin.com\/in\/laura-turner-27bb8878\/\" title=\"\"><img decoding=\"async\" alt=\"\" src=\"https:\/\/madridforrefugees.org\/wp-content\/plugins\/team-members\/inc\/img\/links\/linkedin.png\"\/><\/a><\/div><\/div><\/div><div class=\"tmm_member\" style=\"border-top:#333333 solid 5px;\"><div class=\"tmm_photo tmm_pic_english_3\" style=\"background: url(https:\/\/madridforrefugees.org\/wp-content\/uploads\/2021\/03\/annabellelafond.jpeg); margin-left: auto; margin-right:auto; background-size:cover !important;\"><\/div><div class=\"tmm_textblock\"><div class=\"tmm_names\"><span class=\"tmm_fname\">Annabelle<\/span> <span class=\"tmm_lname\">LaFond<\/span><\/div><div class=\"tmm_job\">Instructor<\/div><div class=\"tmm_scblock\"><a target=\"_blank\" class=\"tmm_sociallink\" href=\"https:\/\/www.linkedin.com\/in\/annabellelafond\/\" title=\"\"><img decoding=\"async\" alt=\"\" src=\"https:\/\/madridforrefugees.org\/wp-content\/plugins\/team-members\/inc\/img\/links\/linkedin.png\"\/><\/a><\/div><\/div><\/div><span class=\"tmm_two_containers_tablet\"><\/span><\/div><span class=\"tmm_columns_containers_desktop\"><\/span><div class=\"tmm_container\"><div class=\"tmm_member\" style=\"border-top:#333333 solid 5px;\"><div class=\"tmm_photo tmm_pic_english_4\" style=\"background: url(https:\/\/madridforrefugees.org\/wp-content\/uploads\/2021\/03\/hsuarez.jpeg); margin-left: auto; margin-right:auto; background-size:cover !important;\"><\/div><div class=\"tmm_textblock\"><div class=\"tmm_names\"><span class=\"tmm_fname\">Hannah<\/span> <span class=\"tmm_lname\">Suarez<\/span><\/div><div class=\"tmm_job\">Instructor<\/div><div class=\"tmm_scblock\"><a target=\"_blank\" class=\"tmm_sociallink\" href=\"https:\/\/www.linkedin.com\/in\/hannah-suarez-709b48230\" title=\"\"><img decoding=\"async\" alt=\"\" src=\"https:\/\/madridforrefugees.org\/wp-content\/plugins\/team-members\/inc\/img\/links\/linkedin.png\"\/><\/a><\/div><\/div><\/div><div class=\"tmm_member\" style=\"border-top:#333333 solid 5px;\"><div class=\"tmm_photo tmm_pic_english_5\" style=\"background: url(https:\/\/madridforrefugees.org\/wp-content\/uploads\/2021\/03\/christinecarvalho.jpeg); margin-left: auto; margin-right:auto; background-size:cover !important;\"><\/div><div class=\"tmm_textblock\"><div class=\"tmm_names\"><span class=\"tmm_fname\">Christine<\/span> <span class=\"tmm_lname\">Carvalho<\/span><\/div><div class=\"tmm_job\">Instructor<\/div><div class=\"tmm_scblock\"><a target=\"_blank\" class=\"tmm_sociallink\" href=\"https:\/\/www.linkedin.com\/in\/christine-carvalho-8817b5a7\/\" title=\"\"><img decoding=\"async\" alt=\"\" src=\"https:\/\/madridforrefugees.org\/wp-content\/plugins\/team-members\/inc\/img\/links\/linkedin.png\"\/><\/a><\/div><\/div><\/div><span class=\"tmm_two_containers_tablet\"><\/span><div class=\"tmm_member\" style=\"border-top:#333333 solid 5px;\"><div class=\"tmm_photo tmm_pic_english_6\" style=\"background: url(https:\/\/madridforrefugees.org\/wp-content\/uploads\/2021\/03\/luisagraden.jpeg); margin-left: auto; margin-right:auto; background-size:cover !important;\"><\/div><div class=\"tmm_textblock\"><div class=\"tmm_names\"><span class=\"tmm_fname\">Luisa<\/span> <span class=\"tmm_lname\">Graden<\/span><\/div><div class=\"tmm_job\">Instructor<\/div><div class=\"tmm_scblock\"><a target=\"_blank\" class=\"tmm_sociallink\" href=\"https:\/\/www.linkedin.com\/in\/luisa-graden\/\" title=\"\"><img decoding=\"async\" alt=\"\" src=\"https:\/\/madridforrefugees.org\/wp-content\/plugins\/team-members\/inc\/img\/links\/linkedin.png\"\/><\/a><\/div><\/div><\/div><div style=\"clear:both;\"><\/div><\/div><\/div><\/div>\n","protected":false},"excerpt":{"rendered":"<p>Madrid For Refugees ofrece a personas refugiadas, solicitantes de asilo y migrantes la oportunidad de tomar clases de ingl\u00e9s gratuitas en grupos reducidos de hasta seis estudiantes con el proyecto de RefuTeach. Estas clases son impartidas por voluntarios nativos en ingl\u00e9s. Gracias al tama\u00f1o reducido de las clases, podemos ofrecer &hellip;<\/p>\n","protected":false},"author":5,"featured_media":3070,"parent":996,"menu_order":0,"comment_status":"closed","ping_status":"closed","template":"","meta":{"_monsterinsights_skip_tracking":false,"_monsterinsights_sitenote_active":false,"_monsterinsights_sitenote_note":"","_monsterinsights_sitenote_category":0,"footnotes":""},"class_list":["post-2770","page","type-page","status-publish","has-post-thumbnail","hentry"],"yoast_head":"<!-- This site is optimized with the Yoast SEO plugin v25.2 - https:\/\/yoast.com\/wordpress\/plugins\/seo\/ -->\n<title>Curso de ingl\u00e9s - RefuTeach - Madrid For Refugees<\/title>\n<meta name=\"robots\" content=\"index, follow, max-snippet:-1, max-image-preview:large, max-video-preview:-1\" \/>\n<link rel=\"canonical\" href=\"https:\/\/madridforrefugees.org\/es\/la-organizacion\/curso-de-ingles\/\" \/>\n<meta property=\"og:locale\" content=\"es_ES\" \/>\n<meta property=\"og:type\" content=\"article\" \/>\n<meta property=\"og:title\" content=\"Curso de ingl\u00e9s - RefuTeach - Madrid For Refugees\" \/>\n<meta property=\"og:description\" content=\"Madrid For Refugees ofrece a personas refugiadas, solicitantes de asilo y migrantes la oportunidad de tomar clases de ingl\u00e9s gratuitas en grupos reducidos de hasta seis estudiantes con el proyecto de RefuTeach. Estas clases son impartidas por voluntarios nativos en ingl\u00e9s. Gracias al tama\u00f1o reducido de las clases, podemos ofrecer &hellip;\" \/>\n<meta property=\"og:url\" content=\"https:\/\/madridforrefugees.org\/es\/la-organizacion\/curso-de-ingles\/\" \/>\n<meta property=\"og:site_name\" content=\"Madrid For Refugees\" \/>\n<meta property=\"article:publisher\" content=\"https:\/\/www.facebook.com\/Madrid4Refugees\/\" \/>\n<meta property=\"article:modified_time\" content=\"2022-04-22T08:41:42+00:00\" \/>\n<meta property=\"og:image\" content=\"https:\/\/madridforrefugees.org\/wp-content\/uploads\/2021\/05\/mfrclass1-1920x450-1.jpeg\" \/>\n\t<meta property=\"og:image:width\" content=\"1920\" \/>\n\t<meta property=\"og:image:height\" content=\"450\" \/>\n\t<meta property=\"og:image:type\" content=\"image\/jpeg\" \/>\n<meta name=\"twitter:card\" content=\"summary_large_image\" \/>\n<meta name=\"twitter:site\" content=\"@Madrid4Refugees\" \/>\n<meta name=\"twitter:label1\" content=\"Tiempo de lectura\" \/>\n\t<meta name=\"twitter:data1\" content=\"2 minutos\" \/>\n<script type=\"application\/ld+json\" class=\"yoast-schema-graph\">{\"@context\":\"https:\/\/schema.org\",\"@graph\":[{\"@type\":\"WebPage\",\"@id\":\"https:\/\/madridforrefugees.org\/es\/la-organizacion\/curso-de-ingles\/\",\"url\":\"https:\/\/madridforrefugees.org\/es\/la-organizacion\/curso-de-ingles\/\",\"name\":\"Curso de ingl\u00e9s - RefuTeach - Madrid For Refugees\",\"isPartOf\":{\"@id\":\"https:\/\/madridforrefugees.org\/es\/home-2\/#website\"},\"primaryImageOfPage\":{\"@id\":\"https:\/\/madridforrefugees.org\/es\/la-organizacion\/curso-de-ingles\/#primaryimage\"},\"image\":{\"@id\":\"https:\/\/madridforrefugees.org\/es\/la-organizacion\/curso-de-ingles\/#primaryimage\"},\"thumbnailUrl\":\"https:\/\/madridforrefugees.org\/wp-content\/uploads\/2021\/05\/mfrclass1-1920x450-1.jpeg\",\"datePublished\":\"2021-03-05T17:05:55+00:00\",\"dateModified\":\"2022-04-22T08:41:42+00:00\",\"breadcrumb\":{\"@id\":\"https:\/\/madridforrefugees.org\/es\/la-organizacion\/curso-de-ingles\/#breadcrumb\"},\"inLanguage\":\"es\",\"potentialAction\":[{\"@type\":\"ReadAction\",\"target\":[\"https:\/\/madridforrefugees.org\/es\/la-organizacion\/curso-de-ingles\/\"]}]},{\"@type\":\"ImageObject\",\"inLanguage\":\"es\",\"@id\":\"https:\/\/madridforrefugees.org\/es\/la-organizacion\/curso-de-ingles\/#primaryimage\",\"url\":\"https:\/\/madridforrefugees.org\/wp-content\/uploads\/2021\/05\/mfrclass1-1920x450-1.jpeg\",\"contentUrl\":\"https:\/\/madridforrefugees.org\/wp-content\/uploads\/2021\/05\/mfrclass1-1920x450-1.jpeg\",\"width\":1920,\"height\":450},{\"@type\":\"BreadcrumbList\",\"@id\":\"https:\/\/madridforrefugees.org\/es\/la-organizacion\/curso-de-ingles\/#breadcrumb\",\"itemListElement\":[{\"@type\":\"ListItem\",\"position\":1,\"name\":\"Home\",\"item\":\"https:\/\/madridforrefugees.org\/es\/\"},{\"@type\":\"ListItem\",\"position\":2,\"name\":\"Sobre Madrid For Refugees\",\"item\":\"https:\/\/madridforrefugees.org\/es\/la-organizacion\/\"},{\"@type\":\"ListItem\",\"position\":3,\"name\":\"Curso de ingl\u00e9s &#8211; RefuTeach\"}]},{\"@type\":\"WebSite\",\"@id\":\"https:\/\/madridforrefugees.org\/es\/home-2\/#website\",\"url\":\"https:\/\/madridforrefugees.org\/es\/home-2\/\",\"name\":\"MadridForRefugees\",\"description\":\"Helping Refugees in Madrid and Abroad\",\"publisher\":{\"@id\":\"https:\/\/madridforrefugees.org\/es\/home-2\/#organization\"},\"potentialAction\":[{\"@type\":\"SearchAction\",\"target\":{\"@type\":\"EntryPoint\",\"urlTemplate\":\"https:\/\/madridforrefugees.org\/es\/home-2\/?s={search_term_string}\"},\"query-input\":{\"@type\":\"PropertyValueSpecification\",\"valueRequired\":true,\"valueName\":\"search_term_string\"}}],\"inLanguage\":\"es\"},{\"@type\":\"Organization\",\"@id\":\"https:\/\/madridforrefugees.org\/es\/home-2\/#organization\",\"name\":\"Madrid for Refugees\",\"url\":\"https:\/\/madridforrefugees.org\/es\/home-2\/\",\"logo\":{\"@type\":\"ImageObject\",\"inLanguage\":\"es\",\"@id\":\"https:\/\/madridforrefugees.org\/es\/home-2\/#\/schema\/logo\/image\/\",\"url\":\"https:\/\/madridforrefugees.org\/wp-content\/uploads\/2021\/11\/MFR-Logo-Initials-Words.png\",\"contentUrl\":\"https:\/\/madridforrefugees.org\/wp-content\/uploads\/2021\/11\/MFR-Logo-Initials-Words.png\",\"width\":233,\"height\":83,\"caption\":\"Madrid for Refugees\"},\"image\":{\"@id\":\"https:\/\/madridforrefugees.org\/es\/home-2\/#\/schema\/logo\/image\/\"},\"sameAs\":[\"https:\/\/www.facebook.com\/Madrid4Refugees\/\",\"https:\/\/x.com\/Madrid4Refugees\",\"https:\/\/www.instagram.com\/weloverefugees\/\",\"https:\/\/www.linkedin.com\/company\/madrid-for-refugees\",\"https:\/\/www.pinterest.com\/weloverefugees\/\"]}]}<\/script>\n<!-- \/ Yoast SEO plugin. -->","yoast_head_json":{"title":"Curso de ingl\u00e9s - RefuTeach - Madrid For Refugees","robots":{"index":"index","follow":"follow","max-snippet":"max-snippet:-1","max-image-preview":"max-image-preview:large","max-video-preview":"max-video-preview:-1"},"canonical":"https:\/\/madridforrefugees.org\/es\/la-organizacion\/curso-de-ingles\/","og_locale":"es_ES","og_type":"article","og_title":"Curso de ingl\u00e9s - RefuTeach - Madrid For Refugees","og_description":"Madrid For Refugees ofrece a personas refugiadas, solicitantes de asilo y migrantes la oportunidad de tomar clases de ingl\u00e9s gratuitas en grupos reducidos de hasta seis estudiantes con el proyecto de RefuTeach. Estas clases son impartidas por voluntarios nativos en ingl\u00e9s. Gracias al tama\u00f1o reducido de las clases, podemos ofrecer &hellip;","og_url":"https:\/\/madridforrefugees.org\/es\/la-organizacion\/curso-de-ingles\/","og_site_name":"Madrid For Refugees","article_publisher":"https:\/\/www.facebook.com\/Madrid4Refugees\/","article_modified_time":"2022-04-22T08:41:42+00:00","og_image":[{"width":1920,"height":450,"url":"https:\/\/madridforrefugees.org\/wp-content\/uploads\/2021\/05\/mfrclass1-1920x450-1.jpeg","type":"image\/jpeg"}],"twitter_card":"summary_large_image","twitter_site":"@Madrid4Refugees","twitter_misc":{"Tiempo de lectura":"2 minutos"},"schema":{"@context":"https:\/\/schema.org","@graph":[{"@type":"WebPage","@id":"https:\/\/madridforrefugees.org\/es\/la-organizacion\/curso-de-ingles\/","url":"https:\/\/madridforrefugees.org\/es\/la-organizacion\/curso-de-ingles\/","name":"Curso de ingl\u00e9s - RefuTeach - Madrid For Refugees","isPartOf":{"@id":"https:\/\/madridforrefugees.org\/es\/home-2\/#website"},"primaryImageOfPage":{"@id":"https:\/\/madridforrefugees.org\/es\/la-organizacion\/curso-de-ingles\/#primaryimage"},"image":{"@id":"https:\/\/madridforrefugees.org\/es\/la-organizacion\/curso-de-ingles\/#primaryimage"},"thumbnailUrl":"https:\/\/madridforrefugees.org\/wp-content\/uploads\/2021\/05\/mfrclass1-1920x450-1.jpeg","datePublished":"2021-03-05T17:05:55+00:00","dateModified":"2022-04-22T08:41:42+00:00","breadcrumb":{"@id":"https:\/\/madridforrefugees.org\/es\/la-organizacion\/curso-de-ingles\/#breadcrumb"},"inLanguage":"es","potentialAction":[{"@type":"ReadAction","target":["https:\/\/madridforrefugees.org\/es\/la-organizacion\/curso-de-ingles\/"]}]},{"@type":"ImageObject","inLanguage":"es","@id":"https:\/\/madridforrefugees.org\/es\/la-organizacion\/curso-de-ingles\/#primaryimage","url":"https:\/\/madridforrefugees.org\/wp-content\/uploads\/2021\/05\/mfrclass1-1920x450-1.jpeg","contentUrl":"https:\/\/madridforrefugees.org\/wp-content\/uploads\/2021\/05\/mfrclass1-1920x450-1.jpeg","width":1920,"height":450},{"@type":"BreadcrumbList","@id":"https:\/\/madridforrefugees.org\/es\/la-organizacion\/curso-de-ingles\/#breadcrumb","itemListElement":[{"@type":"ListItem","position":1,"name":"Home","item":"https:\/\/madridforrefugees.org\/es\/"},{"@type":"ListItem","position":2,"name":"Sobre Madrid For Refugees","item":"https:\/\/madridforrefugees.org\/es\/la-organizacion\/"},{"@type":"ListItem","position":3,"name":"Curso de ingl\u00e9s &#8211; RefuTeach"}]},{"@type":"WebSite","@id":"https:\/\/madridforrefugees.org\/es\/home-2\/#website","url":"https:\/\/madridforrefugees.org\/es\/home-2\/","name":"MadridForRefugees","description":"Helping Refugees in Madrid and Abroad","publisher":{"@id":"https:\/\/madridforrefugees.org\/es\/home-2\/#organization"},"potentialAction":[{"@type":"SearchAction","target":{"@type":"EntryPoint","urlTemplate":"https:\/\/madridforrefugees.org\/es\/home-2\/?s={search_term_string}"},"query-input":{"@type":"PropertyValueSpecification","valueRequired":true,"valueName":"search_term_string"}}],"inLanguage":"es"},{"@type":"Organization","@id":"https:\/\/madridforrefugees.org\/es\/home-2\/#organization","name":"Madrid for Refugees","url":"https:\/\/madridforrefugees.org\/es\/home-2\/","logo":{"@type":"ImageObject","inLanguage":"es","@id":"https:\/\/madridforrefugees.org\/es\/home-2\/#\/schema\/logo\/image\/","url":"https:\/\/madridforrefugees.org\/wp-content\/uploads\/2021\/11\/MFR-Logo-Initials-Words.png","contentUrl":"https:\/\/madridforrefugees.org\/wp-content\/uploads\/2021\/11\/MFR-Logo-Initials-Words.png","width":233,"height":83,"caption":"Madrid for Refugees"},"image":{"@id":"https:\/\/madridforrefugees.org\/es\/home-2\/#\/schema\/logo\/image\/"},"sameAs":["https:\/\/www.facebook.com\/Madrid4Refugees\/","https:\/\/x.com\/Madrid4Refugees","https:\/\/www.instagram.com\/weloverefugees\/","https:\/\/www.linkedin.com\/company\/madrid-for-refugees","https:\/\/www.pinterest.com\/weloverefugees\/"]}]}},"jetpack_likes_enabled":true,"jetpack_sharing_enabled":true,"_links":{"self":[{"href":"https:\/\/madridforrefugees.org\/es\/wp-json\/wp\/v2\/pages\/2770","targetHints":{"allow":["GET"]}}],"collection":[{"href":"https:\/\/madridforrefugees.org\/es\/wp-json\/wp\/v2\/pages"}],"about":[{"href":"https:\/\/madridforrefugees.org\/es\/wp-json\/wp\/v2\/types\/page"}],"author":[{"embeddable":true,"href":"https:\/\/madridforrefugees.org\/es\/wp-json\/wp\/v2\/users\/5"}],"replies":[{"embeddable":true,"href":"https:\/\/madridforrefugees.org\/es\/wp-json\/wp\/v2\/comments?post=2770"}],"version-history":[{"count":6,"href":"https:\/\/madridforrefugees.org\/es\/wp-json\/wp\/v2\/pages\/2770\/revisions"}],"predecessor-version":[{"id":3493,"href":"https:\/\/madridforrefugees.org\/es\/wp-json\/wp\/v2\/pages\/2770\/revisions\/3493"}],"up":[{"embeddable":true,"href":"https:\/\/madridforrefugees.org\/es\/wp-json\/wp\/v2\/pages\/996"}],"wp:featuredmedia":[{"embeddable":true,"href":"https:\/\/madridforrefugees.org\/es\/wp-json\/wp\/v2\/media\/3070"}],"wp:attachment":[{"href":"https:\/\/madridforrefugees.org\/es\/wp-json\/wp\/v2\/media?parent=2770"}],"curies":[{"name":"wp","href":"https:\/\/api.w.org\/{rel}","templated":true}]}}