{"id":2782,"date":"2021-03-05T18:18:10","date_gmt":"2021-03-05T17:18:10","guid":{"rendered":"https:\/\/madridforrefugees.org\/?page_id=2782"},"modified":"2022-03-14T18:14:44","modified_gmt":"2022-03-14T17:14:44","slug":"alfabetizacion-informatica","status":"publish","type":"page","link":"https:\/\/madridforrefugees.org\/es\/alfabetizacion-informatica\/","title":{"rendered":"Alfabetizaci\u00f3n inform\u00e1tica"},"content":{"rendered":"<p><span style=\"font-weight: 400;\"><a href=\"https:\/\/madridforrefugees.org\/wp-content\/uploads\/2020\/12\/mfrclass2-scaled.jpg\"><img loading=\"lazy\" decoding=\"async\" class=\"alignright size-medium wp-image-2614\" src=\"https:\/\/madridforrefugees.org\/wp-content\/uploads\/2020\/12\/mfrclass2-300x225.jpg\" alt=\"\" width=\"300\" height=\"225\" srcset=\"https:\/\/madridforrefugees.org\/wp-content\/uploads\/2020\/12\/mfrclass2-300x225.jpg 300w, https:\/\/madridforrefugees.org\/wp-content\/uploads\/2020\/12\/mfrclass2-1024x768.jpg 1024w, https:\/\/madridforrefugees.org\/wp-content\/uploads\/2020\/12\/mfrclass2-768x576.jpg 768w, https:\/\/madridforrefugees.org\/wp-content\/uploads\/2020\/12\/mfrclass2-1536x1152.jpg 1536w, https:\/\/madridforrefugees.org\/wp-content\/uploads\/2020\/12\/mfrclass2-2048x1536.jpg 2048w, https:\/\/madridforrefugees.org\/wp-content\/uploads\/2020\/12\/mfrclass2-267x200.jpg 267w\" sizes=\"auto, (max-width: 300px) 100vw, 300px\" \/><\/a>El curso de Madrid For Refugees de alfabetizaci\u00f3n inform\u00e1tica ense\u00f1a habilidades inform\u00e1ticas para la integraci\u00f3n social y la b\u00fasqueda de empleo a personas refugiadas, solicitantes de asilo y migrantes. A lo largo de 12 lecciones, los estudiantes se familiarizan con los conceptos b\u00e1sicos de la inform\u00e1tica, incluido el uso del teclado, la navegaci\u00f3n por Internet, el correo electr\u00f3nico y el espacio de trabajo de Google, a fin de ayudarlos a desarrollar importantes habilidades digitales para el mercado laboral actual. Impartido en espa\u00f1ol por instructores voluntarios, este programa altamente pr\u00e1ctico puede desarrollar en un curso m\u00e1s avanzado para estudiantes interesados, que cubre el uso de Office y Excel y t\u00e9cnicas de b\u00fasqueda de empleo. Al finalizar, los estudiantes se marchan con habilidades cruciales para mantenerse al d\u00eda con nuestro mundo digital, as\u00ed como un certificado de finalizaci\u00f3n.<\/span><\/p>\n<p><span style=\"font-weight: 400;\">Los estudiantes est\u00e1n aceptados en el curso a trav\u00e9s de nominaciones de nuestras organizaciones colaboradoras y un proceso de entrevista.<\/span><\/p>\n<p><a href=\"https:\/\/drive.google.com\/file\/d\/10cb6fVZAeberRSv_DX8YY3LVYKTEUv_2\/view?usp=sharing\" target=\"_blank\" rel=\"noopener noreferrer\"><strong>More information<\/strong><\/a><\/p>\n<p>&nbsp;<\/p>\n<h3>Equipo del curso de alfabetizaci\u00f3n inform\u00e1tica<\/h3>\n<div class=\"tmm tmm_digital-literacy\"><div class=\"tmm_4_columns tmm_wrap tmm_plugin_f\"><span class=\"tmm_two_containers_tablet\"><\/span><div class=\"tmm_container\"><div class=\"tmm_member\" style=\"border-top:#333333 solid 5px;\"><div class=\"tmm_photo tmm_pic_digital-literacy_0\" style=\"background: url(https:\/\/madridforrefugees.org\/wp-content\/uploads\/2021\/03\/Hugo.jpeg); margin-left: auto; margin-right:auto; background-size:cover !important;\"><\/div><div class=\"tmm_textblock\"><div class=\"tmm_names\"><span class=\"tmm_fname\">Hugo<\/span> <span class=\"tmm_lname\">Jovel<\/span><\/div><div class=\"tmm_job\">Advisor<\/div><div class=\"tmm_scblock\"><a target=\"_blank\" class=\"tmm_sociallink\" href=\"https:\/\/www.linkedin.com\/in\/hejovel\" title=\"\"><img decoding=\"async\" alt=\"\" src=\"https:\/\/madridforrefugees.org\/wp-content\/plugins\/team-members\/inc\/img\/links\/linkedin.png\"\/><\/a><\/div><\/div><\/div><div class=\"tmm_member\" style=\"border-top:#333333 solid 5px;\"><div class=\"tmm_photo tmm_pic_digital-literacy_1\" style=\"background: url(https:\/\/madridforrefugees.org\/wp-content\/uploads\/2021\/03\/Katherine.jpeg); margin-left: auto; margin-right:auto; background-size:cover !important;\"><\/div><div class=\"tmm_textblock\"><div class=\"tmm_names\"><span class=\"tmm_fname\">Katherine<\/span> <span class=\"tmm_lname\">Smith<\/span><\/div><div class=\"tmm_job\">Digital Literacy Teacher<\/div><div class=\"tmm_scblock\"><a target=\"_blank\" class=\"tmm_sociallink\" href=\"https:\/\/www.linkedin.com\/in\/katherine-smith-1934349b\/\" title=\"\"><img decoding=\"async\" alt=\"\" src=\"https:\/\/madridforrefugees.org\/wp-content\/plugins\/team-members\/inc\/img\/links\/linkedin.png\"\/><\/a><\/div><\/div><\/div><span class=\"tmm_two_containers_tablet\"><\/span><div class=\"tmm_member\" style=\"border-top:#333333 solid 5px;\"><div class=\"tmm_photo tmm_pic_digital-literacy_2\" style=\"background: url(https:\/\/madridforrefugees.org\/wp-content\/uploads\/2021\/03\/Halan-Hawizy.jpeg); margin-left: auto; margin-right:auto; background-size:cover !important;\"><\/div><div class=\"tmm_textblock\"><div class=\"tmm_names\"><span class=\"tmm_fname\">Halan<\/span> <span class=\"tmm_lname\">Hawizy<\/span><\/div><div class=\"tmm_job\">Digital Literacy Teacher<\/div><div class=\"tmm_scblock\"><a target=\"_blank\" class=\"tmm_sociallink\" href=\"https:\/\/www.linkedin.com\/in\/halan-hawizy-08a0985a\/\" title=\"\"><img decoding=\"async\" alt=\"\" src=\"https:\/\/madridforrefugees.org\/wp-content\/plugins\/team-members\/inc\/img\/links\/linkedin.png\"\/><\/a><\/div><\/div><\/div><div style=\"clear:both;\"><\/div><\/div><\/div><\/div>\n","protected":false},"excerpt":{"rendered":"<p>El curso de Madrid For Refugees de alfabetizaci\u00f3n inform\u00e1tica ense\u00f1a habilidades inform\u00e1ticas para la integraci\u00f3n social y la b\u00fasqueda de empleo a personas refugiadas, solicitantes de asilo y migrantes. A lo largo de 12 lecciones, los estudiantes se familiarizan con los conceptos b\u00e1sicos de la inform\u00e1tica, incluido el uso del &hellip;<\/p>\n","protected":false},"author":5,"featured_media":3066,"parent":0,"menu_order":0,"comment_status":"closed","ping_status":"closed","template":"","meta":{"_monsterinsights_skip_tracking":false,"_monsterinsights_sitenote_active":false,"_monsterinsights_sitenote_note":"","_monsterinsights_sitenote_category":0,"footnotes":""},"class_list":["post-2782","page","type-page","status-publish","has-post-thumbnail","hentry"],"yoast_head":"<!-- This site is optimized with the Yoast SEO plugin v25.2 - https:\/\/yoast.com\/wordpress\/plugins\/seo\/ -->\n<title>Alfabetizaci\u00f3n inform\u00e1tica - Madrid For Refugees<\/title>\n<meta name=\"robots\" content=\"index, follow, max-snippet:-1, max-image-preview:large, max-video-preview:-1\" \/>\n<link rel=\"canonical\" href=\"https:\/\/madridforrefugees.org\/es\/alfabetizacion-informatica\/\" \/>\n<meta property=\"og:locale\" content=\"es_ES\" \/>\n<meta property=\"og:type\" content=\"article\" \/>\n<meta property=\"og:title\" content=\"Alfabetizaci\u00f3n inform\u00e1tica - Madrid For Refugees\" \/>\n<meta property=\"og:description\" content=\"El curso de Madrid For Refugees de alfabetizaci\u00f3n inform\u00e1tica ense\u00f1a habilidades inform\u00e1ticas para la integraci\u00f3n social y la b\u00fasqueda de empleo a personas refugiadas, solicitantes de asilo y migrantes. A lo largo de 12 lecciones, los estudiantes se familiarizan con los conceptos b\u00e1sicos de la inform\u00e1tica, incluido el uso del &hellip;\" \/>\n<meta property=\"og:url\" content=\"https:\/\/madridforrefugees.org\/es\/alfabetizacion-informatica\/\" \/>\n<meta property=\"og:site_name\" content=\"Madrid For Refugees\" \/>\n<meta property=\"article:publisher\" content=\"https:\/\/www.facebook.com\/Madrid4Refugees\/\" \/>\n<meta property=\"article:modified_time\" content=\"2022-03-14T17:14:44+00:00\" \/>\n<meta property=\"og:image\" content=\"https:\/\/madridforrefugees.org\/wp-content\/uploads\/2021\/05\/croppmfrclass2-1920x450-1.jpeg\" \/>\n\t<meta property=\"og:image:width\" content=\"1920\" \/>\n\t<meta property=\"og:image:height\" content=\"450\" \/>\n\t<meta property=\"og:image:type\" content=\"image\/jpeg\" \/>\n<meta name=\"twitter:card\" content=\"summary_large_image\" \/>\n<meta name=\"twitter:site\" content=\"@Madrid4Refugees\" \/>\n<meta name=\"twitter:label1\" content=\"Tiempo de lectura\" \/>\n\t<meta name=\"twitter:data1\" content=\"1 minuto\" \/>\n<script type=\"application\/ld+json\" class=\"yoast-schema-graph\">{\"@context\":\"https:\/\/schema.org\",\"@graph\":[{\"@type\":\"WebPage\",\"@id\":\"https:\/\/madridforrefugees.org\/es\/alfabetizacion-informatica\/\",\"url\":\"https:\/\/madridforrefugees.org\/es\/alfabetizacion-informatica\/\",\"name\":\"Alfabetizaci\u00f3n inform\u00e1tica - Madrid For Refugees\",\"isPartOf\":{\"@id\":\"https:\/\/madridforrefugees.org\/es\/home-2\/#website\"},\"primaryImageOfPage\":{\"@id\":\"https:\/\/madridforrefugees.org\/es\/alfabetizacion-informatica\/#primaryimage\"},\"image\":{\"@id\":\"https:\/\/madridforrefugees.org\/es\/alfabetizacion-informatica\/#primaryimage\"},\"thumbnailUrl\":\"https:\/\/madridforrefugees.org\/wp-content\/uploads\/2021\/05\/croppmfrclass2-1920x450-1.jpeg\",\"datePublished\":\"2021-03-05T17:18:10+00:00\",\"dateModified\":\"2022-03-14T17:14:44+00:00\",\"breadcrumb\":{\"@id\":\"https:\/\/madridforrefugees.org\/es\/alfabetizacion-informatica\/#breadcrumb\"},\"inLanguage\":\"es\",\"potentialAction\":[{\"@type\":\"ReadAction\",\"target\":[\"https:\/\/madridforrefugees.org\/es\/alfabetizacion-informatica\/\"]}]},{\"@type\":\"ImageObject\",\"inLanguage\":\"es\",\"@id\":\"https:\/\/madridforrefugees.org\/es\/alfabetizacion-informatica\/#primaryimage\",\"url\":\"https:\/\/madridforrefugees.org\/wp-content\/uploads\/2021\/05\/croppmfrclass2-1920x450-1.jpeg\",\"contentUrl\":\"https:\/\/madridforrefugees.org\/wp-content\/uploads\/2021\/05\/croppmfrclass2-1920x450-1.jpeg\",\"width\":1920,\"height\":450},{\"@type\":\"BreadcrumbList\",\"@id\":\"https:\/\/madridforrefugees.org\/es\/alfabetizacion-informatica\/#breadcrumb\",\"itemListElement\":[{\"@type\":\"ListItem\",\"position\":1,\"name\":\"Home\",\"item\":\"https:\/\/madridforrefugees.org\/es\/\"},{\"@type\":\"ListItem\",\"position\":2,\"name\":\"Alfabetizaci\u00f3n inform\u00e1tica\"}]},{\"@type\":\"WebSite\",\"@id\":\"https:\/\/madridforrefugees.org\/es\/home-2\/#website\",\"url\":\"https:\/\/madridforrefugees.org\/es\/home-2\/\",\"name\":\"MadridForRefugees\",\"description\":\"Helping Refugees in Madrid and Abroad\",\"publisher\":{\"@id\":\"https:\/\/madridforrefugees.org\/es\/home-2\/#organization\"},\"potentialAction\":[{\"@type\":\"SearchAction\",\"target\":{\"@type\":\"EntryPoint\",\"urlTemplate\":\"https:\/\/madridforrefugees.org\/es\/home-2\/?s={search_term_string}\"},\"query-input\":{\"@type\":\"PropertyValueSpecification\",\"valueRequired\":true,\"valueName\":\"search_term_string\"}}],\"inLanguage\":\"es\"},{\"@type\":\"Organization\",\"@id\":\"https:\/\/madridforrefugees.org\/es\/home-2\/#organization\",\"name\":\"Madrid for Refugees\",\"url\":\"https:\/\/madridforrefugees.org\/es\/home-2\/\",\"logo\":{\"@type\":\"ImageObject\",\"inLanguage\":\"es\",\"@id\":\"https:\/\/madridforrefugees.org\/es\/home-2\/#\/schema\/logo\/image\/\",\"url\":\"https:\/\/madridforrefugees.org\/wp-content\/uploads\/2021\/11\/MFR-Logo-Initials-Words.png\",\"contentUrl\":\"https:\/\/madridforrefugees.org\/wp-content\/uploads\/2021\/11\/MFR-Logo-Initials-Words.png\",\"width\":233,\"height\":83,\"caption\":\"Madrid for Refugees\"},\"image\":{\"@id\":\"https:\/\/madridforrefugees.org\/es\/home-2\/#\/schema\/logo\/image\/\"},\"sameAs\":[\"https:\/\/www.facebook.com\/Madrid4Refugees\/\",\"https:\/\/x.com\/Madrid4Refugees\",\"https:\/\/www.instagram.com\/weloverefugees\/\",\"https:\/\/www.linkedin.com\/company\/madrid-for-refugees\",\"https:\/\/www.pinterest.com\/weloverefugees\/\"]}]}<\/script>\n<!-- \/ Yoast SEO plugin. -->","yoast_head_json":{"title":"Alfabetizaci\u00f3n inform\u00e1tica - Madrid For Refugees","robots":{"index":"index","follow":"follow","max-snippet":"max-snippet:-1","max-image-preview":"max-image-preview:large","max-video-preview":"max-video-preview:-1"},"canonical":"https:\/\/madridforrefugees.org\/es\/alfabetizacion-informatica\/","og_locale":"es_ES","og_type":"article","og_title":"Alfabetizaci\u00f3n inform\u00e1tica - Madrid For Refugees","og_description":"El curso de Madrid For Refugees de alfabetizaci\u00f3n inform\u00e1tica ense\u00f1a habilidades inform\u00e1ticas para la integraci\u00f3n social y la b\u00fasqueda de empleo a personas refugiadas, solicitantes de asilo y migrantes. A lo largo de 12 lecciones, los estudiantes se familiarizan con los conceptos b\u00e1sicos de la inform\u00e1tica, incluido el uso del &hellip;","og_url":"https:\/\/madridforrefugees.org\/es\/alfabetizacion-informatica\/","og_site_name":"Madrid For Refugees","article_publisher":"https:\/\/www.facebook.com\/Madrid4Refugees\/","article_modified_time":"2022-03-14T17:14:44+00:00","og_image":[{"width":1920,"height":450,"url":"https:\/\/madridforrefugees.org\/wp-content\/uploads\/2021\/05\/croppmfrclass2-1920x450-1.jpeg","type":"image\/jpeg"}],"twitter_card":"summary_large_image","twitter_site":"@Madrid4Refugees","twitter_misc":{"Tiempo de lectura":"1 minuto"},"schema":{"@context":"https:\/\/schema.org","@graph":[{"@type":"WebPage","@id":"https:\/\/madridforrefugees.org\/es\/alfabetizacion-informatica\/","url":"https:\/\/madridforrefugees.org\/es\/alfabetizacion-informatica\/","name":"Alfabetizaci\u00f3n inform\u00e1tica - Madrid For Refugees","isPartOf":{"@id":"https:\/\/madridforrefugees.org\/es\/home-2\/#website"},"primaryImageOfPage":{"@id":"https:\/\/madridforrefugees.org\/es\/alfabetizacion-informatica\/#primaryimage"},"image":{"@id":"https:\/\/madridforrefugees.org\/es\/alfabetizacion-informatica\/#primaryimage"},"thumbnailUrl":"https:\/\/madridforrefugees.org\/wp-content\/uploads\/2021\/05\/croppmfrclass2-1920x450-1.jpeg","datePublished":"2021-03-05T17:18:10+00:00","dateModified":"2022-03-14T17:14:44+00:00","breadcrumb":{"@id":"https:\/\/madridforrefugees.org\/es\/alfabetizacion-informatica\/#breadcrumb"},"inLanguage":"es","potentialAction":[{"@type":"ReadAction","target":["https:\/\/madridforrefugees.org\/es\/alfabetizacion-informatica\/"]}]},{"@type":"ImageObject","inLanguage":"es","@id":"https:\/\/madridforrefugees.org\/es\/alfabetizacion-informatica\/#primaryimage","url":"https:\/\/madridforrefugees.org\/wp-content\/uploads\/2021\/05\/croppmfrclass2-1920x450-1.jpeg","contentUrl":"https:\/\/madridforrefugees.org\/wp-content\/uploads\/2021\/05\/croppmfrclass2-1920x450-1.jpeg","width":1920,"height":450},{"@type":"BreadcrumbList","@id":"https:\/\/madridforrefugees.org\/es\/alfabetizacion-informatica\/#breadcrumb","itemListElement":[{"@type":"ListItem","position":1,"name":"Home","item":"https:\/\/madridforrefugees.org\/es\/"},{"@type":"ListItem","position":2,"name":"Alfabetizaci\u00f3n inform\u00e1tica"}]},{"@type":"WebSite","@id":"https:\/\/madridforrefugees.org\/es\/home-2\/#website","url":"https:\/\/madridforrefugees.org\/es\/home-2\/","name":"MadridForRefugees","description":"Helping Refugees in Madrid and Abroad","publisher":{"@id":"https:\/\/madridforrefugees.org\/es\/home-2\/#organization"},"potentialAction":[{"@type":"SearchAction","target":{"@type":"EntryPoint","urlTemplate":"https:\/\/madridforrefugees.org\/es\/home-2\/?s={search_term_string}"},"query-input":{"@type":"PropertyValueSpecification","valueRequired":true,"valueName":"search_term_string"}}],"inLanguage":"es"},{"@type":"Organization","@id":"https:\/\/madridforrefugees.org\/es\/home-2\/#organization","name":"Madrid for Refugees","url":"https:\/\/madridforrefugees.org\/es\/home-2\/","logo":{"@type":"ImageObject","inLanguage":"es","@id":"https:\/\/madridforrefugees.org\/es\/home-2\/#\/schema\/logo\/image\/","url":"https:\/\/madridforrefugees.org\/wp-content\/uploads\/2021\/11\/MFR-Logo-Initials-Words.png","contentUrl":"https:\/\/madridforrefugees.org\/wp-content\/uploads\/2021\/11\/MFR-Logo-Initials-Words.png","width":233,"height":83,"caption":"Madrid for Refugees"},"image":{"@id":"https:\/\/madridforrefugees.org\/es\/home-2\/#\/schema\/logo\/image\/"},"sameAs":["https:\/\/www.facebook.com\/Madrid4Refugees\/","https:\/\/x.com\/Madrid4Refugees","https:\/\/www.instagram.com\/weloverefugees\/","https:\/\/www.linkedin.com\/company\/madrid-for-refugees","https:\/\/www.pinterest.com\/weloverefugees\/"]}]}},"jetpack_likes_enabled":true,"jetpack_sharing_enabled":true,"_links":{"self":[{"href":"https:\/\/madridforrefugees.org\/es\/wp-json\/wp\/v2\/pages\/2782","targetHints":{"allow":["GET"]}}],"collection":[{"href":"https:\/\/madridforrefugees.org\/es\/wp-json\/wp\/v2\/pages"}],"about":[{"href":"https:\/\/madridforrefugees.org\/es\/wp-json\/wp\/v2\/types\/page"}],"author":[{"embeddable":true,"href":"https:\/\/madridforrefugees.org\/es\/wp-json\/wp\/v2\/users\/5"}],"replies":[{"embeddable":true,"href":"https:\/\/madridforrefugees.org\/es\/wp-json\/wp\/v2\/comments?post=2782"}],"version-history":[{"count":1,"href":"https:\/\/madridforrefugees.org\/es\/wp-json\/wp\/v2\/pages\/2782\/revisions"}],"predecessor-version":[{"id":3415,"href":"https:\/\/madridforrefugees.org\/es\/wp-json\/wp\/v2\/pages\/2782\/revisions\/3415"}],"wp:featuredmedia":[{"embeddable":true,"href":"https:\/\/madridforrefugees.org\/es\/wp-json\/wp\/v2\/media\/3066"}],"wp:attachment":[{"href":"https:\/\/madridforrefugees.org\/es\/wp-json\/wp\/v2\/media?parent=2782"}],"curies":[{"name":"wp","href":"https:\/\/api.w.org\/{rel}","templated":true}]}}