{"id":2899,"date":"2021-03-29T18:22:33","date_gmt":"2021-03-29T16:22:33","guid":{"rendered":"https:\/\/madridforrefugees.org\/?page_id=2899"},"modified":"2022-04-21T13:50:35","modified_gmt":"2022-04-21T11:50:35","slug":"empleo-y-apoyo-laboral","status":"publish","type":"page","link":"https:\/\/madridforrefugees.org\/es\/la-organizacion\/empleo-y-apoyo-laboral\/","title":{"rendered":"Empleo y apoyo laboral"},"content":{"rendered":"<h3><span style=\"font-weight: 400;\"><img loading=\"lazy\" decoding=\"async\" class=\"alignright size-medium wp-image-3088\" src=\"https:\/\/madridforrefugees.org\/wp-content\/uploads\/2021\/05\/Taller_de_empleo-4-1-300x200.jpg\" alt=\"\" width=\"300\" height=\"200\" srcset=\"https:\/\/madridforrefugees.org\/wp-content\/uploads\/2021\/05\/Taller_de_empleo-4-1-300x200.jpg 300w, https:\/\/madridforrefugees.org\/wp-content\/uploads\/2021\/05\/Taller_de_empleo-4-1-1024x683.jpg 1024w, https:\/\/madridforrefugees.org\/wp-content\/uploads\/2021\/05\/Taller_de_empleo-4-1-768x512.jpg 768w, https:\/\/madridforrefugees.org\/wp-content\/uploads\/2021\/05\/Taller_de_empleo-4-1-1536x1024.jpg 1536w, https:\/\/madridforrefugees.org\/wp-content\/uploads\/2021\/05\/Taller_de_empleo-4-1-2048x1365.jpg 2048w\" sizes=\"auto, (max-width: 300px) 100vw, 300px\" \/><\/span>Apoyo laboral<\/h3>\n<p><span style=\"font-weight: 400;\">Encontrar un empleo es uno de los mayores desaf\u00edos al que se enfrentan las personas refugiadas en cualquier pa\u00eds del mundo. Por nuestra parte, el equipo de empleo y apoyo laboral de MFR se dedica a ayudar a las personas refugiadas que viven en Madrid a afrontar de la manera m\u00e1s satisfactoria este desaf\u00edo, para recuperar lo antes posible su vida normal y la de su familia. Esta tarea la desarrollamos cubriendo diferentes necesidades, desde como pueden mejorar el curr\u00edculum hasta proporcionarles informaci\u00f3n sobre la capacitaci\u00f3n y la formaci\u00f3n necesaria para conectarlos con los empleadores interesados.\u00a0<\/span><\/p>\n<p><span style=\"font-weight: 400;\">Para recibir esta ayuda, nos ponemos en contacto con las personas refugiadas personalmente o a trav\u00e9s de Internet, evaluando cuidadosamente las necesidades de cada uno para proporcionar el mejor apoyo para cada caso diferente.\u00a0<\/span><\/p>\n<p><span style=\"font-weight: 400;\">Si eres una persona refugiada y deseas la ayuda del equipo de trabajo de MFR en la b\u00fasqueda de empleo, o simplemente est\u00e1s interesado en participar en nuestras actividades, si eres tan amable rellena el cuestionario para que podamos ponernos en contacto contigo lo antes posible.\u00a0<\/span><\/p>\n<ul>\n<li class=\"p3\"><span class=\"s1\"><a href=\"https:\/\/goo.gl\/forms\/bac20gk9t8PZc5X33\">Questionnaire for refugees<\/a><\/span><span class=\"s4\"> (English)\u00a0<\/span><\/li>\n<li class=\"p3\"><a href=\"https:\/\/goo.gl\/forms\/BxtfaHqwwpyiuMpD3\">Cuestionario para refugiados<\/a><span class=\"s4\"> (Espa\u00f1ol)<\/span><\/li>\n<li class=\"p3\">(\u0627\u0633\u062a\u0628\u064a\u0627\u0646 \u0628\u0627\u0644\u0646\u0633\u0628\u0629 \u0644\u0644\u0627\u062c\u0626\u064a\u0646 (\u00a0<a href=\"https:\/\/goo.gl\/forms\/ZyqBH6IkFBsbrW5P2\"><span class=\"s5\">\u0627\u0644\u0639\u0631\u0628\u064a\u0629<\/span><\/a><\/li>\n<li class=\"p3\"><a href=\"https:\/\/goo.gl\/forms\/GNxdxqEWkH2mPB5h2\">Questionnaire pour les r\u00e9fugi\u00e9s<\/a><span class=\"s4\"> (Fran\u00e7aise)\u00a0<\/span><\/li>\n<li class=\"p3\"><a href=\"https:\/\/goo.gl\/forms\/Ecyyy2A3NZEplEIS2\">\u0410\u043d\u043a\u0435\u0442\u0430 \u0434\u043b\u044f \u0431\u0456\u0436\u0435\u043d\u0446\u0456\u0432\u00a0<\/a><span class=\"s4\">(\u0443\u043a\u0440\u0430\u0457\u043d\u0435\u0446\u044c)\u00a0<\/span><\/li>\n<\/ul>\n<hr \/>\n<h3>Contrataci\u00f3n de personas refugiadas<\/h3>\n<p class=\"p1\"><span class=\"s1\">Contamos con una base de datos con empleadores calificados en b\u00fasqueda activa de empleo que adem\u00e1s de poseer una amplia gama de habilidades laborales, Hablan varios idiomas. Estas personas vienen de diferentes partes del mundo y han pasado por dificultades extremas para llegar a nuestra ciudad; Ahora, ellos est\u00e1n ansiosos por comenzar una vida y conseguir una estabilidad laboral y econ\u00f3mica en Madrid.<\/span><\/p>\n<p class=\"p1\"><span class=\"s1\">Si posees tu propio negocio o eres un trabajador interesado en alguna de las solicitudes de trabajo de los refugiados, rellena el siguiente cuestionario para que podamos evaluar el mejor candidato, disponible en nuestra base de datos, para la posici\u00f3n requerida en su empresa.<\/span><\/p>\n<ul>\n<li class=\"p1\"><span class=\"s1\"><a href=\"https:\/\/goo.gl\/forms\/oiyHYCW7P5gV7ofq1\">Questionnaire for businesses<\/a><\/span><span class=\"s4\"> (English)<\/span><\/li>\n<li class=\"p1\"><a href=\"https:\/\/goo.gl\/forms\/oq3aTIWUH7X6xgen2\">Cuestionario para empresas<\/a><span class=\"s4\">\u00a0(espa\u00f1ol)\u00a0<\/span><\/li>\n<\/ul>\n<p class=\"p4\"><span class=\"s2\">Para otro tipo de consultas, sugerencias o oportunidades de trabajo, escr\u00edbanos a\u00a0<a href=\"mailto:jobs@madridforrefugees.org\"><span class=\"s5\">jobs@madridforrefugees.org<\/span><\/a>.<\/span><\/p>\n<hr \/>\n<p>&nbsp;<\/p>\n<h3>Equipo de empleo y apoyo laboral<\/h3>\n<div class=\"tmm tmm_jobs\"><div class=\"tmm_4_columns tmm_wrap tmm_plugin_f\"><span class=\"tmm_two_containers_tablet\"><\/span><div class=\"tmm_container\"><div class=\"tmm_member\" style=\"border-top:#333333 solid 5px;\"><div class=\"tmm_photo tmm_pic_jobs_0\" style=\"background: url(https:\/\/madridforrefugees.org\/wp-content\/uploads\/2021\/03\/Martin-Bounds.jpeg); margin-left: auto; margin-right:auto; background-size:cover !important;\"><\/div><div class=\"tmm_textblock\"><div class=\"tmm_names\"><span class=\"tmm_fname\">Martin<\/span> <span class=\"tmm_lname\">Bounds<\/span><\/div><div class=\"tmm_job\">Employment Support Coordinator<\/div><div class=\"tmm_scblock\"><a target=\"_blank\" class=\"tmm_sociallink\" href=\"https:\/\/www.linkedin.com\/in\/martin-bounds-97978070\/\" title=\"\"><img decoding=\"async\" alt=\"\" src=\"https:\/\/madridforrefugees.org\/wp-content\/plugins\/team-members\/inc\/img\/links\/linkedin.png\"\/><\/a><\/div><\/div><\/div><div class=\"tmm_member\" style=\"border-top:#333333 solid 5px;\"><div class=\"tmm_photo tmm_pic_jobs_1\" style=\"background: url(https:\/\/madridforrefugees.org\/wp-content\/uploads\/2021\/03\/mar-scaled.jpg); margin-left: auto; margin-right:auto; background-size:cover !important;\"><\/div><div class=\"tmm_textblock\"><div class=\"tmm_names\"><span class=\"tmm_fname\">Mar<\/span> <span class=\"tmm_lname\">Garv\u00eda<\/span><\/div><div class=\"tmm_job\">Social worker &amp; employment workshop facilitator<\/div><div class=\"tmm_scblock\"><a target=\"_blank\" class=\"tmm_sociallink\" href=\"https:\/\/www.linkedin.com\/in\/mar-garvia-mingo-203244161\/\" title=\"\"><img decoding=\"async\" alt=\"\" src=\"https:\/\/madridforrefugees.org\/wp-content\/plugins\/team-members\/inc\/img\/links\/linkedin.png\"\/><\/a><\/div><\/div><\/div><span class=\"tmm_two_containers_tablet\"><\/span><div class=\"tmm_member\" style=\"border-top:#333333 solid 5px;\"><div class=\"tmm_photo tmm_pic_jobs_2\" style=\"background: url(https:\/\/madridforrefugees.org\/wp-content\/uploads\/2021\/03\/Chaimae-Boudadi-Ouazen.jpeg); margin-left: auto; margin-right:auto; background-size:cover !important;\"><\/div><div class=\"tmm_textblock\"><div class=\"tmm_names\"><span class=\"tmm_fname\">Chaimae <\/span> <span class=\"tmm_lname\">Boudadi Ouazen<\/span><\/div><div class=\"tmm_job\">HR guidance &amp; workshop facilitator<\/div><div class=\"tmm_scblock\"><a target=\"_blank\" class=\"tmm_sociallink\" href=\"https:\/\/www.linkedin.com\/in\/chaimaeboudadiouazen\/\" title=\"\"><img decoding=\"async\" alt=\"\" src=\"https:\/\/madridforrefugees.org\/wp-content\/plugins\/team-members\/inc\/img\/links\/linkedin.png\"\/><\/a><\/div><\/div><\/div><div class=\"tmm_member\" style=\"border-top:#333333 solid 5px;\"><div class=\"tmm_photo tmm_pic_jobs_3\" style=\"background: url(https:\/\/madridforrefugees.org\/wp-content\/uploads\/2021\/03\/Gema.jpeg); margin-left: auto; margin-right:auto; background-size:cover !important;\"><\/div><div class=\"tmm_textblock\"><div class=\"tmm_names\"><span class=\"tmm_fname\">Gema <\/span> <span class=\"tmm_lname\">Rosado Jordan<\/span><\/div><div class=\"tmm_job\">Social educator &amp; workshop facilitator<\/div><div class=\"tmm_scblock\"><a target=\"_blank\" class=\"tmm_sociallink\" href=\"http:\/\/www.linkedin.com\/in\/gema-rosado-jordan-a5b190174\" title=\"\"><img decoding=\"async\" alt=\"\" src=\"https:\/\/madridforrefugees.org\/wp-content\/plugins\/team-members\/inc\/img\/links\/linkedin.png\"\/><\/a><\/div><\/div><\/div><div style=\"clear:both;\"><\/div><\/div><\/div><\/div>\n","protected":false},"excerpt":{"rendered":"<p>Apoyo laboral Encontrar un empleo es uno de los mayores desaf\u00edos al que se enfrentan las personas refugiadas en cualquier pa\u00eds del mundo. Por nuestra parte, el equipo de empleo y apoyo laboral de MFR se dedica a ayudar a las personas refugiadas que viven en Madrid a afrontar de &hellip;<\/p>\n","protected":false},"author":5,"featured_media":3087,"parent":996,"menu_order":0,"comment_status":"closed","ping_status":"closed","template":"","meta":{"_monsterinsights_skip_tracking":false,"_monsterinsights_sitenote_active":false,"_monsterinsights_sitenote_note":"","_monsterinsights_sitenote_category":0,"footnotes":""},"class_list":["post-2899","page","type-page","status-publish","has-post-thumbnail","hentry"],"yoast_head":"<!-- This site is optimized with the Yoast SEO plugin v25.2 - https:\/\/yoast.com\/wordpress\/plugins\/seo\/ -->\n<title>Empleo y apoyo laboral - Madrid For Refugees<\/title>\n<meta name=\"robots\" content=\"index, follow, max-snippet:-1, max-image-preview:large, max-video-preview:-1\" \/>\n<link rel=\"canonical\" href=\"https:\/\/madridforrefugees.org\/es\/la-organizacion\/empleo-y-apoyo-laboral\/\" \/>\n<meta property=\"og:locale\" content=\"es_ES\" \/>\n<meta property=\"og:type\" content=\"article\" \/>\n<meta property=\"og:title\" content=\"Empleo y apoyo laboral - Madrid For Refugees\" \/>\n<meta property=\"og:description\" content=\"Apoyo laboral Encontrar un empleo es uno de los mayores desaf\u00edos al que se enfrentan las personas refugiadas en cualquier pa\u00eds del mundo. Por nuestra parte, el equipo de empleo y apoyo laboral de MFR se dedica a ayudar a las personas refugiadas que viven en Madrid a afrontar de &hellip;\" \/>\n<meta property=\"og:url\" content=\"https:\/\/madridforrefugees.org\/es\/la-organizacion\/empleo-y-apoyo-laboral\/\" \/>\n<meta property=\"og:site_name\" content=\"Madrid For Refugees\" \/>\n<meta property=\"article:publisher\" content=\"https:\/\/www.facebook.com\/Madrid4Refugees\/\" \/>\n<meta property=\"article:modified_time\" content=\"2022-04-21T11:50:35+00:00\" \/>\n<meta property=\"og:image\" content=\"https:\/\/madridforrefugees.org\/wp-content\/uploads\/2021\/05\/Taller_de_empleo-6-1-scaled.jpg\" \/>\n\t<meta property=\"og:image:width\" content=\"2560\" \/>\n\t<meta property=\"og:image:height\" content=\"1707\" \/>\n\t<meta property=\"og:image:type\" content=\"image\/jpeg\" \/>\n<meta name=\"twitter:card\" content=\"summary_large_image\" \/>\n<meta name=\"twitter:site\" content=\"@Madrid4Refugees\" \/>\n<meta name=\"twitter:label1\" content=\"Tiempo de lectura\" \/>\n\t<meta name=\"twitter:data1\" content=\"2 minutos\" \/>\n<script type=\"application\/ld+json\" class=\"yoast-schema-graph\">{\"@context\":\"https:\/\/schema.org\",\"@graph\":[{\"@type\":\"WebPage\",\"@id\":\"https:\/\/madridforrefugees.org\/es\/la-organizacion\/empleo-y-apoyo-laboral\/\",\"url\":\"https:\/\/madridforrefugees.org\/es\/la-organizacion\/empleo-y-apoyo-laboral\/\",\"name\":\"Empleo y apoyo laboral - Madrid For Refugees\",\"isPartOf\":{\"@id\":\"https:\/\/madridforrefugees.org\/es\/home-2\/#website\"},\"primaryImageOfPage\":{\"@id\":\"https:\/\/madridforrefugees.org\/es\/la-organizacion\/empleo-y-apoyo-laboral\/#primaryimage\"},\"image\":{\"@id\":\"https:\/\/madridforrefugees.org\/es\/la-organizacion\/empleo-y-apoyo-laboral\/#primaryimage\"},\"thumbnailUrl\":\"https:\/\/madridforrefugees.org\/wp-content\/uploads\/2021\/05\/Taller_de_empleo-6-1-scaled.jpg\",\"datePublished\":\"2021-03-29T16:22:33+00:00\",\"dateModified\":\"2022-04-21T11:50:35+00:00\",\"breadcrumb\":{\"@id\":\"https:\/\/madridforrefugees.org\/es\/la-organizacion\/empleo-y-apoyo-laboral\/#breadcrumb\"},\"inLanguage\":\"es\",\"potentialAction\":[{\"@type\":\"ReadAction\",\"target\":[\"https:\/\/madridforrefugees.org\/es\/la-organizacion\/empleo-y-apoyo-laboral\/\"]}]},{\"@type\":\"ImageObject\",\"inLanguage\":\"es\",\"@id\":\"https:\/\/madridforrefugees.org\/es\/la-organizacion\/empleo-y-apoyo-laboral\/#primaryimage\",\"url\":\"https:\/\/madridforrefugees.org\/wp-content\/uploads\/2021\/05\/Taller_de_empleo-6-1-scaled.jpg\",\"contentUrl\":\"https:\/\/madridforrefugees.org\/wp-content\/uploads\/2021\/05\/Taller_de_empleo-6-1-scaled.jpg\",\"width\":2560,\"height\":1707},{\"@type\":\"BreadcrumbList\",\"@id\":\"https:\/\/madridforrefugees.org\/es\/la-organizacion\/empleo-y-apoyo-laboral\/#breadcrumb\",\"itemListElement\":[{\"@type\":\"ListItem\",\"position\":1,\"name\":\"Home\",\"item\":\"https:\/\/madridforrefugees.org\/es\/\"},{\"@type\":\"ListItem\",\"position\":2,\"name\":\"Sobre Madrid For Refugees\",\"item\":\"https:\/\/madridforrefugees.org\/es\/la-organizacion\/\"},{\"@type\":\"ListItem\",\"position\":3,\"name\":\"Empleo y apoyo laboral\"}]},{\"@type\":\"WebSite\",\"@id\":\"https:\/\/madridforrefugees.org\/es\/home-2\/#website\",\"url\":\"https:\/\/madridforrefugees.org\/es\/home-2\/\",\"name\":\"MadridForRefugees\",\"description\":\"Helping Refugees in Madrid and Abroad\",\"publisher\":{\"@id\":\"https:\/\/madridforrefugees.org\/es\/home-2\/#organization\"},\"potentialAction\":[{\"@type\":\"SearchAction\",\"target\":{\"@type\":\"EntryPoint\",\"urlTemplate\":\"https:\/\/madridforrefugees.org\/es\/home-2\/?s={search_term_string}\"},\"query-input\":{\"@type\":\"PropertyValueSpecification\",\"valueRequired\":true,\"valueName\":\"search_term_string\"}}],\"inLanguage\":\"es\"},{\"@type\":\"Organization\",\"@id\":\"https:\/\/madridforrefugees.org\/es\/home-2\/#organization\",\"name\":\"Madrid for Refugees\",\"url\":\"https:\/\/madridforrefugees.org\/es\/home-2\/\",\"logo\":{\"@type\":\"ImageObject\",\"inLanguage\":\"es\",\"@id\":\"https:\/\/madridforrefugees.org\/es\/home-2\/#\/schema\/logo\/image\/\",\"url\":\"https:\/\/madridforrefugees.org\/wp-content\/uploads\/2021\/11\/MFR-Logo-Initials-Words.png\",\"contentUrl\":\"https:\/\/madridforrefugees.org\/wp-content\/uploads\/2021\/11\/MFR-Logo-Initials-Words.png\",\"width\":233,\"height\":83,\"caption\":\"Madrid for Refugees\"},\"image\":{\"@id\":\"https:\/\/madridforrefugees.org\/es\/home-2\/#\/schema\/logo\/image\/\"},\"sameAs\":[\"https:\/\/www.facebook.com\/Madrid4Refugees\/\",\"https:\/\/x.com\/Madrid4Refugees\",\"https:\/\/www.instagram.com\/weloverefugees\/\",\"https:\/\/www.linkedin.com\/company\/madrid-for-refugees\",\"https:\/\/www.pinterest.com\/weloverefugees\/\"]}]}<\/script>\n<!-- \/ Yoast SEO plugin. -->","yoast_head_json":{"title":"Empleo y apoyo laboral - Madrid For Refugees","robots":{"index":"index","follow":"follow","max-snippet":"max-snippet:-1","max-image-preview":"max-image-preview:large","max-video-preview":"max-video-preview:-1"},"canonical":"https:\/\/madridforrefugees.org\/es\/la-organizacion\/empleo-y-apoyo-laboral\/","og_locale":"es_ES","og_type":"article","og_title":"Empleo y apoyo laboral - Madrid For Refugees","og_description":"Apoyo laboral Encontrar un empleo es uno de los mayores desaf\u00edos al que se enfrentan las personas refugiadas en cualquier pa\u00eds del mundo. Por nuestra parte, el equipo de empleo y apoyo laboral de MFR se dedica a ayudar a las personas refugiadas que viven en Madrid a afrontar de &hellip;","og_url":"https:\/\/madridforrefugees.org\/es\/la-organizacion\/empleo-y-apoyo-laboral\/","og_site_name":"Madrid For Refugees","article_publisher":"https:\/\/www.facebook.com\/Madrid4Refugees\/","article_modified_time":"2022-04-21T11:50:35+00:00","og_image":[{"width":2560,"height":1707,"url":"https:\/\/madridforrefugees.org\/wp-content\/uploads\/2021\/05\/Taller_de_empleo-6-1-scaled.jpg","type":"image\/jpeg"}],"twitter_card":"summary_large_image","twitter_site":"@Madrid4Refugees","twitter_misc":{"Tiempo de lectura":"2 minutos"},"schema":{"@context":"https:\/\/schema.org","@graph":[{"@type":"WebPage","@id":"https:\/\/madridforrefugees.org\/es\/la-organizacion\/empleo-y-apoyo-laboral\/","url":"https:\/\/madridforrefugees.org\/es\/la-organizacion\/empleo-y-apoyo-laboral\/","name":"Empleo y apoyo laboral - Madrid For Refugees","isPartOf":{"@id":"https:\/\/madridforrefugees.org\/es\/home-2\/#website"},"primaryImageOfPage":{"@id":"https:\/\/madridforrefugees.org\/es\/la-organizacion\/empleo-y-apoyo-laboral\/#primaryimage"},"image":{"@id":"https:\/\/madridforrefugees.org\/es\/la-organizacion\/empleo-y-apoyo-laboral\/#primaryimage"},"thumbnailUrl":"https:\/\/madridforrefugees.org\/wp-content\/uploads\/2021\/05\/Taller_de_empleo-6-1-scaled.jpg","datePublished":"2021-03-29T16:22:33+00:00","dateModified":"2022-04-21T11:50:35+00:00","breadcrumb":{"@id":"https:\/\/madridforrefugees.org\/es\/la-organizacion\/empleo-y-apoyo-laboral\/#breadcrumb"},"inLanguage":"es","potentialAction":[{"@type":"ReadAction","target":["https:\/\/madridforrefugees.org\/es\/la-organizacion\/empleo-y-apoyo-laboral\/"]}]},{"@type":"ImageObject","inLanguage":"es","@id":"https:\/\/madridforrefugees.org\/es\/la-organizacion\/empleo-y-apoyo-laboral\/#primaryimage","url":"https:\/\/madridforrefugees.org\/wp-content\/uploads\/2021\/05\/Taller_de_empleo-6-1-scaled.jpg","contentUrl":"https:\/\/madridforrefugees.org\/wp-content\/uploads\/2021\/05\/Taller_de_empleo-6-1-scaled.jpg","width":2560,"height":1707},{"@type":"BreadcrumbList","@id":"https:\/\/madridforrefugees.org\/es\/la-organizacion\/empleo-y-apoyo-laboral\/#breadcrumb","itemListElement":[{"@type":"ListItem","position":1,"name":"Home","item":"https:\/\/madridforrefugees.org\/es\/"},{"@type":"ListItem","position":2,"name":"Sobre Madrid For Refugees","item":"https:\/\/madridforrefugees.org\/es\/la-organizacion\/"},{"@type":"ListItem","position":3,"name":"Empleo y apoyo laboral"}]},{"@type":"WebSite","@id":"https:\/\/madridforrefugees.org\/es\/home-2\/#website","url":"https:\/\/madridforrefugees.org\/es\/home-2\/","name":"MadridForRefugees","description":"Helping Refugees in Madrid and Abroad","publisher":{"@id":"https:\/\/madridforrefugees.org\/es\/home-2\/#organization"},"potentialAction":[{"@type":"SearchAction","target":{"@type":"EntryPoint","urlTemplate":"https:\/\/madridforrefugees.org\/es\/home-2\/?s={search_term_string}"},"query-input":{"@type":"PropertyValueSpecification","valueRequired":true,"valueName":"search_term_string"}}],"inLanguage":"es"},{"@type":"Organization","@id":"https:\/\/madridforrefugees.org\/es\/home-2\/#organization","name":"Madrid for Refugees","url":"https:\/\/madridforrefugees.org\/es\/home-2\/","logo":{"@type":"ImageObject","inLanguage":"es","@id":"https:\/\/madridforrefugees.org\/es\/home-2\/#\/schema\/logo\/image\/","url":"https:\/\/madridforrefugees.org\/wp-content\/uploads\/2021\/11\/MFR-Logo-Initials-Words.png","contentUrl":"https:\/\/madridforrefugees.org\/wp-content\/uploads\/2021\/11\/MFR-Logo-Initials-Words.png","width":233,"height":83,"caption":"Madrid for Refugees"},"image":{"@id":"https:\/\/madridforrefugees.org\/es\/home-2\/#\/schema\/logo\/image\/"},"sameAs":["https:\/\/www.facebook.com\/Madrid4Refugees\/","https:\/\/x.com\/Madrid4Refugees","https:\/\/www.instagram.com\/weloverefugees\/","https:\/\/www.linkedin.com\/company\/madrid-for-refugees","https:\/\/www.pinterest.com\/weloverefugees\/"]}]}},"jetpack_likes_enabled":true,"jetpack_sharing_enabled":true,"_links":{"self":[{"href":"https:\/\/madridforrefugees.org\/es\/wp-json\/wp\/v2\/pages\/2899","targetHints":{"allow":["GET"]}}],"collection":[{"href":"https:\/\/madridforrefugees.org\/es\/wp-json\/wp\/v2\/pages"}],"about":[{"href":"https:\/\/madridforrefugees.org\/es\/wp-json\/wp\/v2\/types\/page"}],"author":[{"embeddable":true,"href":"https:\/\/madridforrefugees.org\/es\/wp-json\/wp\/v2\/users\/5"}],"replies":[{"embeddable":true,"href":"https:\/\/madridforrefugees.org\/es\/wp-json\/wp\/v2\/comments?post=2899"}],"version-history":[{"count":1,"href":"https:\/\/madridforrefugees.org\/es\/wp-json\/wp\/v2\/pages\/2899\/revisions"}],"predecessor-version":[{"id":3491,"href":"https:\/\/madridforrefugees.org\/es\/wp-json\/wp\/v2\/pages\/2899\/revisions\/3491"}],"up":[{"embeddable":true,"href":"https:\/\/madridforrefugees.org\/es\/wp-json\/wp\/v2\/pages\/996"}],"wp:featuredmedia":[{"embeddable":true,"href":"https:\/\/madridforrefugees.org\/es\/wp-json\/wp\/v2\/media\/3087"}],"wp:attachment":[{"href":"https:\/\/madridforrefugees.org\/es\/wp-json\/wp\/v2\/media?parent=2899"}],"curies":[{"name":"wp","href":"https:\/\/api.w.org\/{rel}","templated":true}]}}