{"id":2913,"date":"2021-03-29T18:41:31","date_gmt":"2021-03-29T16:41:31","guid":{"rendered":"https:\/\/madridforrefugees.org\/?page_id=2913"},"modified":"2021-05-02T20:59:14","modified_gmt":"2021-05-02T18:59:14","slug":"donaciones-articulos","status":"publish","type":"page","link":"https:\/\/madridforrefugees.org\/es\/la-organizacion\/donaciones-articulos\/","title":{"rendered":"Donaciones de art\u00edculos"},"content":{"rendered":"<p><span style=\"font-weight: 400;\"><img loading=\"lazy\" decoding=\"async\" class=\"alignright size-medium wp-image-3081\" src=\"https:\/\/madridforrefugees.org\/wp-content\/uploads\/2021\/05\/12-12-2020-c-1-300x225.jpg\" alt=\"\" width=\"300\" height=\"225\" srcset=\"https:\/\/madridforrefugees.org\/wp-content\/uploads\/2021\/05\/12-12-2020-c-1-300x225.jpg 300w, https:\/\/madridforrefugees.org\/wp-content\/uploads\/2021\/05\/12-12-2020-c-1-1024x768.jpg 1024w, https:\/\/madridforrefugees.org\/wp-content\/uploads\/2021\/05\/12-12-2020-c-1-768x576.jpg 768w, https:\/\/madridforrefugees.org\/wp-content\/uploads\/2021\/05\/12-12-2020-c-1-1536x1152.jpg 1536w, https:\/\/madridforrefugees.org\/wp-content\/uploads\/2021\/05\/12-12-2020-c-1-267x200.jpg 267w, https:\/\/madridforrefugees.org\/wp-content\/uploads\/2021\/05\/12-12-2020-c-1.jpg 1600w\" sizes=\"auto, (max-width: 300px) 100vw, 300px\" \/>Desde 2016, nuestro Equipo de Donaciones ha organizado la recogida y distribuci\u00f3n de art\u00edculos para familias y centros de personas refugiadas de Madrid. Muchos de ellos llegan a viviendas sin amueblar con pocas pertenencias y muchas limitaciones presupuestarias. Para apoyar a estas personas en una transici\u00f3n tan dif\u00edcil y estresante, Madrid For Refugees ofrece art\u00edculos esenciales como productos de higiene, ropa de cama, toallas, menaje de cocina y material escolar; la mayor\u00eda donados por personas privadas, negocios o centros educativos. Tambi\u00e9n hemos lanzado una nueva iniciativa que permite a las partes interesadas <\/span><a href=\"https:\/\/madridforrefugees.org\/es\/donar-para-un-kit-de-bienvenida-de-mudanza-para-una-familia-de-personas-refugiadas\/\"><span style=\"font-weight: 400;\">patrocinar un kit de bienvenida para una familia de personas refugiadas<\/span><\/a><span style=\"font-weight: 400;\"> para asegurarse de que cuando salgan de los centros de acogida tengan todo lo que necesitan. Estos kits cubren necesidades importantes y ayudan a las familias a instalarse y a poder empezar a construir su nueva vida.<\/span><\/p>\n<p><a href=\"https:\/\/madridforrefugees.org\/es\/donate-es\/\"><strong>Donar art\u00edculos<\/strong><\/a><\/p>\n<p>Contact: <a href=\"mailto:donations@madridforrefugees.org\">donations@madridforrefugees.org<\/a><\/p>\n","protected":false},"excerpt":{"rendered":"<p>Desde 2016, nuestro Equipo de Donaciones ha organizado la recogida y distribuci\u00f3n de art\u00edculos para familias y centros de personas refugiadas de Madrid. Muchos de ellos llegan a viviendas sin amueblar con pocas pertenencias y muchas limitaciones presupuestarias. Para apoyar a estas personas en una transici\u00f3n tan dif\u00edcil y estresante, &hellip;<\/p>\n","protected":false},"author":5,"featured_media":0,"parent":996,"menu_order":0,"comment_status":"closed","ping_status":"closed","template":"","meta":{"_monsterinsights_skip_tracking":false,"_monsterinsights_sitenote_active":false,"_monsterinsights_sitenote_note":"","_monsterinsights_sitenote_category":0,"footnotes":""},"class_list":["post-2913","page","type-page","status-publish","hentry"],"yoast_head":"<!-- This site is optimized with the Yoast SEO plugin v25.2 - https:\/\/yoast.com\/wordpress\/plugins\/seo\/ -->\n<title>Donaciones de art\u00edculos - Madrid For Refugees<\/title>\n<meta name=\"robots\" content=\"index, follow, max-snippet:-1, max-image-preview:large, max-video-preview:-1\" \/>\n<link rel=\"canonical\" href=\"https:\/\/madridforrefugees.org\/es\/la-organizacion\/donaciones-articulos\/\" \/>\n<meta property=\"og:locale\" content=\"es_ES\" \/>\n<meta property=\"og:type\" content=\"article\" \/>\n<meta property=\"og:title\" content=\"Donaciones de art\u00edculos - Madrid For Refugees\" \/>\n<meta property=\"og:description\" content=\"Desde 2016, nuestro Equipo de Donaciones ha organizado la recogida y distribuci\u00f3n de art\u00edculos para familias y centros de personas refugiadas de Madrid. Muchos de ellos llegan a viviendas sin amueblar con pocas pertenencias y muchas limitaciones presupuestarias. Para apoyar a estas personas en una transici\u00f3n tan dif\u00edcil y estresante, &hellip;\" \/>\n<meta property=\"og:url\" content=\"https:\/\/madridforrefugees.org\/es\/la-organizacion\/donaciones-articulos\/\" \/>\n<meta property=\"og:site_name\" content=\"Madrid For Refugees\" \/>\n<meta property=\"article:publisher\" content=\"https:\/\/www.facebook.com\/Madrid4Refugees\/\" \/>\n<meta property=\"article:modified_time\" content=\"2021-05-02T18:59:14+00:00\" \/>\n<meta property=\"og:image\" content=\"https:\/\/madridforrefugees.org\/wp-content\/uploads\/2021\/05\/12-12-2020-c-1-300x225.jpg\" \/>\n<meta name=\"twitter:card\" content=\"summary_large_image\" \/>\n<meta name=\"twitter:site\" content=\"@Madrid4Refugees\" \/>\n<meta name=\"twitter:label1\" content=\"Tiempo de lectura\" \/>\n\t<meta name=\"twitter:data1\" content=\"1 minuto\" \/>\n<script type=\"application\/ld+json\" class=\"yoast-schema-graph\">{\"@context\":\"https:\/\/schema.org\",\"@graph\":[{\"@type\":\"WebPage\",\"@id\":\"https:\/\/madridforrefugees.org\/es\/la-organizacion\/donaciones-articulos\/\",\"url\":\"https:\/\/madridforrefugees.org\/es\/la-organizacion\/donaciones-articulos\/\",\"name\":\"Donaciones de art\u00edculos - Madrid For Refugees\",\"isPartOf\":{\"@id\":\"https:\/\/madridforrefugees.org\/es\/home-2\/#website\"},\"primaryImageOfPage\":{\"@id\":\"https:\/\/madridforrefugees.org\/es\/la-organizacion\/donaciones-articulos\/#primaryimage\"},\"image\":{\"@id\":\"https:\/\/madridforrefugees.org\/es\/la-organizacion\/donaciones-articulos\/#primaryimage\"},\"thumbnailUrl\":\"https:\/\/madridforrefugees.org\/wp-content\/uploads\/2021\/05\/12-12-2020-c-1-300x225.jpg\",\"datePublished\":\"2021-03-29T16:41:31+00:00\",\"dateModified\":\"2021-05-02T18:59:14+00:00\",\"breadcrumb\":{\"@id\":\"https:\/\/madridforrefugees.org\/es\/la-organizacion\/donaciones-articulos\/#breadcrumb\"},\"inLanguage\":\"es\",\"potentialAction\":[{\"@type\":\"ReadAction\",\"target\":[\"https:\/\/madridforrefugees.org\/es\/la-organizacion\/donaciones-articulos\/\"]}]},{\"@type\":\"ImageObject\",\"inLanguage\":\"es\",\"@id\":\"https:\/\/madridforrefugees.org\/es\/la-organizacion\/donaciones-articulos\/#primaryimage\",\"url\":\"https:\/\/madridforrefugees.org\/wp-content\/uploads\/2021\/05\/12-12-2020-c-1-300x225.jpg\",\"contentUrl\":\"https:\/\/madridforrefugees.org\/wp-content\/uploads\/2021\/05\/12-12-2020-c-1-300x225.jpg\"},{\"@type\":\"BreadcrumbList\",\"@id\":\"https:\/\/madridforrefugees.org\/es\/la-organizacion\/donaciones-articulos\/#breadcrumb\",\"itemListElement\":[{\"@type\":\"ListItem\",\"position\":1,\"name\":\"Home\",\"item\":\"https:\/\/madridforrefugees.org\/es\/\"},{\"@type\":\"ListItem\",\"position\":2,\"name\":\"Sobre Madrid For Refugees\",\"item\":\"https:\/\/madridforrefugees.org\/es\/la-organizacion\/\"},{\"@type\":\"ListItem\",\"position\":3,\"name\":\"Donaciones de art\u00edculos\"}]},{\"@type\":\"WebSite\",\"@id\":\"https:\/\/madridforrefugees.org\/es\/home-2\/#website\",\"url\":\"https:\/\/madridforrefugees.org\/es\/home-2\/\",\"name\":\"MadridForRefugees\",\"description\":\"Helping Refugees in Madrid and Abroad\",\"publisher\":{\"@id\":\"https:\/\/madridforrefugees.org\/es\/home-2\/#organization\"},\"potentialAction\":[{\"@type\":\"SearchAction\",\"target\":{\"@type\":\"EntryPoint\",\"urlTemplate\":\"https:\/\/madridforrefugees.org\/es\/home-2\/?s={search_term_string}\"},\"query-input\":{\"@type\":\"PropertyValueSpecification\",\"valueRequired\":true,\"valueName\":\"search_term_string\"}}],\"inLanguage\":\"es\"},{\"@type\":\"Organization\",\"@id\":\"https:\/\/madridforrefugees.org\/es\/home-2\/#organization\",\"name\":\"Madrid for Refugees\",\"url\":\"https:\/\/madridforrefugees.org\/es\/home-2\/\",\"logo\":{\"@type\":\"ImageObject\",\"inLanguage\":\"es\",\"@id\":\"https:\/\/madridforrefugees.org\/es\/home-2\/#\/schema\/logo\/image\/\",\"url\":\"https:\/\/madridforrefugees.org\/wp-content\/uploads\/2021\/11\/MFR-Logo-Initials-Words.png\",\"contentUrl\":\"https:\/\/madridforrefugees.org\/wp-content\/uploads\/2021\/11\/MFR-Logo-Initials-Words.png\",\"width\":233,\"height\":83,\"caption\":\"Madrid for Refugees\"},\"image\":{\"@id\":\"https:\/\/madridforrefugees.org\/es\/home-2\/#\/schema\/logo\/image\/\"},\"sameAs\":[\"https:\/\/www.facebook.com\/Madrid4Refugees\/\",\"https:\/\/x.com\/Madrid4Refugees\",\"https:\/\/www.instagram.com\/weloverefugees\/\",\"https:\/\/www.linkedin.com\/company\/madrid-for-refugees\",\"https:\/\/www.pinterest.com\/weloverefugees\/\"]}]}<\/script>\n<!-- \/ Yoast SEO plugin. -->","yoast_head_json":{"title":"Donaciones de art\u00edculos - Madrid For Refugees","robots":{"index":"index","follow":"follow","max-snippet":"max-snippet:-1","max-image-preview":"max-image-preview:large","max-video-preview":"max-video-preview:-1"},"canonical":"https:\/\/madridforrefugees.org\/es\/la-organizacion\/donaciones-articulos\/","og_locale":"es_ES","og_type":"article","og_title":"Donaciones de art\u00edculos - Madrid For Refugees","og_description":"Desde 2016, nuestro Equipo de Donaciones ha organizado la recogida y distribuci\u00f3n de art\u00edculos para familias y centros de personas refugiadas de Madrid. Muchos de ellos llegan a viviendas sin amueblar con pocas pertenencias y muchas limitaciones presupuestarias. Para apoyar a estas personas en una transici\u00f3n tan dif\u00edcil y estresante, &hellip;","og_url":"https:\/\/madridforrefugees.org\/es\/la-organizacion\/donaciones-articulos\/","og_site_name":"Madrid For Refugees","article_publisher":"https:\/\/www.facebook.com\/Madrid4Refugees\/","article_modified_time":"2021-05-02T18:59:14+00:00","og_image":[{"url":"https:\/\/madridforrefugees.org\/wp-content\/uploads\/2021\/05\/12-12-2020-c-1-300x225.jpg","type":"","width":"","height":""}],"twitter_card":"summary_large_image","twitter_site":"@Madrid4Refugees","twitter_misc":{"Tiempo de lectura":"1 minuto"},"schema":{"@context":"https:\/\/schema.org","@graph":[{"@type":"WebPage","@id":"https:\/\/madridforrefugees.org\/es\/la-organizacion\/donaciones-articulos\/","url":"https:\/\/madridforrefugees.org\/es\/la-organizacion\/donaciones-articulos\/","name":"Donaciones de art\u00edculos - Madrid For Refugees","isPartOf":{"@id":"https:\/\/madridforrefugees.org\/es\/home-2\/#website"},"primaryImageOfPage":{"@id":"https:\/\/madridforrefugees.org\/es\/la-organizacion\/donaciones-articulos\/#primaryimage"},"image":{"@id":"https:\/\/madridforrefugees.org\/es\/la-organizacion\/donaciones-articulos\/#primaryimage"},"thumbnailUrl":"https:\/\/madridforrefugees.org\/wp-content\/uploads\/2021\/05\/12-12-2020-c-1-300x225.jpg","datePublished":"2021-03-29T16:41:31+00:00","dateModified":"2021-05-02T18:59:14+00:00","breadcrumb":{"@id":"https:\/\/madridforrefugees.org\/es\/la-organizacion\/donaciones-articulos\/#breadcrumb"},"inLanguage":"es","potentialAction":[{"@type":"ReadAction","target":["https:\/\/madridforrefugees.org\/es\/la-organizacion\/donaciones-articulos\/"]}]},{"@type":"ImageObject","inLanguage":"es","@id":"https:\/\/madridforrefugees.org\/es\/la-organizacion\/donaciones-articulos\/#primaryimage","url":"https:\/\/madridforrefugees.org\/wp-content\/uploads\/2021\/05\/12-12-2020-c-1-300x225.jpg","contentUrl":"https:\/\/madridforrefugees.org\/wp-content\/uploads\/2021\/05\/12-12-2020-c-1-300x225.jpg"},{"@type":"BreadcrumbList","@id":"https:\/\/madridforrefugees.org\/es\/la-organizacion\/donaciones-articulos\/#breadcrumb","itemListElement":[{"@type":"ListItem","position":1,"name":"Home","item":"https:\/\/madridforrefugees.org\/es\/"},{"@type":"ListItem","position":2,"name":"Sobre Madrid For Refugees","item":"https:\/\/madridforrefugees.org\/es\/la-organizacion\/"},{"@type":"ListItem","position":3,"name":"Donaciones de art\u00edculos"}]},{"@type":"WebSite","@id":"https:\/\/madridforrefugees.org\/es\/home-2\/#website","url":"https:\/\/madridforrefugees.org\/es\/home-2\/","name":"MadridForRefugees","description":"Helping Refugees in Madrid and Abroad","publisher":{"@id":"https:\/\/madridforrefugees.org\/es\/home-2\/#organization"},"potentialAction":[{"@type":"SearchAction","target":{"@type":"EntryPoint","urlTemplate":"https:\/\/madridforrefugees.org\/es\/home-2\/?s={search_term_string}"},"query-input":{"@type":"PropertyValueSpecification","valueRequired":true,"valueName":"search_term_string"}}],"inLanguage":"es"},{"@type":"Organization","@id":"https:\/\/madridforrefugees.org\/es\/home-2\/#organization","name":"Madrid for Refugees","url":"https:\/\/madridforrefugees.org\/es\/home-2\/","logo":{"@type":"ImageObject","inLanguage":"es","@id":"https:\/\/madridforrefugees.org\/es\/home-2\/#\/schema\/logo\/image\/","url":"https:\/\/madridforrefugees.org\/wp-content\/uploads\/2021\/11\/MFR-Logo-Initials-Words.png","contentUrl":"https:\/\/madridforrefugees.org\/wp-content\/uploads\/2021\/11\/MFR-Logo-Initials-Words.png","width":233,"height":83,"caption":"Madrid for Refugees"},"image":{"@id":"https:\/\/madridforrefugees.org\/es\/home-2\/#\/schema\/logo\/image\/"},"sameAs":["https:\/\/www.facebook.com\/Madrid4Refugees\/","https:\/\/x.com\/Madrid4Refugees","https:\/\/www.instagram.com\/weloverefugees\/","https:\/\/www.linkedin.com\/company\/madrid-for-refugees","https:\/\/www.pinterest.com\/weloverefugees\/"]}]}},"jetpack_likes_enabled":true,"jetpack_sharing_enabled":true,"_links":{"self":[{"href":"https:\/\/madridforrefugees.org\/es\/wp-json\/wp\/v2\/pages\/2913","targetHints":{"allow":["GET"]}}],"collection":[{"href":"https:\/\/madridforrefugees.org\/es\/wp-json\/wp\/v2\/pages"}],"about":[{"href":"https:\/\/madridforrefugees.org\/es\/wp-json\/wp\/v2\/types\/page"}],"author":[{"embeddable":true,"href":"https:\/\/madridforrefugees.org\/es\/wp-json\/wp\/v2\/users\/5"}],"replies":[{"embeddable":true,"href":"https:\/\/madridforrefugees.org\/es\/wp-json\/wp\/v2\/comments?post=2913"}],"version-history":[{"count":0,"href":"https:\/\/madridforrefugees.org\/es\/wp-json\/wp\/v2\/pages\/2913\/revisions"}],"up":[{"embeddable":true,"href":"https:\/\/madridforrefugees.org\/es\/wp-json\/wp\/v2\/pages\/996"}],"wp:attachment":[{"href":"https:\/\/madridforrefugees.org\/es\/wp-json\/wp\/v2\/media?parent=2913"}],"curies":[{"name":"wp","href":"https:\/\/api.w.org\/{rel}","templated":true}]}}