{"id":3106,"date":"2021-05-02T21:33:06","date_gmt":"2021-05-02T19:33:06","guid":{"rendered":"https:\/\/madridforrefugees.org\/?page_id=3106"},"modified":"2021-05-02T21:35:11","modified_gmt":"2021-05-02T19:35:11","slug":"colaboradores","status":"publish","type":"page","link":"https:\/\/madridforrefugees.org\/es\/colaboradores\/","title":{"rendered":"Colaboradores"},"content":{"rendered":"<div class=\"tmm tmm_testimonials\"><div class=\"tmm_3_columns tmm_wrap tmm_plugin_f\"><span class=\"tmm_two_containers_tablet\"><\/span><div class=\"tmm_container\"><div class=\"tmm_member\" style=\"border-top:#333333 solid 5px;\"><a target=\"_blank\" href=\"https:\/\/www.acnur.org\/es-es\/acnur-en-espana.html\" title=\"ACNUR \"><div class=\"tmm_photo tmm_pic_testimonials_0\" style=\"background: url(https:\/\/madridforrefugees.org\/wp-content\/uploads\/2021\/04\/acnur-square-1.png); margin-left: auto; margin-right:auto; background-size:cover !important;\"><\/div><\/a><div class=\"tmm_textblock\"><div class=\"tmm_names\"><span class=\"tmm_fname\">ACNUR<\/span> <\/div><div class=\"tmm_desc\" style=\"text-align:\"><p><span data-sheets-value=\"{\" data-sheets-userformat=\"{\">\"ACNUR ha colaborado en diferentes ocasiones con Madrid For Refugees, apoyando los esfuerzos que la Asociaci\u00f3n realiza para mejorar la vida de las personas refugiadas en Espa\u00f1a a trav\u00e9s de acciones de empoderamiento y promoviendo su integraci\u00f3n. Adem\u00e1s, desde 2018 Madrid For Refugees es una de las m\u00e1s de 500 organizaciones de todo el mundo que se han unido a la Coalici\u00f3n de ACNUR #Conlorefugiados o #Withrefugees Coalition, cuyo objetivo es promover la tolerancia y el respeto por las personas obligadas a huir.<\/span><\/p><\/div><div class=\"tmm_scblock\"><a target=\"_blank\" class=\"tmm_sociallink\" href=\"https:\/\/www.acnur.org\/\" title=\"\"><img decoding=\"async\" alt=\"\" src=\"https:\/\/madridforrefugees.org\/wp-content\/plugins\/team-members\/inc\/img\/links\/website.png\"\/><\/a><a target=\"_blank\" class=\"tmm_sociallink\" href=\"https:\/\/es.linkedin.com\/company\/acnur-espana\" title=\"\"><img decoding=\"async\" alt=\"\" src=\"https:\/\/madridforrefugees.org\/wp-content\/plugins\/team-members\/inc\/img\/links\/linkedin.png\"\/><\/a><a target=\"_blank\" class=\"tmm_sociallink\" href=\"https:\/\/www.instagram.com\/eacnur\/?hl=en\" title=\"\"><img decoding=\"async\" alt=\"\" src=\"https:\/\/madridforrefugees.org\/wp-content\/plugins\/team-members\/inc\/img\/links\/instagram.png\"\/><\/a><\/div><\/div><\/div><div class=\"tmm_member\" style=\"border-top:#333333 solid 5px;\"><a target=\"_blank\" href=\"https:\/\/www.cear.es\/\" title=\"CEAR \"><div class=\"tmm_photo tmm_pic_testimonials_1\" style=\"background: url(https:\/\/madridforrefugees.org\/wp-content\/uploads\/2021\/04\/cear-square.jpg); margin-left: auto; margin-right:auto; background-size:cover !important;\"><\/div><\/a><div class=\"tmm_textblock\"><div class=\"tmm_names\"><span class=\"tmm_fname\">CEAR<\/span> <\/div><div class=\"tmm_desc\" style=\"text-align:\"><p><span data-sheets-value=\"{\" data-sheets-userformat=\"{\">\"MFR y CEAR tenemos un objetivo com\u00fan y es ayudar y empoderar a las personas solicitantes de asilo, refugiadas y migrantes orient\u00e1ndolo a la obtenci\u00f3n de su inclusi\u00f3n social y laboral. En este objetivo hemos ido compartiendo sinergias, y desarrollado formaciones que gracias a los voluntarixs de MFR y a su profesionalidad ha revertido en amplios beneficios para nuestras personas usuarias que no s\u00f3lo han hecho red entre ellas sino que adem\u00e1s han desarrollado competencias muy necesarias en el \u00e1mbito laboral, como pueden ser la alfabetizaci\u00f3n digital, el ingl\u00e9s, etc. Nuestra colaboraci\u00f3n con MFR es algo que por las personas que atendemos tiende a ser natural y l\u00f3gico y esperamos poder seguir contando con su ayuda y poder seguir aport\u00e1ndoles nuestra experiencia.\u201d<br><\/span><\/p><\/div><div class=\"tmm_scblock\"><a target=\"_blank\" class=\"tmm_sociallink\" href=\"https:\/\/www.cear.es\/\" title=\"\"><img decoding=\"async\" alt=\"\" src=\"https:\/\/madridforrefugees.org\/wp-content\/plugins\/team-members\/inc\/img\/links\/website.png\"\/><\/a><a target=\"_blank\" class=\"tmm_sociallink\" href=\"https:\/\/es.linkedin.com\/company\/cear-comisin-espaola-de-ayuda-al-refugiado\" title=\"\"><img decoding=\"async\" alt=\"\" src=\"https:\/\/madridforrefugees.org\/wp-content\/plugins\/team-members\/inc\/img\/links\/linkedin.png\"\/><\/a><a target=\"_blank\" class=\"tmm_sociallink\" href=\"https:\/\/www.instagram.com\/cearefugio\/\" title=\"\"><img decoding=\"async\" alt=\"\" src=\"https:\/\/madridforrefugees.org\/wp-content\/plugins\/team-members\/inc\/img\/links\/instagram.png\"\/><\/a><\/div><\/div><\/div><span class=\"tmm_two_containers_tablet\"><\/span><div class=\"tmm_member\" style=\"border-top:#333333 solid 5px;\"><a target=\"_blank\" href=\"https:\/\/www.madrid.es\/portales\/munimadrid\/es\/Inicio\/Actividad-economica-y-hacienda\/Empresa-y-comercio\/Direcciones-y-telefonos\/Centro-de-Acogida-Refugiados-Vallecas-\/?vgnextfmt=default&#038;vgnextoid=2c9fb39fe4d65510VgnVCM1000001d4a900aRCRD&#038;vgnextchannel=ed0c6d5ef88fe410VgnVCM1000000b205a0aRCRD\" title=\"Centro de Acogida Vallecas \"><div class=\"tmm_photo tmm_pic_testimonials_2\" style=\"background: url(https:\/\/madridforrefugees.org\/wp-content\/uploads\/2021\/04\/carlogo.jpg); margin-left: auto; margin-right:auto; background-size:cover !important;\"><\/div><\/a><div class=\"tmm_textblock\"><div class=\"tmm_names\"><span class=\"tmm_fname\">Centro de Acogida Vallecas<\/span> <\/div><div class=\"tmm_desc\" style=\"text-align:\"><p><span data-sheets-value=\"{\" data-sheets-userformat=\"{\">\"Uno de los objetivos que nos planteamos en el CAR (Centro de Acogida de Refugiados) es la incorporaci\u00f3n acompa\u00f1ada de las personas residentes a la sociedad espa\u00f1ola. Para ello hay ocasiones en las que las dificultades materiales son patentes. Para nosotras, el poder contar con MFR es como tener una muleta para poder ofrecerles en los momentos de necesidad. Desde elementos b\u00e1sicos para los nuevos hogares, formaciones espec\u00edficas o acompa\u00f1amientos individuales, han sido algunas de esas colaboraciones, que hemos mantenido y esperamos poder seguir contando con ellas. De la misma forma, su inter\u00e9s por coordinarse con otros grupos de colaboraci\u00f3n, apoyo o participaci\u00f3n cercanos al CAR. Para hacer m\u00e1s efectiva la ayuda. Siendo humildes y proactivos. Ofreci\u00e9ndose siempre y cumpliendo con sus compromisos con seriedad.\"<\/span><\/p><\/div><div class=\"tmm_scblock\"><\/div><\/div><\/div><\/div><span class=\"tmm_columns_containers_desktop\"><\/span><div class=\"tmm_container\"><div class=\"tmm_member\" style=\"border-top:#333333 solid 5px;\"><div class=\"tmm_photo tmm_pic_testimonials_3\" style=\"background: url(https:\/\/madridforrefugees.org\/wp-content\/uploads\/2021\/04\/rsf.jpeg); margin-left: auto; margin-right:auto; background-size:cover !important;\"><\/div><div class=\"tmm_textblock\"><div class=\"tmm_names\"><span class=\"tmm_fname\">Refugiados Sin Fronteras<\/span> <\/div><div class=\"tmm_desc\" style=\"text-align:\"><p>Refugiados Sin Fronteras ha colaborado en varias actividades con Madrid For Refugees de manera muy positiva. La dedicaci\u00f3n de la organizaci\u00f3n a la causa de los refugiados es indudable.<\/p><\/div><div class=\"tmm_scblock\"><a target=\"_blank\" class=\"tmm_sociallink\" href=\"https:\/\/www.refugiadossinfronteras.org\/\" title=\"\"><img decoding=\"async\" alt=\"\" src=\"https:\/\/madridforrefugees.org\/wp-content\/plugins\/team-members\/inc\/img\/links\/website.png\"\/><\/a><a target=\"_blank\" class=\"tmm_sociallink\" href=\"https:\/\/www.instagram.com\/yosoyrefugiado\/\" title=\"\"><img decoding=\"async\" alt=\"\" src=\"https:\/\/madridforrefugees.org\/wp-content\/plugins\/team-members\/inc\/img\/links\/instagram.png\"\/><\/a><\/div><\/div><\/div><span class=\"tmm_two_containers_tablet\"><\/span><div class=\"tmm_member\" style=\"border-top:#333333 solid 5px;\"><div class=\"tmm_photo tmm_pic_testimonials_4\" style=\"background: url(https:\/\/madridforrefugees.org\/wp-content\/uploads\/2021\/04\/4.png); margin-left: auto; margin-right:auto; background-size:cover !important;\"><\/div><div class=\"tmm_textblock\"><div class=\"tmm_names\"><span class=\"tmm_fname\">Elis<\/span> <\/div><div class=\"tmm_desc\" style=\"text-align:\"><p><span style=\"font-weight: 400\">Elis es un proveedor multiservicio internacional que ofrece soluciones en materia de textiles, higiene y bienestar y ha donado 50 juegos completos de s\u00e1banas, mantas y toallas de ba\u00f1o y mano para repartir a personas refugiadas, migrantes y personas en riesgo de exclusi\u00f3n social. <a href=\"https:\/\/bit.ly\/372dCDY\">Leer m\u00e1s<\/a><\/span><\/p><\/div><div class=\"tmm_scblock\"><a target=\"_blank\" class=\"tmm_sociallink\" href=\"https:\/\/es.elis.com\/es\" title=\"\"><img decoding=\"async\" alt=\"\" src=\"https:\/\/madridforrefugees.org\/wp-content\/plugins\/team-members\/inc\/img\/links\/website.png\"\/><\/a><a target=\"_blank\" class=\"tmm_sociallink\" href=\"https:\/\/es.linkedin.com\/company\/elis_2\" title=\"\"><img decoding=\"async\" alt=\"\" src=\"https:\/\/madridforrefugees.org\/wp-content\/plugins\/team-members\/inc\/img\/links\/linkedin.png\"\/><\/a><\/div><\/div><\/div><div class=\"tmm_member\" style=\"border-top:#333333 solid 5px;\"><div class=\"tmm_photo tmm_pic_testimonials_5\" style=\"background: url(https:\/\/madridforrefugees.org\/wp-content\/uploads\/2021\/04\/lenovosquare.png); margin-left: auto; margin-right:auto; background-size:cover !important;\"><\/div><div class=\"tmm_textblock\"><div class=\"tmm_names\"><span class=\"tmm_fname\">Lenovo<\/span> <\/div><div class=\"tmm_desc\" style=\"text-align:\"><p>Lenovo nos ha prove\u00eddo de recursos esenciales para la ejecuci\u00f3n de nuestro curso de Refugees Code entre el 2022 y 2023. Dentro de estos, contamos con la creaci\u00f3n de un nuevo rol dentro de la organizaci\u00f3n como la persona responsable por el curso y materiales para nuestros estudiantes. Esta colaboraci\u00f3n nos ha permitido subir al pr\u00f3ximo nivel en nuestras operaciones.<\/p><\/div><div class=\"tmm_scblock\"><a target=\"_blank\" class=\"tmm_sociallink\" href=\"https:\/\/www.lenovo.com\/es\/es\/\" title=\"\"><img decoding=\"async\" alt=\"\" src=\"https:\/\/madridforrefugees.org\/wp-content\/plugins\/team-members\/inc\/img\/links\/website.png\"\/><\/a><a target=\"_blank\" class=\"tmm_sociallink\" href=\"https:\/\/www.linkedin.com\/company\/lenovo\" title=\"\"><img decoding=\"async\" alt=\"\" src=\"https:\/\/madridforrefugees.org\/wp-content\/plugins\/team-members\/inc\/img\/links\/linkedin.png\"\/><\/a><a target=\"_blank\" class=\"tmm_sociallink\" href=\"https:\/\/www.instagram.com\/lenovo\" title=\"\"><img decoding=\"async\" alt=\"\" src=\"https:\/\/madridforrefugees.org\/wp-content\/plugins\/team-members\/inc\/img\/links\/instagram.png\"\/><\/a><\/div><\/div><\/div><span class=\"tmm_two_containers_tablet\"><\/span><\/div><span class=\"tmm_columns_containers_desktop\"><\/span><div class=\"tmm_container\"><div class=\"tmm_member\" style=\"border-top:#333333 solid 5px;\"><div class=\"tmm_photo tmm_pic_testimonials_6\" style=\"background: url(https:\/\/madridforrefugees.org\/wp-content\/uploads\/2021\/05\/eawhite.png); margin-left: auto; margin-right:auto; background-size:cover !important;\"><\/div><div class=\"tmm_textblock\"><div class=\"tmm_names\"><span class=\"tmm_fname\">Electronic Arts (EA)<\/span> <\/div><div class=\"tmm_desc\" style=\"text-align:\"><p>\u201cElectronic Arts se compromete a participar en las comunidades en las que vivimos, jugamos y trabajamos mediante la educaci\u00f3n de la nueva generaci\u00f3n, la creaci\u00f3n de igualdad y acceso para todas las personas y la colaboraci\u00f3n con la comunidad. Creemos que nuestras comunidades deber\u00edan ser lugares de juego seguros, divertidos e incluyentes. Nos enorgullecemos de apoyar a entidades ben\u00e9ficas que se centran en la igualdad y la inclusi\u00f3n en la formaci\u00f3n sobre ciencia, tecnolog\u00eda, ingenier\u00eda, arte y matem\u00e1ticas (CTIAM). Nuestro objetivo es ayudar a fortalecer las comunidades infrarrepresentadas. Nuestro grupo de Outreach EA Espa\u00f1a ha tenido la fant\u00e1stica oportunidad de colaborar en diversos eventos y eventos de recaudaci\u00f3n de fondos organizados por Madrid For Refugees, una ONG totalmente alineada con nuestra visi\u00f3n de promover la inclusi\u00f3n, la diversidad y la educaci\u00f3n.\u201d<\/p><\/div><div class=\"tmm_scblock\"><a target=\"_blank\" class=\"tmm_sociallink\" href=\"https:\/\/www.ea.com\/es-es\/commitments\/community-outreach?setLocale=es-es\" title=\"\"><img decoding=\"async\" alt=\"\" src=\"https:\/\/madridforrefugees.org\/wp-content\/plugins\/team-members\/inc\/img\/links\/website.png\"\/><\/a><a target=\"_blank\" class=\"tmm_sociallink\" href=\"https:\/\/www.instagram.com\/lenovo\" title=\"\"><img decoding=\"async\" alt=\"\" src=\"https:\/\/madridforrefugees.org\/wp-content\/plugins\/team-members\/inc\/img\/links\/linkedin.png\"\/><\/a><a target=\"_blank\" class=\"tmm_sociallink\" href=\"https:\/\/www.instagram.com\/ea\" title=\"\"><img decoding=\"async\" alt=\"\" src=\"https:\/\/madridforrefugees.org\/wp-content\/plugins\/team-members\/inc\/img\/links\/instagram.png\"\/><\/a><\/div><\/div><\/div><div class=\"tmm_member\" style=\"border-top:#333333 solid 5px;\"><div class=\"tmm_photo tmm_pic_testimonials_7\" style=\"background: url(https:\/\/madridforrefugees.org\/wp-content\/uploads\/2021\/05\/download.png); margin-left: auto; margin-right:auto; background-size:cover !important;\"><\/div><div class=\"tmm_textblock\"><div class=\"tmm_names\"><span class=\"tmm_fname\">Honeypot<\/span> <\/div><div class=\"tmm_desc\" style=\"text-align:\"><p>Honeypot se ha puesto en colaboraci\u00f3n con MFR para sumar a nuestros servicios de empleabilidad, en especial para perfiles profesionales, proveyendo talleres de creaci\u00f3n de CVs, procesos de entrevistas, y ayudando tambi\u00e9n a conectarles con potenciales oportunidades en Madrid.<\/p><\/div><div class=\"tmm_scblock\"><a target=\"_blank\" class=\"tmm_sociallink\" href=\"https:\/\/www.honeypot.io\/\" title=\"\"><img decoding=\"async\" alt=\"\" src=\"https:\/\/madridforrefugees.org\/wp-content\/plugins\/team-members\/inc\/img\/links\/website.png\"\/><\/a><a target=\"_blank\" class=\"tmm_sociallink\" href=\"https:\/\/www.linkedin.com\/company\/honeypotio\" title=\"\"><img decoding=\"async\" alt=\"\" src=\"https:\/\/madridforrefugees.org\/wp-content\/plugins\/team-members\/inc\/img\/links\/linkedin.png\"\/><\/a><a target=\"_blank\" class=\"tmm_sociallink\" href=\"https:\/\/www.instagram.com\/honeypot.cult\" title=\"\"><img decoding=\"async\" alt=\"\" src=\"https:\/\/madridforrefugees.org\/wp-content\/plugins\/team-members\/inc\/img\/links\/instagram.png\"\/><\/a><\/div><\/div><\/div><span class=\"tmm_two_containers_tablet\"><\/span><div class=\"tmm_member\" style=\"border-top:#333333 solid 5px;\"><div class=\"tmm_photo tmm_pic_testimonials_8\" style=\"background: url(https:\/\/madridforrefugees.org\/wp-content\/uploads\/2021\/04\/aise.jpeg); margin-left: auto; margin-right:auto; background-size:cover !important;\"><\/div><div class=\"tmm_textblock\"><div class=\"tmm_names\"><span class=\"tmm_fname\">AISE<\/span> <\/div><div class=\"tmm_desc\" style=\"text-align:\"><p>Desde AISE (Asociaci\u00f3n de los Inmigrantes Senegaleses en Espa\u00f1a), tenemos una muy buena colaboraci\u00f3n con MFR colaborando con ropa y otras donaciones de art\u00edculos b\u00e1sicos.<\/p><\/div><div class=\"tmm_scblock\"><a target=\"_blank\" class=\"tmm_sociallink\" href=\"https:\/\/www.facebook.com\/SenegalEspagne\/\" title=\"\"><img decoding=\"async\" alt=\"\" src=\"https:\/\/madridforrefugees.org\/wp-content\/plugins\/team-members\/inc\/img\/links\/website.png\"\/><\/a><\/div><\/div><\/div><div style=\"clear:both;\"><\/div><\/div><\/div><\/div>\n","protected":false},"excerpt":{"rendered":"","protected":false},"author":5,"featured_media":0,"parent":0,"menu_order":0,"comment_status":"closed","ping_status":"closed","template":"","meta":{"_monsterinsights_skip_tracking":false,"_monsterinsights_sitenote_active":false,"_monsterinsights_sitenote_note":"","_monsterinsights_sitenote_category":0,"footnotes":""},"class_list":["post-3106","page","type-page","status-publish","hentry"],"yoast_head":"<!-- This site is optimized with the Yoast SEO plugin v25.2 - https:\/\/yoast.com\/wordpress\/plugins\/seo\/ -->\n<title>Colaboradores - Madrid For Refugees<\/title>\n<meta name=\"robots\" content=\"index, follow, max-snippet:-1, max-image-preview:large, max-video-preview:-1\" \/>\n<link rel=\"canonical\" href=\"https:\/\/madridforrefugees.org\/es\/colaboradores\/\" \/>\n<meta property=\"og:locale\" content=\"es_ES\" \/>\n<meta property=\"og:type\" content=\"article\" \/>\n<meta property=\"og:title\" content=\"Colaboradores - Madrid For Refugees\" \/>\n<meta property=\"og:url\" content=\"https:\/\/madridforrefugees.org\/es\/colaboradores\/\" \/>\n<meta property=\"og:site_name\" content=\"Madrid For Refugees\" \/>\n<meta property=\"article:publisher\" content=\"https:\/\/www.facebook.com\/Madrid4Refugees\/\" \/>\n<meta property=\"article:modified_time\" content=\"2021-05-02T19:35:11+00:00\" \/>\n<meta name=\"twitter:card\" content=\"summary_large_image\" \/>\n<meta name=\"twitter:site\" content=\"@Madrid4Refugees\" \/>\n<script type=\"application\/ld+json\" class=\"yoast-schema-graph\">{\"@context\":\"https:\/\/schema.org\",\"@graph\":[{\"@type\":\"WebPage\",\"@id\":\"https:\/\/madridforrefugees.org\/es\/colaboradores\/\",\"url\":\"https:\/\/madridforrefugees.org\/es\/colaboradores\/\",\"name\":\"Colaboradores - Madrid For Refugees\",\"isPartOf\":{\"@id\":\"https:\/\/madridforrefugees.org\/es\/home-2\/#website\"},\"datePublished\":\"2021-05-02T19:33:06+00:00\",\"dateModified\":\"2021-05-02T19:35:11+00:00\",\"breadcrumb\":{\"@id\":\"https:\/\/madridforrefugees.org\/es\/colaboradores\/#breadcrumb\"},\"inLanguage\":\"es\",\"potentialAction\":[{\"@type\":\"ReadAction\",\"target\":[\"https:\/\/madridforrefugees.org\/es\/colaboradores\/\"]}]},{\"@type\":\"BreadcrumbList\",\"@id\":\"https:\/\/madridforrefugees.org\/es\/colaboradores\/#breadcrumb\",\"itemListElement\":[{\"@type\":\"ListItem\",\"position\":1,\"name\":\"Home\",\"item\":\"https:\/\/madridforrefugees.org\/es\/\"},{\"@type\":\"ListItem\",\"position\":2,\"name\":\"Colaboradores\"}]},{\"@type\":\"WebSite\",\"@id\":\"https:\/\/madridforrefugees.org\/es\/home-2\/#website\",\"url\":\"https:\/\/madridforrefugees.org\/es\/home-2\/\",\"name\":\"MadridForRefugees\",\"description\":\"Helping Refugees in Madrid and Abroad\",\"publisher\":{\"@id\":\"https:\/\/madridforrefugees.org\/es\/home-2\/#organization\"},\"potentialAction\":[{\"@type\":\"SearchAction\",\"target\":{\"@type\":\"EntryPoint\",\"urlTemplate\":\"https:\/\/madridforrefugees.org\/es\/home-2\/?s={search_term_string}\"},\"query-input\":{\"@type\":\"PropertyValueSpecification\",\"valueRequired\":true,\"valueName\":\"search_term_string\"}}],\"inLanguage\":\"es\"},{\"@type\":\"Organization\",\"@id\":\"https:\/\/madridforrefugees.org\/es\/home-2\/#organization\",\"name\":\"Madrid for Refugees\",\"url\":\"https:\/\/madridforrefugees.org\/es\/home-2\/\",\"logo\":{\"@type\":\"ImageObject\",\"inLanguage\":\"es\",\"@id\":\"https:\/\/madridforrefugees.org\/es\/home-2\/#\/schema\/logo\/image\/\",\"url\":\"https:\/\/madridforrefugees.org\/wp-content\/uploads\/2021\/11\/MFR-Logo-Initials-Words.png\",\"contentUrl\":\"https:\/\/madridforrefugees.org\/wp-content\/uploads\/2021\/11\/MFR-Logo-Initials-Words.png\",\"width\":233,\"height\":83,\"caption\":\"Madrid for Refugees\"},\"image\":{\"@id\":\"https:\/\/madridforrefugees.org\/es\/home-2\/#\/schema\/logo\/image\/\"},\"sameAs\":[\"https:\/\/www.facebook.com\/Madrid4Refugees\/\",\"https:\/\/x.com\/Madrid4Refugees\",\"https:\/\/www.instagram.com\/weloverefugees\/\",\"https:\/\/www.linkedin.com\/company\/madrid-for-refugees\",\"https:\/\/www.pinterest.com\/weloverefugees\/\"]}]}<\/script>\n<!-- \/ Yoast SEO plugin. -->","yoast_head_json":{"title":"Colaboradores - Madrid For Refugees","robots":{"index":"index","follow":"follow","max-snippet":"max-snippet:-1","max-image-preview":"max-image-preview:large","max-video-preview":"max-video-preview:-1"},"canonical":"https:\/\/madridforrefugees.org\/es\/colaboradores\/","og_locale":"es_ES","og_type":"article","og_title":"Colaboradores - Madrid For Refugees","og_url":"https:\/\/madridforrefugees.org\/es\/colaboradores\/","og_site_name":"Madrid For Refugees","article_publisher":"https:\/\/www.facebook.com\/Madrid4Refugees\/","article_modified_time":"2021-05-02T19:35:11+00:00","twitter_card":"summary_large_image","twitter_site":"@Madrid4Refugees","schema":{"@context":"https:\/\/schema.org","@graph":[{"@type":"WebPage","@id":"https:\/\/madridforrefugees.org\/es\/colaboradores\/","url":"https:\/\/madridforrefugees.org\/es\/colaboradores\/","name":"Colaboradores - Madrid For Refugees","isPartOf":{"@id":"https:\/\/madridforrefugees.org\/es\/home-2\/#website"},"datePublished":"2021-05-02T19:33:06+00:00","dateModified":"2021-05-02T19:35:11+00:00","breadcrumb":{"@id":"https:\/\/madridforrefugees.org\/es\/colaboradores\/#breadcrumb"},"inLanguage":"es","potentialAction":[{"@type":"ReadAction","target":["https:\/\/madridforrefugees.org\/es\/colaboradores\/"]}]},{"@type":"BreadcrumbList","@id":"https:\/\/madridforrefugees.org\/es\/colaboradores\/#breadcrumb","itemListElement":[{"@type":"ListItem","position":1,"name":"Home","item":"https:\/\/madridforrefugees.org\/es\/"},{"@type":"ListItem","position":2,"name":"Colaboradores"}]},{"@type":"WebSite","@id":"https:\/\/madridforrefugees.org\/es\/home-2\/#website","url":"https:\/\/madridforrefugees.org\/es\/home-2\/","name":"MadridForRefugees","description":"Helping Refugees in Madrid and Abroad","publisher":{"@id":"https:\/\/madridforrefugees.org\/es\/home-2\/#organization"},"potentialAction":[{"@type":"SearchAction","target":{"@type":"EntryPoint","urlTemplate":"https:\/\/madridforrefugees.org\/es\/home-2\/?s={search_term_string}"},"query-input":{"@type":"PropertyValueSpecification","valueRequired":true,"valueName":"search_term_string"}}],"inLanguage":"es"},{"@type":"Organization","@id":"https:\/\/madridforrefugees.org\/es\/home-2\/#organization","name":"Madrid for Refugees","url":"https:\/\/madridforrefugees.org\/es\/home-2\/","logo":{"@type":"ImageObject","inLanguage":"es","@id":"https:\/\/madridforrefugees.org\/es\/home-2\/#\/schema\/logo\/image\/","url":"https:\/\/madridforrefugees.org\/wp-content\/uploads\/2021\/11\/MFR-Logo-Initials-Words.png","contentUrl":"https:\/\/madridforrefugees.org\/wp-content\/uploads\/2021\/11\/MFR-Logo-Initials-Words.png","width":233,"height":83,"caption":"Madrid for Refugees"},"image":{"@id":"https:\/\/madridforrefugees.org\/es\/home-2\/#\/schema\/logo\/image\/"},"sameAs":["https:\/\/www.facebook.com\/Madrid4Refugees\/","https:\/\/x.com\/Madrid4Refugees","https:\/\/www.instagram.com\/weloverefugees\/","https:\/\/www.linkedin.com\/company\/madrid-for-refugees","https:\/\/www.pinterest.com\/weloverefugees\/"]}]}},"jetpack_likes_enabled":true,"jetpack_sharing_enabled":true,"_links":{"self":[{"href":"https:\/\/madridforrefugees.org\/es\/wp-json\/wp\/v2\/pages\/3106","targetHints":{"allow":["GET"]}}],"collection":[{"href":"https:\/\/madridforrefugees.org\/es\/wp-json\/wp\/v2\/pages"}],"about":[{"href":"https:\/\/madridforrefugees.org\/es\/wp-json\/wp\/v2\/types\/page"}],"author":[{"embeddable":true,"href":"https:\/\/madridforrefugees.org\/es\/wp-json\/wp\/v2\/users\/5"}],"replies":[{"embeddable":true,"href":"https:\/\/madridforrefugees.org\/es\/wp-json\/wp\/v2\/comments?post=3106"}],"version-history":[{"count":0,"href":"https:\/\/madridforrefugees.org\/es\/wp-json\/wp\/v2\/pages\/3106\/revisions"}],"wp:attachment":[{"href":"https:\/\/madridforrefugees.org\/es\/wp-json\/wp\/v2\/media?parent=3106"}],"curies":[{"name":"wp","href":"https:\/\/api.w.org\/{rel}","templated":true}]}}