{"id":3459,"date":"2022-04-04T15:58:59","date_gmt":"2022-04-04T13:58:59","guid":{"rendered":"https:\/\/madridforrefugees.org\/?page_id=3459"},"modified":"2022-04-04T16:21:51","modified_gmt":"2022-04-04T14:21:51","slug":"oportunidades-de-voluntariado","status":"publish","type":"page","link":"https:\/\/madridforrefugees.org\/es\/oportunidades-de-voluntariado\/","title":{"rendered":"Oportunidades de voluntariado"},"content":{"rendered":"<p><strong><em>Los voluntarios y las voluntarias son las fuerzas impulsoras de Madrid For Refugees<\/em><\/strong><\/p>\n<p><a href=\"https:\/\/madridforrefugees.org\/wp-content\/uploads\/2021\/06\/20210604_194346-1-scaled.jpg\"><img loading=\"lazy\" decoding=\"async\" class=\"alignright wp-image-3159 \" src=\"https:\/\/madridforrefugees.org\/wp-content\/uploads\/2021\/06\/20210604_194346-1-1024x768.jpg\" alt=\"\" width=\"542\" height=\"406\" srcset=\"https:\/\/madridforrefugees.org\/wp-content\/uploads\/2021\/06\/20210604_194346-1-1024x768.jpg 1024w, https:\/\/madridforrefugees.org\/wp-content\/uploads\/2021\/06\/20210604_194346-1-300x225.jpg 300w, https:\/\/madridforrefugees.org\/wp-content\/uploads\/2021\/06\/20210604_194346-1-768x576.jpg 768w, https:\/\/madridforrefugees.org\/wp-content\/uploads\/2021\/06\/20210604_194346-1-1536x1152.jpg 1536w, https:\/\/madridforrefugees.org\/wp-content\/uploads\/2021\/06\/20210604_194346-1-2048x1536.jpg 2048w, https:\/\/madridforrefugees.org\/wp-content\/uploads\/2021\/06\/20210604_194346-1-267x200.jpg 267w\" sizes=\"auto, (max-width: 542px) 100vw, 542px\" \/><\/a>Nuestros voluntarios y voluntarias juegan un papel importante en nuestro trabajo y el crecimiento continuo de MFR, mientras nos esforzamos por ayudar a personas refugiadas a integrarse en la sociedad espa\u00f1ola y empoderarlas para crear sus propias oportunidades aqu\u00ed. Al mismo tiempo tambi\u00e9n trabajamos para sensibilizar a la comunidad local sobre los retos de las personas refugiadas.<\/p>\n<p>El equipo de Madrid For Refugees est\u00e1 compuesto por voluntarios y voluntarias que son profesionales internacionales altamente calificados en Madrid con una amplia gama de habilidades, formaci\u00f3n, idiomas y experiencia. MFR cuenta con <strong>m\u00e1s de 50 voluntarios y voluntarias<\/strong> de varios pa\u00edses alrededor del mundo. Nuestros voluntarios apoyan con la recaudaci\u00f3n de fondos, subvenciones, traducci\u00f3n, planificaci\u00f3n de eventos, colaboraciones con ONGs y el sector privado, comunicaciones, presupuestos y la planificaci\u00f3n organizativa, ayudando a las personas refugiadas a encontrar trabajo, donaciones de art\u00edculos y mucho m\u00e1s.<\/p>\n<p>Creemos que ser voluntario o voluntaria no debe significar solo dar, por eso tambi\u00e9n<strong> apostamos fuertemente por el desarrollo personal y profesional<\/strong> de las personas que colaboran con nosotros. Esto significa proporcionar el espacio para poner en pr\u00e1ctica nuevas habilidades y participar en sesiones educativas y fomentar la colaboraci\u00f3n cruzada y el intercambio de conocimientos.<\/p>\n<p>La mayor\u00eda de nuestras oportunidades no requieren m\u00e1s que unas pocas horas por semana y <strong>solo aceptamos voluntarios que puedan comprometerse<\/strong> con MFR durante al menos 6 meses, a menos que se indique lo contrario. Tener en cuenta que, debido al gran volumen de solicitudes que recibimos, es posible que no podamos responder a todos los solicitantes.<\/p>\n<div class=\"job_listings\" data-location=\"\" data-keywords=\"\" data-show_filters=\"true\" data-show_pagination=\"false\" data-per_page=\"15\" data-orderby=\"featured\" data-order=\"DESC\" data-categories=\"\" data-disable-form-state-storage=\"\" data-featured_first=\"false\" data-post_id=\"3459\" >\n<form class=\"job_filters\">\n\t\n\t<div class=\"search_jobs\">\n\t\t\n\t\t<div class=\"search_keywords\">\n\t\t\t<label for=\"search_keywords\">Palabras clave<\/label>\n\t\t\t<input type=\"text\" name=\"search_keywords\" id=\"search_keywords\" placeholder=\"Palabras clave\" value=\"\" \/>\n\t\t<\/div>\n\n\t\t<div class=\"search_location\">\n\t\t\t<label for=\"search_location\">Ubicaci\u00f3n<\/label>\n\t\t\t<input type=\"text\" name=\"search_location\" id=\"search_location\" placeholder=\"Ubicaci\u00f3n\" value=\"\" \/>\n\t\t<\/div>\n\n\t\t\t\t\t<div class=\"search_remote_position\">\n\t\t\t\t<input type=\"checkbox\" class=\"input-checkbox\" name=\"remote_position\" id=\"remote_position\" placeholder=\"Ubicaci\u00f3n\" value=\"1\"  \/>\n\t\t\t\t<label for=\"remote_position\" id=\"remote_position_label\">Solo puestos en remoto<\/label>\n\t\t\t<\/div>\n\t\t\n\t\t<div style=\"clear: both\"><\/div>\n\n\t\t\n\t\t\t\t\t<div class=\"search_submit\">\n\t\t\t\t<input type=\"submit\" value=\"Buscar trabajos\">\n\t\t\t<\/div>\n\t\t\n\t\t\t<\/div>\n\n\t\t<ul class=\"job_types\">\n\t\t\t<\/ul>\n\t<input type=\"hidden\" name=\"filter_job_type[]\" value=\"\" \/>\n<div class=\"showing_jobs\"><\/div><\/form>\n\n\n<noscript>Tu navegador no es compatible con JavaScript o est\u00e1 desactivado. JavaScript debe estar activado para poder ver las ofertas.<\/noscript>\n<ul class=\"job_listings\">\n<\/ul>\n<a class=\"load_more_jobs\" href=\"#\" style=\"display:none;\"><strong>Cargar m\u00e1s ofertas<\/strong><\/a><\/div>\n","protected":false},"excerpt":{"rendered":"<p>Los voluntarios y las voluntarias son las fuerzas impulsoras de Madrid For Refugees Nuestros voluntarios y voluntarias juegan un papel importante en nuestro trabajo y el crecimiento continuo de MFR, mientras nos esforzamos por ayudar a personas refugiadas a integrarse en la sociedad espa\u00f1ola y empoderarlas para crear sus propias &hellip;<\/p>\n","protected":false},"author":40,"featured_media":0,"parent":0,"menu_order":0,"comment_status":"closed","ping_status":"closed","template":"","meta":{"_monsterinsights_skip_tracking":false,"_monsterinsights_sitenote_active":false,"_monsterinsights_sitenote_note":"","_monsterinsights_sitenote_category":0,"footnotes":""},"class_list":["post-3459","page","type-page","status-publish","hentry"],"yoast_head":"<!-- This site is optimized with the Yoast SEO plugin v25.2 - https:\/\/yoast.com\/wordpress\/plugins\/seo\/ -->\n<title>Oportunidades de voluntariado - Madrid For Refugees<\/title>\n<meta name=\"robots\" content=\"index, follow, max-snippet:-1, max-image-preview:large, max-video-preview:-1\" \/>\n<link rel=\"canonical\" href=\"https:\/\/madridforrefugees.org\/es\/oportunidades-de-voluntariado\/\" \/>\n<meta property=\"og:locale\" content=\"es_ES\" \/>\n<meta property=\"og:type\" content=\"article\" \/>\n<meta property=\"og:title\" content=\"Oportunidades de voluntariado - Madrid For Refugees\" \/>\n<meta property=\"og:description\" content=\"Los voluntarios y las voluntarias son las fuerzas impulsoras de Madrid For Refugees Nuestros voluntarios y voluntarias juegan un papel importante en nuestro trabajo y el crecimiento continuo de MFR, mientras nos esforzamos por ayudar a personas refugiadas a integrarse en la sociedad espa\u00f1ola y empoderarlas para crear sus propias &hellip;\" \/>\n<meta property=\"og:url\" content=\"https:\/\/madridforrefugees.org\/es\/oportunidades-de-voluntariado\/\" \/>\n<meta property=\"og:site_name\" content=\"Madrid For Refugees\" \/>\n<meta property=\"article:publisher\" content=\"https:\/\/www.facebook.com\/Madrid4Refugees\/\" \/>\n<meta property=\"article:modified_time\" content=\"2022-04-04T14:21:51+00:00\" \/>\n<meta property=\"og:image\" content=\"https:\/\/madridforrefugees.org\/wp-content\/uploads\/2021\/06\/20210604_194346-1-1024x768.jpg\" \/>\n<meta name=\"twitter:card\" content=\"summary_large_image\" \/>\n<meta name=\"twitter:site\" content=\"@Madrid4Refugees\" \/>\n<meta name=\"twitter:label1\" content=\"Tiempo de lectura\" \/>\n\t<meta name=\"twitter:data1\" content=\"2 minutos\" \/>\n<script type=\"application\/ld+json\" class=\"yoast-schema-graph\">{\"@context\":\"https:\/\/schema.org\",\"@graph\":[{\"@type\":\"WebPage\",\"@id\":\"https:\/\/madridforrefugees.org\/es\/oportunidades-de-voluntariado\/\",\"url\":\"https:\/\/madridforrefugees.org\/es\/oportunidades-de-voluntariado\/\",\"name\":\"Oportunidades de voluntariado - Madrid For Refugees\",\"isPartOf\":{\"@id\":\"https:\/\/madridforrefugees.org\/es\/home-2\/#website\"},\"primaryImageOfPage\":{\"@id\":\"https:\/\/madridforrefugees.org\/es\/oportunidades-de-voluntariado\/#primaryimage\"},\"image\":{\"@id\":\"https:\/\/madridforrefugees.org\/es\/oportunidades-de-voluntariado\/#primaryimage\"},\"thumbnailUrl\":\"https:\/\/madridforrefugees.org\/wp-content\/uploads\/2021\/06\/20210604_194346-1-1024x768.jpg\",\"datePublished\":\"2022-04-04T13:58:59+00:00\",\"dateModified\":\"2022-04-04T14:21:51+00:00\",\"breadcrumb\":{\"@id\":\"https:\/\/madridforrefugees.org\/es\/oportunidades-de-voluntariado\/#breadcrumb\"},\"inLanguage\":\"es\",\"potentialAction\":[{\"@type\":\"ReadAction\",\"target\":[\"https:\/\/madridforrefugees.org\/es\/oportunidades-de-voluntariado\/\"]}]},{\"@type\":\"ImageObject\",\"inLanguage\":\"es\",\"@id\":\"https:\/\/madridforrefugees.org\/es\/oportunidades-de-voluntariado\/#primaryimage\",\"url\":\"https:\/\/madridforrefugees.org\/wp-content\/uploads\/2021\/06\/20210604_194346-1-1024x768.jpg\",\"contentUrl\":\"https:\/\/madridforrefugees.org\/wp-content\/uploads\/2021\/06\/20210604_194346-1-1024x768.jpg\"},{\"@type\":\"BreadcrumbList\",\"@id\":\"https:\/\/madridforrefugees.org\/es\/oportunidades-de-voluntariado\/#breadcrumb\",\"itemListElement\":[{\"@type\":\"ListItem\",\"position\":1,\"name\":\"Home\",\"item\":\"https:\/\/madridforrefugees.org\/es\/\"},{\"@type\":\"ListItem\",\"position\":2,\"name\":\"Oportunidades de voluntariado\"}]},{\"@type\":\"WebSite\",\"@id\":\"https:\/\/madridforrefugees.org\/es\/home-2\/#website\",\"url\":\"https:\/\/madridforrefugees.org\/es\/home-2\/\",\"name\":\"MadridForRefugees\",\"description\":\"Helping Refugees in Madrid and Abroad\",\"publisher\":{\"@id\":\"https:\/\/madridforrefugees.org\/es\/home-2\/#organization\"},\"potentialAction\":[{\"@type\":\"SearchAction\",\"target\":{\"@type\":\"EntryPoint\",\"urlTemplate\":\"https:\/\/madridforrefugees.org\/es\/home-2\/?s={search_term_string}\"},\"query-input\":{\"@type\":\"PropertyValueSpecification\",\"valueRequired\":true,\"valueName\":\"search_term_string\"}}],\"inLanguage\":\"es\"},{\"@type\":\"Organization\",\"@id\":\"https:\/\/madridforrefugees.org\/es\/home-2\/#organization\",\"name\":\"Madrid for Refugees\",\"url\":\"https:\/\/madridforrefugees.org\/es\/home-2\/\",\"logo\":{\"@type\":\"ImageObject\",\"inLanguage\":\"es\",\"@id\":\"https:\/\/madridforrefugees.org\/es\/home-2\/#\/schema\/logo\/image\/\",\"url\":\"https:\/\/madridforrefugees.org\/wp-content\/uploads\/2021\/11\/MFR-Logo-Initials-Words.png\",\"contentUrl\":\"https:\/\/madridforrefugees.org\/wp-content\/uploads\/2021\/11\/MFR-Logo-Initials-Words.png\",\"width\":233,\"height\":83,\"caption\":\"Madrid for Refugees\"},\"image\":{\"@id\":\"https:\/\/madridforrefugees.org\/es\/home-2\/#\/schema\/logo\/image\/\"},\"sameAs\":[\"https:\/\/www.facebook.com\/Madrid4Refugees\/\",\"https:\/\/x.com\/Madrid4Refugees\",\"https:\/\/www.instagram.com\/weloverefugees\/\",\"https:\/\/www.linkedin.com\/company\/madrid-for-refugees\",\"https:\/\/www.pinterest.com\/weloverefugees\/\"]}]}<\/script>\n<!-- \/ Yoast SEO plugin. -->","yoast_head_json":{"title":"Oportunidades de voluntariado - Madrid For Refugees","robots":{"index":"index","follow":"follow","max-snippet":"max-snippet:-1","max-image-preview":"max-image-preview:large","max-video-preview":"max-video-preview:-1"},"canonical":"https:\/\/madridforrefugees.org\/es\/oportunidades-de-voluntariado\/","og_locale":"es_ES","og_type":"article","og_title":"Oportunidades de voluntariado - Madrid For Refugees","og_description":"Los voluntarios y las voluntarias son las fuerzas impulsoras de Madrid For Refugees Nuestros voluntarios y voluntarias juegan un papel importante en nuestro trabajo y el crecimiento continuo de MFR, mientras nos esforzamos por ayudar a personas refugiadas a integrarse en la sociedad espa\u00f1ola y empoderarlas para crear sus propias &hellip;","og_url":"https:\/\/madridforrefugees.org\/es\/oportunidades-de-voluntariado\/","og_site_name":"Madrid For Refugees","article_publisher":"https:\/\/www.facebook.com\/Madrid4Refugees\/","article_modified_time":"2022-04-04T14:21:51+00:00","og_image":[{"url":"https:\/\/madridforrefugees.org\/wp-content\/uploads\/2021\/06\/20210604_194346-1-1024x768.jpg","type":"","width":"","height":""}],"twitter_card":"summary_large_image","twitter_site":"@Madrid4Refugees","twitter_misc":{"Tiempo de lectura":"2 minutos"},"schema":{"@context":"https:\/\/schema.org","@graph":[{"@type":"WebPage","@id":"https:\/\/madridforrefugees.org\/es\/oportunidades-de-voluntariado\/","url":"https:\/\/madridforrefugees.org\/es\/oportunidades-de-voluntariado\/","name":"Oportunidades de voluntariado - Madrid For Refugees","isPartOf":{"@id":"https:\/\/madridforrefugees.org\/es\/home-2\/#website"},"primaryImageOfPage":{"@id":"https:\/\/madridforrefugees.org\/es\/oportunidades-de-voluntariado\/#primaryimage"},"image":{"@id":"https:\/\/madridforrefugees.org\/es\/oportunidades-de-voluntariado\/#primaryimage"},"thumbnailUrl":"https:\/\/madridforrefugees.org\/wp-content\/uploads\/2021\/06\/20210604_194346-1-1024x768.jpg","datePublished":"2022-04-04T13:58:59+00:00","dateModified":"2022-04-04T14:21:51+00:00","breadcrumb":{"@id":"https:\/\/madridforrefugees.org\/es\/oportunidades-de-voluntariado\/#breadcrumb"},"inLanguage":"es","potentialAction":[{"@type":"ReadAction","target":["https:\/\/madridforrefugees.org\/es\/oportunidades-de-voluntariado\/"]}]},{"@type":"ImageObject","inLanguage":"es","@id":"https:\/\/madridforrefugees.org\/es\/oportunidades-de-voluntariado\/#primaryimage","url":"https:\/\/madridforrefugees.org\/wp-content\/uploads\/2021\/06\/20210604_194346-1-1024x768.jpg","contentUrl":"https:\/\/madridforrefugees.org\/wp-content\/uploads\/2021\/06\/20210604_194346-1-1024x768.jpg"},{"@type":"BreadcrumbList","@id":"https:\/\/madridforrefugees.org\/es\/oportunidades-de-voluntariado\/#breadcrumb","itemListElement":[{"@type":"ListItem","position":1,"name":"Home","item":"https:\/\/madridforrefugees.org\/es\/"},{"@type":"ListItem","position":2,"name":"Oportunidades de voluntariado"}]},{"@type":"WebSite","@id":"https:\/\/madridforrefugees.org\/es\/home-2\/#website","url":"https:\/\/madridforrefugees.org\/es\/home-2\/","name":"MadridForRefugees","description":"Helping Refugees in Madrid and Abroad","publisher":{"@id":"https:\/\/madridforrefugees.org\/es\/home-2\/#organization"},"potentialAction":[{"@type":"SearchAction","target":{"@type":"EntryPoint","urlTemplate":"https:\/\/madridforrefugees.org\/es\/home-2\/?s={search_term_string}"},"query-input":{"@type":"PropertyValueSpecification","valueRequired":true,"valueName":"search_term_string"}}],"inLanguage":"es"},{"@type":"Organization","@id":"https:\/\/madridforrefugees.org\/es\/home-2\/#organization","name":"Madrid for Refugees","url":"https:\/\/madridforrefugees.org\/es\/home-2\/","logo":{"@type":"ImageObject","inLanguage":"es","@id":"https:\/\/madridforrefugees.org\/es\/home-2\/#\/schema\/logo\/image\/","url":"https:\/\/madridforrefugees.org\/wp-content\/uploads\/2021\/11\/MFR-Logo-Initials-Words.png","contentUrl":"https:\/\/madridforrefugees.org\/wp-content\/uploads\/2021\/11\/MFR-Logo-Initials-Words.png","width":233,"height":83,"caption":"Madrid for Refugees"},"image":{"@id":"https:\/\/madridforrefugees.org\/es\/home-2\/#\/schema\/logo\/image\/"},"sameAs":["https:\/\/www.facebook.com\/Madrid4Refugees\/","https:\/\/x.com\/Madrid4Refugees","https:\/\/www.instagram.com\/weloverefugees\/","https:\/\/www.linkedin.com\/company\/madrid-for-refugees","https:\/\/www.pinterest.com\/weloverefugees\/"]}]}},"jetpack_likes_enabled":true,"jetpack_sharing_enabled":true,"_links":{"self":[{"href":"https:\/\/madridforrefugees.org\/es\/wp-json\/wp\/v2\/pages\/3459","targetHints":{"allow":["GET"]}}],"collection":[{"href":"https:\/\/madridforrefugees.org\/es\/wp-json\/wp\/v2\/pages"}],"about":[{"href":"https:\/\/madridforrefugees.org\/es\/wp-json\/wp\/v2\/types\/page"}],"author":[{"embeddable":true,"href":"https:\/\/madridforrefugees.org\/es\/wp-json\/wp\/v2\/users\/40"}],"replies":[{"embeddable":true,"href":"https:\/\/madridforrefugees.org\/es\/wp-json\/wp\/v2\/comments?post=3459"}],"version-history":[{"count":4,"href":"https:\/\/madridforrefugees.org\/es\/wp-json\/wp\/v2\/pages\/3459\/revisions"}],"predecessor-version":[{"id":3464,"href":"https:\/\/madridforrefugees.org\/es\/wp-json\/wp\/v2\/pages\/3459\/revisions\/3464"}],"wp:attachment":[{"href":"https:\/\/madridforrefugees.org\/es\/wp-json\/wp\/v2\/media?parent=3459"}],"curies":[{"name":"wp","href":"https:\/\/api.w.org\/{rel}","templated":true}]}}