{"id":4768,"date":"2022-12-15T20:02:16","date_gmt":"2022-12-15T19:02:16","guid":{"rendered":"https:\/\/madridforrefugees.org\/arabe-espanol-intercambio\/"},"modified":"2022-12-15T21:43:23","modified_gmt":"2022-12-15T20:43:23","slug":"arabe-espanol","status":"publish","type":"page","link":"https:\/\/madridforrefugees.org\/es\/arabe-espanol\/","title":{"rendered":"Arabe-Espanol Intercambio"},"content":{"rendered":"<p><img loading=\"lazy\" decoding=\"async\" class=\"size-large wp-image-5112 alignnone\" src=\"https:\/\/madridforrefugees.org\/wp-content\/uploads\/2022\/12\/Banner-1024x451-1.jpg\" alt=\"\" width=\"1024\" height=\"451\" \/><\/p>\n<p>Desde 2017, Madrid for Refugees ofrece intercambios de \u00e1rabe y espa\u00f1ol, iniciativa dise\u00f1ada para promover el aprendizaje de lenguas y la integraci\u00f3n social entre las comunidades diversas que se congregan en Madrid.<\/p>\n<p>M\u00e1s all\u00e1 de un espacio para intercambiar idiomas, nuestros encuentros son tambi\u00e9n una oportunidad para explorar nuevas culturas y construir puentes entre ellas. Invitamos a cualquier persona que est\u00e9 interesada en participar en nuestros intercambios, en los que no solo aprender\u00e1 el idioma y la cultura a trav\u00e9s de la conversaci\u00f3n, sino que tambi\u00e9n conocer\u00e1 a personas con diversas historias y experiencias de vida. Con el fin de que los intercambios sean lo m\u00e1s productivo posible, tratamos de organizar a los participantes en grupos peque\u00f1os de acuerdo a su nivel e inter\u00e9s por dialectos en particular.<\/p>\n<p>A trav\u00e9s de los intercambios reforzar\u00e1s tu confianza al hablar en \u00e1rabe o espa\u00f1ol, y el proceso de aprendizaje y comunicaci\u00f3n ser\u00e1 ciertamente m\u00e1s f\u00e1cil. <strong>Lo mejor del intercambio de idiomas es que entras en contacto con la lengua y la cultura de forma pr\u00e1ctica y real<\/strong>, no con su versi\u00f3n estudiada en libros o grabaciones.<\/p>\n<p>\u00a1Os esperamos en nuestro pr\u00f3ximo intercambio de idiomas \u00e1rabe-espa\u00f1ol!<\/p>\n<p><iframe loading=\"lazy\" title=\"MFR intercambio de idiomas \u00c1rabe \/Espa\u00f1ol\" width=\"1505\" height=\"847\" src=\"https:\/\/www.youtube.com\/embed\/DxNKFFclUc8?feature=oembed\" frameborder=\"0\" allow=\"accelerometer; autoplay; clipboard-write; encrypted-media; gyroscope; picture-in-picture\" allowfullscreen><\/iframe><\/p>\n<p>&nbsp;<\/p>\n<h3>Equipo de los Intercambios de \u00c1rabe-Espa\u00f1ol<\/h3>\n<p><center><\/center><br \/>\n<div class=\"tmm tmm_arabic-spanish-exchange\"><div class=\"tmm_3_columns tmm_wrap tmm_plugin_f\"><span class=\"tmm_two_containers_tablet\"><\/span><div class=\"tmm_container\"><div class=\"tmm_member\" style=\"border-top:#333333 solid 5px;\"><div class=\"tmm_photo tmm_pic_arabic-spanish-exchange_0\" style=\"background: url(https:\/\/madridforrefugees.org\/wp-content\/uploads\/2022\/12\/Capture.jpg); margin-left: auto; margin-right:auto; background-size:cover !important;\"><\/div><div class=\"tmm_textblock\"><div class=\"tmm_names\"><span class=\"tmm_fname\">Pascale<\/span> <span class=\"tmm_lname\">Abou Moussa<\/span><\/div><div class=\"tmm_job\">Exchanges Coordinator\/Moderator<\/div><div class=\"tmm_scblock\"><a target=\"_blank\" class=\"tmm_sociallink\" href=\"https:\/\/www.linkedin.com\/in\/pascale-abou-moussa-62558310a\/\" title=\"\"><img decoding=\"async\" alt=\"\" src=\"https:\/\/madridforrefugees.org\/wp-content\/plugins\/team-members\/inc\/img\/links\/linkedin.png\"\/><\/a><\/div><\/div><\/div><div class=\"tmm_member\" style=\"border-top:#333333 solid 5px;\"><div class=\"tmm_photo tmm_pic_arabic-spanish-exchange_1\" style=\"background: url(https:\/\/madridforrefugees.org\/wp-content\/uploads\/2022\/12\/Capture-2.jpg); margin-left: auto; margin-right:auto; background-size:cover !important;\"><\/div><div class=\"tmm_textblock\"><div class=\"tmm_names\"><span class=\"tmm_fname\">Dominik<\/span> <span class=\"tmm_lname\">Rodakowski<\/span><\/div><div class=\"tmm_job\">Exchanges Coordinator\/Moderator<\/div><div class=\"tmm_scblock\"><a target=\"_blank\" class=\"tmm_sociallink\" href=\"https:\/\/www.linkedin.com\/in\/dominik-rodakowski\/\" title=\"\"><img decoding=\"async\" alt=\"\" src=\"https:\/\/madridforrefugees.org\/wp-content\/plugins\/team-members\/inc\/img\/links\/linkedin.png\"\/><\/a><\/div><\/div><\/div><span class=\"tmm_two_containers_tablet\"><\/span><div class=\"tmm_member\" style=\"border-top:#333333 solid 5px;\"><div class=\"tmm_photo tmm_pic_arabic-spanish-exchange_2\" style=\"background: url(https:\/\/madridforrefugees.org\/wp-content\/uploads\/2022\/12\/Paola.jpeg); margin-left: auto; margin-right:auto; background-size:cover !important;\"><\/div><div class=\"tmm_textblock\"><div class=\"tmm_names\"><span class=\"tmm_fname\">Paola<\/span> <span class=\"tmm_lname\">Ponce<\/span><\/div><div class=\"tmm_job\">Exchanges Coordinator<\/div><div class=\"tmm_scblock\"><a target=\"_blank\" class=\"tmm_sociallink\" href=\"https:\/\/www.linkedin.com\/in\/diana-paola-ponce-a7292351\/\" title=\"\"><img decoding=\"async\" alt=\"\" src=\"https:\/\/madridforrefugees.org\/wp-content\/plugins\/team-members\/inc\/img\/links\/linkedin.png\"\/><\/a><\/div><\/div><\/div><div style=\"clear:both;\"><\/div><\/div><\/div><\/div><\/p>\n","protected":false},"excerpt":{"rendered":"<p>Desde 2017, Madrid for Refugees ofrece intercambios de \u00e1rabe y espa\u00f1ol, iniciativa dise\u00f1ada para promover el aprendizaje de lenguas y la integraci\u00f3n social entre las comunidades diversas que se congregan en Madrid. M\u00e1s all\u00e1 de un espacio para intercambiar idiomas, nuestros encuentros son tambi\u00e9n una oportunidad para explorar nuevas culturas &hellip;<\/p>\n","protected":false},"author":41,"featured_media":0,"parent":0,"menu_order":0,"comment_status":"closed","ping_status":"closed","template":"","meta":{"_monsterinsights_skip_tracking":false,"_monsterinsights_sitenote_active":false,"_monsterinsights_sitenote_note":"","_monsterinsights_sitenote_category":0,"footnotes":""},"class_list":["post-4768","page","type-page","status-publish","hentry"],"yoast_head":"<!-- This site is optimized with the Yoast SEO plugin v25.2 - https:\/\/yoast.com\/wordpress\/plugins\/seo\/ -->\n<title>Arabe-Espanol Intercambio - Madrid For Refugees<\/title>\n<meta name=\"robots\" content=\"index, follow, max-snippet:-1, max-image-preview:large, max-video-preview:-1\" \/>\n<link rel=\"canonical\" href=\"https:\/\/madridforrefugees.org\/es\/arabe-espanol\/\" \/>\n<meta property=\"og:locale\" content=\"es_ES\" \/>\n<meta property=\"og:type\" content=\"article\" \/>\n<meta property=\"og:title\" content=\"Arabe-Espanol Intercambio - Madrid For Refugees\" \/>\n<meta property=\"og:description\" content=\"Desde 2017, Madrid for Refugees ofrece intercambios de \u00e1rabe y espa\u00f1ol, iniciativa dise\u00f1ada para promover el aprendizaje de lenguas y la integraci\u00f3n social entre las comunidades diversas que se congregan en Madrid. M\u00e1s all\u00e1 de un espacio para intercambiar idiomas, nuestros encuentros son tambi\u00e9n una oportunidad para explorar nuevas culturas &hellip;\" \/>\n<meta property=\"og:url\" content=\"https:\/\/madridforrefugees.org\/es\/arabe-espanol\/\" \/>\n<meta property=\"og:site_name\" content=\"Madrid For Refugees\" \/>\n<meta property=\"article:publisher\" content=\"https:\/\/www.facebook.com\/Madrid4Refugees\/\" \/>\n<meta property=\"article:modified_time\" content=\"2022-12-15T20:43:23+00:00\" \/>\n<meta property=\"og:image\" content=\"https:\/\/madridforrefugees.org\/wp-content\/uploads\/2022\/12\/Banner-1024x451-1.jpg\" \/>\n<meta name=\"twitter:card\" content=\"summary_large_image\" \/>\n<meta name=\"twitter:site\" content=\"@Madrid4Refugees\" \/>\n<meta name=\"twitter:label1\" content=\"Tiempo de lectura\" \/>\n\t<meta name=\"twitter:data1\" content=\"2 minutos\" \/>\n<script type=\"application\/ld+json\" class=\"yoast-schema-graph\">{\"@context\":\"https:\/\/schema.org\",\"@graph\":[{\"@type\":\"WebPage\",\"@id\":\"https:\/\/madridforrefugees.org\/es\/arabe-espanol\/\",\"url\":\"https:\/\/madridforrefugees.org\/es\/arabe-espanol\/\",\"name\":\"Arabe-Espanol Intercambio - Madrid For Refugees\",\"isPartOf\":{\"@id\":\"https:\/\/madridforrefugees.org\/es\/home-2\/#website\"},\"primaryImageOfPage\":{\"@id\":\"https:\/\/madridforrefugees.org\/es\/arabe-espanol\/#primaryimage\"},\"image\":{\"@id\":\"https:\/\/madridforrefugees.org\/es\/arabe-espanol\/#primaryimage\"},\"thumbnailUrl\":\"https:\/\/madridforrefugees.org\/wp-content\/uploads\/2022\/12\/Banner-1024x451-1.jpg\",\"datePublished\":\"2022-12-15T19:02:16+00:00\",\"dateModified\":\"2022-12-15T20:43:23+00:00\",\"breadcrumb\":{\"@id\":\"https:\/\/madridforrefugees.org\/es\/arabe-espanol\/#breadcrumb\"},\"inLanguage\":\"es\",\"potentialAction\":[{\"@type\":\"ReadAction\",\"target\":[\"https:\/\/madridforrefugees.org\/es\/arabe-espanol\/\"]}]},{\"@type\":\"ImageObject\",\"inLanguage\":\"es\",\"@id\":\"https:\/\/madridforrefugees.org\/es\/arabe-espanol\/#primaryimage\",\"url\":\"https:\/\/madridforrefugees.org\/wp-content\/uploads\/2022\/12\/Banner-1024x451-1.jpg\",\"contentUrl\":\"https:\/\/madridforrefugees.org\/wp-content\/uploads\/2022\/12\/Banner-1024x451-1.jpg\"},{\"@type\":\"BreadcrumbList\",\"@id\":\"https:\/\/madridforrefugees.org\/es\/arabe-espanol\/#breadcrumb\",\"itemListElement\":[{\"@type\":\"ListItem\",\"position\":1,\"name\":\"Home\",\"item\":\"https:\/\/madridforrefugees.org\/es\/\"},{\"@type\":\"ListItem\",\"position\":2,\"name\":\"Arabe-Espanol Intercambio\"}]},{\"@type\":\"WebSite\",\"@id\":\"https:\/\/madridforrefugees.org\/es\/home-2\/#website\",\"url\":\"https:\/\/madridforrefugees.org\/es\/home-2\/\",\"name\":\"MadridForRefugees\",\"description\":\"Helping Refugees in Madrid and Abroad\",\"publisher\":{\"@id\":\"https:\/\/madridforrefugees.org\/es\/home-2\/#organization\"},\"potentialAction\":[{\"@type\":\"SearchAction\",\"target\":{\"@type\":\"EntryPoint\",\"urlTemplate\":\"https:\/\/madridforrefugees.org\/es\/home-2\/?s={search_term_string}\"},\"query-input\":{\"@type\":\"PropertyValueSpecification\",\"valueRequired\":true,\"valueName\":\"search_term_string\"}}],\"inLanguage\":\"es\"},{\"@type\":\"Organization\",\"@id\":\"https:\/\/madridforrefugees.org\/es\/home-2\/#organization\",\"name\":\"Madrid for Refugees\",\"url\":\"https:\/\/madridforrefugees.org\/es\/home-2\/\",\"logo\":{\"@type\":\"ImageObject\",\"inLanguage\":\"es\",\"@id\":\"https:\/\/madridforrefugees.org\/es\/home-2\/#\/schema\/logo\/image\/\",\"url\":\"https:\/\/madridforrefugees.org\/wp-content\/uploads\/2021\/11\/MFR-Logo-Initials-Words.png\",\"contentUrl\":\"https:\/\/madridforrefugees.org\/wp-content\/uploads\/2021\/11\/MFR-Logo-Initials-Words.png\",\"width\":233,\"height\":83,\"caption\":\"Madrid for Refugees\"},\"image\":{\"@id\":\"https:\/\/madridforrefugees.org\/es\/home-2\/#\/schema\/logo\/image\/\"},\"sameAs\":[\"https:\/\/www.facebook.com\/Madrid4Refugees\/\",\"https:\/\/x.com\/Madrid4Refugees\",\"https:\/\/www.instagram.com\/weloverefugees\/\",\"https:\/\/www.linkedin.com\/company\/madrid-for-refugees\",\"https:\/\/www.pinterest.com\/weloverefugees\/\"]}]}<\/script>\n<!-- \/ Yoast SEO plugin. -->","yoast_head_json":{"title":"Arabe-Espanol Intercambio - Madrid For Refugees","robots":{"index":"index","follow":"follow","max-snippet":"max-snippet:-1","max-image-preview":"max-image-preview:large","max-video-preview":"max-video-preview:-1"},"canonical":"https:\/\/madridforrefugees.org\/es\/arabe-espanol\/","og_locale":"es_ES","og_type":"article","og_title":"Arabe-Espanol Intercambio - Madrid For Refugees","og_description":"Desde 2017, Madrid for Refugees ofrece intercambios de \u00e1rabe y espa\u00f1ol, iniciativa dise\u00f1ada para promover el aprendizaje de lenguas y la integraci\u00f3n social entre las comunidades diversas que se congregan en Madrid. M\u00e1s all\u00e1 de un espacio para intercambiar idiomas, nuestros encuentros son tambi\u00e9n una oportunidad para explorar nuevas culturas &hellip;","og_url":"https:\/\/madridforrefugees.org\/es\/arabe-espanol\/","og_site_name":"Madrid For Refugees","article_publisher":"https:\/\/www.facebook.com\/Madrid4Refugees\/","article_modified_time":"2022-12-15T20:43:23+00:00","og_image":[{"url":"https:\/\/madridforrefugees.org\/wp-content\/uploads\/2022\/12\/Banner-1024x451-1.jpg","type":"","width":"","height":""}],"twitter_card":"summary_large_image","twitter_site":"@Madrid4Refugees","twitter_misc":{"Tiempo de lectura":"2 minutos"},"schema":{"@context":"https:\/\/schema.org","@graph":[{"@type":"WebPage","@id":"https:\/\/madridforrefugees.org\/es\/arabe-espanol\/","url":"https:\/\/madridforrefugees.org\/es\/arabe-espanol\/","name":"Arabe-Espanol Intercambio - Madrid For Refugees","isPartOf":{"@id":"https:\/\/madridforrefugees.org\/es\/home-2\/#website"},"primaryImageOfPage":{"@id":"https:\/\/madridforrefugees.org\/es\/arabe-espanol\/#primaryimage"},"image":{"@id":"https:\/\/madridforrefugees.org\/es\/arabe-espanol\/#primaryimage"},"thumbnailUrl":"https:\/\/madridforrefugees.org\/wp-content\/uploads\/2022\/12\/Banner-1024x451-1.jpg","datePublished":"2022-12-15T19:02:16+00:00","dateModified":"2022-12-15T20:43:23+00:00","breadcrumb":{"@id":"https:\/\/madridforrefugees.org\/es\/arabe-espanol\/#breadcrumb"},"inLanguage":"es","potentialAction":[{"@type":"ReadAction","target":["https:\/\/madridforrefugees.org\/es\/arabe-espanol\/"]}]},{"@type":"ImageObject","inLanguage":"es","@id":"https:\/\/madridforrefugees.org\/es\/arabe-espanol\/#primaryimage","url":"https:\/\/madridforrefugees.org\/wp-content\/uploads\/2022\/12\/Banner-1024x451-1.jpg","contentUrl":"https:\/\/madridforrefugees.org\/wp-content\/uploads\/2022\/12\/Banner-1024x451-1.jpg"},{"@type":"BreadcrumbList","@id":"https:\/\/madridforrefugees.org\/es\/arabe-espanol\/#breadcrumb","itemListElement":[{"@type":"ListItem","position":1,"name":"Home","item":"https:\/\/madridforrefugees.org\/es\/"},{"@type":"ListItem","position":2,"name":"Arabe-Espanol Intercambio"}]},{"@type":"WebSite","@id":"https:\/\/madridforrefugees.org\/es\/home-2\/#website","url":"https:\/\/madridforrefugees.org\/es\/home-2\/","name":"MadridForRefugees","description":"Helping Refugees in Madrid and Abroad","publisher":{"@id":"https:\/\/madridforrefugees.org\/es\/home-2\/#organization"},"potentialAction":[{"@type":"SearchAction","target":{"@type":"EntryPoint","urlTemplate":"https:\/\/madridforrefugees.org\/es\/home-2\/?s={search_term_string}"},"query-input":{"@type":"PropertyValueSpecification","valueRequired":true,"valueName":"search_term_string"}}],"inLanguage":"es"},{"@type":"Organization","@id":"https:\/\/madridforrefugees.org\/es\/home-2\/#organization","name":"Madrid for Refugees","url":"https:\/\/madridforrefugees.org\/es\/home-2\/","logo":{"@type":"ImageObject","inLanguage":"es","@id":"https:\/\/madridforrefugees.org\/es\/home-2\/#\/schema\/logo\/image\/","url":"https:\/\/madridforrefugees.org\/wp-content\/uploads\/2021\/11\/MFR-Logo-Initials-Words.png","contentUrl":"https:\/\/madridforrefugees.org\/wp-content\/uploads\/2021\/11\/MFR-Logo-Initials-Words.png","width":233,"height":83,"caption":"Madrid for Refugees"},"image":{"@id":"https:\/\/madridforrefugees.org\/es\/home-2\/#\/schema\/logo\/image\/"},"sameAs":["https:\/\/www.facebook.com\/Madrid4Refugees\/","https:\/\/x.com\/Madrid4Refugees","https:\/\/www.instagram.com\/weloverefugees\/","https:\/\/www.linkedin.com\/company\/madrid-for-refugees","https:\/\/www.pinterest.com\/weloverefugees\/"]}]}},"jetpack_likes_enabled":true,"jetpack_sharing_enabled":true,"_links":{"self":[{"href":"https:\/\/madridforrefugees.org\/es\/wp-json\/wp\/v2\/pages\/4768","targetHints":{"allow":["GET"]}}],"collection":[{"href":"https:\/\/madridforrefugees.org\/es\/wp-json\/wp\/v2\/pages"}],"about":[{"href":"https:\/\/madridforrefugees.org\/es\/wp-json\/wp\/v2\/types\/page"}],"author":[{"embeddable":true,"href":"https:\/\/madridforrefugees.org\/es\/wp-json\/wp\/v2\/users\/41"}],"replies":[{"embeddable":true,"href":"https:\/\/madridforrefugees.org\/es\/wp-json\/wp\/v2\/comments?post=4768"}],"version-history":[{"count":2,"href":"https:\/\/madridforrefugees.org\/es\/wp-json\/wp\/v2\/pages\/4768\/revisions"}],"predecessor-version":[{"id":4772,"href":"https:\/\/madridforrefugees.org\/es\/wp-json\/wp\/v2\/pages\/4768\/revisions\/4772"}],"wp:attachment":[{"href":"https:\/\/madridforrefugees.org\/es\/wp-json\/wp\/v2\/media?parent=4768"}],"curies":[{"name":"wp","href":"https:\/\/api.w.org\/{rel}","templated":true}]}}