{"id":4988,"date":"2023-05-30T20:42:12","date_gmt":"2023-05-30T18:42:12","guid":{"rendered":"https:\/\/madridforrefugees.org\/job-portals\/"},"modified":"2024-06-05T15:24:20","modified_gmt":"2024-06-05T13:24:20","slug":"job-portals","status":"publish","type":"page","link":"https:\/\/madridforrefugees.org\/es\/job-portals\/","title":{"rendered":"Portales de empleo"},"content":{"rendered":"<p>Los portales de empleo desempe\u00f1an un papel crucial en el mercado laboral moderno, ya que conectan a quienes buscan empleo con una amplia gama de oportunidades laborales. Al consolidar ofertas de trabajo de diversas fuentes, estas plataformas en l\u00ednea ahorran tiempo y esfuerzo a quienes buscan empleo. Con opciones avanzadas de b\u00fasqueda y filtrado, las personas pueden buscar puestos relevantes que coincidan con sus habilidades y preferencias. Los portales de empleo tambi\u00e9n proporcionan una plataforma para crear perfiles completos, lo que permite a los empleadores descubrir f\u00e1cilmente candidatos calificados. En general, los portales de empleo son muy relevantes para agilizar el proceso de b\u00fasqueda de empleo y facilitar las conexiones entre quienes buscan empleo y los empleadores.<\/p>\n<p>Aunque se puede publicar cualquier tipo de trabajo en cualquier portal de empleo, tienden a centrarse en campos espec\u00edficos, como trabajos corporativos (legales, marketing, etc.), trabajos tecnol\u00f3gicos (empleos digitales, otras formas de ingenier\u00eda o funciones t\u00e9cnicas), trabajos no profesionales (vendedor, cajero, fontanero, etc.). Los portales de empleo m\u00e1s relevantes para encontrar oportunidades en Espa\u00f1a son:<\/p>\n<p>&nbsp;<\/p>\n<style>\n.center {<br \/>  margin: auto;<br \/>  width: 60%;<br \/>  border: 3px solid #227BBA;<br \/>  padding: 10px;<br \/>}<br \/><\/style>\n<div class=\"center\">\n<table border=\"1\">\n<tbody>\n<tr>\n<th><strong>Portal<\/strong><\/th>\n<th><strong>P\u00e1gina web<\/strong><\/th>\n<th>Tipos de roles<\/th>\n<th>C\u00f3mo usarlo<\/th>\n<\/tr>\n<tr>\n<td><a href=\"https:\/\/madridforrefugees.org\/wp-content\/uploads\/2023\/05\/Linkedin-logo-1-300x169.png\"><img loading=\"lazy\" decoding=\"async\" class=\"alignnone size-medium wp-image-4857\" src=\"https:\/\/madridforrefugees.org\/wp-content\/uploads\/2023\/05\/Linkedin-logo-1-300x169.png\" alt=\"\" width=\"195\" height=\"108\" \/><\/a><\/td>\n<td><a href=\"https:\/\/www.linkedin.com\/\">linkedin.com<\/a><\/td>\n<td>Empleos corporativos, tecnol\u00f3gicos y creativos<\/td>\n<td><a href=\"https:\/\/www.youtube.com\/watch?v=Ox_ohqsIMAM\">English version<\/a>, <a href=\"https:\/\/www.youtube.com\/watch?v=bddhMlkOXwk\">Versi\u00f3n en espa\u00f1ol<\/a><\/td>\n<\/tr>\n<tr>\n<td><a href=\"https:\/\/madridforrefugees.org\/wp-content\/uploads\/2023\/05\/Infojob-logo-300x130.png\"><img loading=\"lazy\" decoding=\"async\" class=\"alignnone size-medium wp-image-4860\" src=\"https:\/\/madridforrefugees.org\/wp-content\/uploads\/2023\/05\/Infojob-logo-300x130.png\" alt=\"\" width=\"195\" height=\"108\" \/><\/a><\/td>\n<td><a href=\"https:\/\/www.infojobs.net\/\">infojobs.net<\/a><\/td>\n<td>Trabajos profesionales y no profesionales<\/td>\n<td><a href=\"https:\/\/www.youtube.com\/watch?v=OG-uhfEK_1A\" target=\"_blank\" rel=\"noopener\">Versi\u00f3n en espa\u00f1ol<\/a><\/td>\n<\/tr>\n<tr>\n<td><a href=\"https:\/\/madridforrefugees.org\/wp-content\/uploads\/2023\/05\/Indeed-Logo-300x169.png\"><img loading=\"lazy\" decoding=\"async\" class=\"alignnone size-medium wp-image-4862\" src=\"https:\/\/madridforrefugees.org\/wp-content\/uploads\/2023\/05\/Indeed-Logo-300x169.png\" alt=\"\" width=\"195\" height=\"108\" \/><\/a><\/td>\n<td><a href=\"https:\/\/es.indeed.com\">es.indeed.com<\/a><\/td>\n<td>Trabajos profesionales y no profesionales<\/td>\n<td><a href=\"https:\/\/www.indeed.com\/career-advice\/finding-a-job\/how-does-indeed-work\" target=\"_blank\" rel=\"noopener\">English version<\/a>, <a href=\"https:\/\/support.indeed.com\/hc\/es-es?redirect=false&amp;_ga=2.123427531.1919510749.1670835576-2109470559.1670835576\" target=\"_blank\" rel=\"noopener\">Versi\u00f3n en espa\u00f1ol<\/a><\/td>\n<\/tr>\n<tr>\n<td><a href=\"https:\/\/madridforrefugees.org\/wp-content\/uploads\/2023\/05\/infoempleo_logo-300x87.png\"><img loading=\"lazy\" decoding=\"async\" class=\"alignnone size-medium wp-image-4868\" src=\"https:\/\/madridforrefugees.org\/wp-content\/uploads\/2023\/05\/infoempleo_logo-300x87.png\" alt=\"\" width=\"195\" height=\"108\" \/><\/a><\/td>\n<td><a href=\"https:\/\/www.infoempleo.com\/\" target=\"_blank\" rel=\"noopener\">infoempleo.com<\/a><\/td>\n<td>Trabajos profesionales y no profesionales<\/td>\n<td><a href=\"https:\/\/www.infoempleo.com\/preguntas-frecuentes\/\">Versi\u00f3n en espa\u00f1ol<\/a><\/td>\n<\/tr>\n<\/tbody>\n<\/table>\n<\/div>\n<p>Otros portales de empleo que pueden ser relevantes incluyen:<\/p>\n<div>\n<div class=\"center\">\n<table class=\"aligncenter\" border=\"1\">\n<tbody>\n<tr>\n<th>Portal<\/th>\n<th>Tipos de roles<\/th>\n<th>Portal<\/th>\n<th>Tipos de roles<\/th>\n<\/tr>\n<tr>\n<td><a href=\"https:\/\/www.glassdoor.com\/\">Glassdoor<\/a><\/td>\n<td>Trabajos profesionales<\/td>\n<td><a href=\"https:\/\/www.trabajos.com\/\">Trabajos.com<\/a><\/td>\n<td>Trabajos profesionales<\/td>\n<\/tr>\n<tr>\n<td><a href=\"https:\/\/www.monster.es\/\">Monster<\/a><\/td>\n<td>Trabajos profesionales<\/td>\n<td><a href=\"https:\/\/www.opcionempleo.com\/\">Opcionempleo<\/a><\/td>\n<td>Trabajos profesionales<\/td>\n<\/tr>\n<tr>\n<td><a href=\"https:\/\/spain.xpatjobs.com\/\">Xpatjobs<\/a><\/td>\n<td>Trabajos profesionales<\/td>\n<td><a href=\"https:\/\/www.totaljobs.com\/jobs\/in-spain\">Totaljobs<\/a><\/td>\n<td>Trabajos profesionales<\/td>\n<\/tr>\n<tr>\n<td><a href=\"https:\/\/www.thinkspain.com\/jobs-spain\">ThinkSpain<\/a><\/td>\n<td>Trabajos profesionales<\/td>\n<td><a href=\"http:\/\/ticjob.es\">Ticjob<\/a><\/td>\n<td>Trabajos profesionales tecnol\u00f3gicos<\/td>\n<\/tr>\n<tr>\n<td><a href=\"https:\/\/www.tecnoempleo.com\/\">Tecnoempleo<\/a><\/td>\n<td>Trabajos profesionales tecnol\u00f3gicos<\/td>\n<td><a href=\"https:\/\/www.isg.com\/jobs\/index.jsf?dswid=9535\">ISG International Service Group<\/a><\/td>\n<td>Trabajos profesionales tecnol\u00f3gicos<\/td>\n<\/tr>\n<tr>\n<td><a href=\"https:\/\/es.talent.com\/\">Talent.com<\/a><\/td>\n<td>Trabajos profesionales y no profesionales<\/td>\n<td><a href=\"https:\/\/www.trovit.es\/\">Trovit<\/a><\/td>\n<td>Trabajos profesionales y no profesionales<\/td>\n<\/tr>\n<tr>\n<td><a href=\"https:\/\/www.hosco.com\/\">Hosco<\/a><\/td>\n<td>Hosteler\u00eda, turismo, restauraci\u00f3n.<\/td>\n<td><a href=\"https:\/\/www.turijobs.com\/\">Turijobs<\/a><\/td>\n<td>Hosteler\u00eda, turismo, restauraci\u00f3n.<\/td>\n<\/tr>\n<tr>\n<td><a href=\"https:\/\/www.europelanguagejobs.com\/\">Europe Language Jobs<\/a><\/td>\n<td>Empleos de Idiomas y viajes<\/td>\n<td><a href=\"https:\/\/www.behance.net\/joblist\">Behance<\/a><\/td>\n<td>Trabajos creativos<\/td>\n<\/tr>\n<tr>\n<td><a href=\"https:\/\/www.spain-internship.com\/en\/\">Spain Internship<\/a><\/td>\n<td>Pr\u00e1cticas, Trabajos de posgrado<\/td>\n<td><a href=\"https:\/\/www.studentjob.es\/\">StudentJob<\/a><\/td>\n<td>Pr\u00e1cticas, Trabajos de posgrado<\/td>\n<\/tr>\n<\/tbody>\n<\/table>\n<\/div>\n<p>Si desea obtener m\u00e1s apoyo de nuestro equipo, puede solicitarlo a trav\u00e9s de nuestro <a href=\"https:\/\/airtable.com\/shr7HiaA4QKav36ea\">formulario de servicios de Empleabilidad<\/a> (disponible solo en ingl\u00e9s y espa\u00f1ol).<\/p>\n<\/div>\n","protected":false},"excerpt":{"rendered":"<p>Los portales de empleo desempe\u00f1an un papel crucial en el mercado laboral moderno, ya que conectan a quienes buscan empleo con una amplia gama de oportunidades laborales. Al consolidar ofertas de trabajo de diversas fuentes, estas plataformas en l\u00ednea ahorran tiempo y esfuerzo a quienes buscan empleo. Con opciones avanzadas &hellip;<\/p>\n","protected":false},"author":40,"featured_media":0,"parent":0,"menu_order":0,"comment_status":"closed","ping_status":"closed","template":"","meta":{"_monsterinsights_skip_tracking":false,"_monsterinsights_sitenote_active":false,"_monsterinsights_sitenote_note":"","_monsterinsights_sitenote_category":0,"footnotes":""},"class_list":["post-4988","page","type-page","status-publish","hentry"],"yoast_head":"<!-- This site is optimized with the Yoast SEO plugin v25.2 - https:\/\/yoast.com\/wordpress\/plugins\/seo\/ -->\n<title>Portales de empleo - Madrid For Refugees<\/title>\n<meta name=\"robots\" content=\"index, follow, max-snippet:-1, max-image-preview:large, max-video-preview:-1\" \/>\n<link rel=\"canonical\" href=\"https:\/\/madridforrefugees.org\/es\/job-portals\/\" \/>\n<meta property=\"og:locale\" content=\"es_ES\" \/>\n<meta property=\"og:type\" content=\"article\" \/>\n<meta property=\"og:title\" content=\"Portales de empleo - Madrid For Refugees\" \/>\n<meta property=\"og:description\" content=\"Los portales de empleo desempe\u00f1an un papel crucial en el mercado laboral moderno, ya que conectan a quienes buscan empleo con una amplia gama de oportunidades laborales. Al consolidar ofertas de trabajo de diversas fuentes, estas plataformas en l\u00ednea ahorran tiempo y esfuerzo a quienes buscan empleo. Con opciones avanzadas &hellip;\" \/>\n<meta property=\"og:url\" content=\"https:\/\/madridforrefugees.org\/es\/job-portals\/\" \/>\n<meta property=\"og:site_name\" content=\"Madrid For Refugees\" \/>\n<meta property=\"article:publisher\" content=\"https:\/\/www.facebook.com\/Madrid4Refugees\/\" \/>\n<meta property=\"article:modified_time\" content=\"2024-06-05T13:24:20+00:00\" \/>\n<meta property=\"og:image\" content=\"https:\/\/madridforrefugees.org\/wp-content\/uploads\/2023\/05\/Linkedin-logo-1-300x169.png\" \/>\n<meta name=\"twitter:card\" content=\"summary_large_image\" \/>\n<meta name=\"twitter:site\" content=\"@Madrid4Refugees\" \/>\n<meta name=\"twitter:label1\" content=\"Tiempo de lectura\" \/>\n\t<meta name=\"twitter:data1\" content=\"3 minutos\" \/>\n<script type=\"application\/ld+json\" class=\"yoast-schema-graph\">{\"@context\":\"https:\/\/schema.org\",\"@graph\":[{\"@type\":\"WebPage\",\"@id\":\"https:\/\/madridforrefugees.org\/es\/job-portals\/\",\"url\":\"https:\/\/madridforrefugees.org\/es\/job-portals\/\",\"name\":\"Portales de empleo - Madrid For Refugees\",\"isPartOf\":{\"@id\":\"https:\/\/madridforrefugees.org\/es\/home-2\/#website\"},\"primaryImageOfPage\":{\"@id\":\"https:\/\/madridforrefugees.org\/es\/job-portals\/#primaryimage\"},\"image\":{\"@id\":\"https:\/\/madridforrefugees.org\/es\/job-portals\/#primaryimage\"},\"thumbnailUrl\":\"https:\/\/madridforrefugees.org\/wp-content\/uploads\/2023\/05\/Linkedin-logo-1-300x169.png\",\"datePublished\":\"2023-05-30T18:42:12+00:00\",\"dateModified\":\"2024-06-05T13:24:20+00:00\",\"breadcrumb\":{\"@id\":\"https:\/\/madridforrefugees.org\/es\/job-portals\/#breadcrumb\"},\"inLanguage\":\"es\",\"potentialAction\":[{\"@type\":\"ReadAction\",\"target\":[\"https:\/\/madridforrefugees.org\/es\/job-portals\/\"]}]},{\"@type\":\"ImageObject\",\"inLanguage\":\"es\",\"@id\":\"https:\/\/madridforrefugees.org\/es\/job-portals\/#primaryimage\",\"url\":\"https:\/\/madridforrefugees.org\/wp-content\/uploads\/2023\/05\/Linkedin-logo-1-300x169.png\",\"contentUrl\":\"https:\/\/madridforrefugees.org\/wp-content\/uploads\/2023\/05\/Linkedin-logo-1-300x169.png\"},{\"@type\":\"BreadcrumbList\",\"@id\":\"https:\/\/madridforrefugees.org\/es\/job-portals\/#breadcrumb\",\"itemListElement\":[{\"@type\":\"ListItem\",\"position\":1,\"name\":\"Home\",\"item\":\"https:\/\/madridforrefugees.org\/es\/\"},{\"@type\":\"ListItem\",\"position\":2,\"name\":\"Portales de empleo\"}]},{\"@type\":\"WebSite\",\"@id\":\"https:\/\/madridforrefugees.org\/es\/home-2\/#website\",\"url\":\"https:\/\/madridforrefugees.org\/es\/home-2\/\",\"name\":\"MadridForRefugees\",\"description\":\"Helping Refugees in Madrid and Abroad\",\"publisher\":{\"@id\":\"https:\/\/madridforrefugees.org\/es\/home-2\/#organization\"},\"potentialAction\":[{\"@type\":\"SearchAction\",\"target\":{\"@type\":\"EntryPoint\",\"urlTemplate\":\"https:\/\/madridforrefugees.org\/es\/home-2\/?s={search_term_string}\"},\"query-input\":{\"@type\":\"PropertyValueSpecification\",\"valueRequired\":true,\"valueName\":\"search_term_string\"}}],\"inLanguage\":\"es\"},{\"@type\":\"Organization\",\"@id\":\"https:\/\/madridforrefugees.org\/es\/home-2\/#organization\",\"name\":\"Madrid for Refugees\",\"url\":\"https:\/\/madridforrefugees.org\/es\/home-2\/\",\"logo\":{\"@type\":\"ImageObject\",\"inLanguage\":\"es\",\"@id\":\"https:\/\/madridforrefugees.org\/es\/home-2\/#\/schema\/logo\/image\/\",\"url\":\"https:\/\/madridforrefugees.org\/wp-content\/uploads\/2021\/11\/MFR-Logo-Initials-Words.png\",\"contentUrl\":\"https:\/\/madridforrefugees.org\/wp-content\/uploads\/2021\/11\/MFR-Logo-Initials-Words.png\",\"width\":233,\"height\":83,\"caption\":\"Madrid for Refugees\"},\"image\":{\"@id\":\"https:\/\/madridforrefugees.org\/es\/home-2\/#\/schema\/logo\/image\/\"},\"sameAs\":[\"https:\/\/www.facebook.com\/Madrid4Refugees\/\",\"https:\/\/x.com\/Madrid4Refugees\",\"https:\/\/www.instagram.com\/weloverefugees\/\",\"https:\/\/www.linkedin.com\/company\/madrid-for-refugees\",\"https:\/\/www.pinterest.com\/weloverefugees\/\"]}]}<\/script>\n<!-- \/ Yoast SEO plugin. -->","yoast_head_json":{"title":"Portales de empleo - Madrid For Refugees","robots":{"index":"index","follow":"follow","max-snippet":"max-snippet:-1","max-image-preview":"max-image-preview:large","max-video-preview":"max-video-preview:-1"},"canonical":"https:\/\/madridforrefugees.org\/es\/job-portals\/","og_locale":"es_ES","og_type":"article","og_title":"Portales de empleo - Madrid For Refugees","og_description":"Los portales de empleo desempe\u00f1an un papel crucial en el mercado laboral moderno, ya que conectan a quienes buscan empleo con una amplia gama de oportunidades laborales. Al consolidar ofertas de trabajo de diversas fuentes, estas plataformas en l\u00ednea ahorran tiempo y esfuerzo a quienes buscan empleo. Con opciones avanzadas &hellip;","og_url":"https:\/\/madridforrefugees.org\/es\/job-portals\/","og_site_name":"Madrid For Refugees","article_publisher":"https:\/\/www.facebook.com\/Madrid4Refugees\/","article_modified_time":"2024-06-05T13:24:20+00:00","og_image":[{"url":"https:\/\/madridforrefugees.org\/wp-content\/uploads\/2023\/05\/Linkedin-logo-1-300x169.png","type":"","width":"","height":""}],"twitter_card":"summary_large_image","twitter_site":"@Madrid4Refugees","twitter_misc":{"Tiempo de lectura":"3 minutos"},"schema":{"@context":"https:\/\/schema.org","@graph":[{"@type":"WebPage","@id":"https:\/\/madridforrefugees.org\/es\/job-portals\/","url":"https:\/\/madridforrefugees.org\/es\/job-portals\/","name":"Portales de empleo - Madrid For Refugees","isPartOf":{"@id":"https:\/\/madridforrefugees.org\/es\/home-2\/#website"},"primaryImageOfPage":{"@id":"https:\/\/madridforrefugees.org\/es\/job-portals\/#primaryimage"},"image":{"@id":"https:\/\/madridforrefugees.org\/es\/job-portals\/#primaryimage"},"thumbnailUrl":"https:\/\/madridforrefugees.org\/wp-content\/uploads\/2023\/05\/Linkedin-logo-1-300x169.png","datePublished":"2023-05-30T18:42:12+00:00","dateModified":"2024-06-05T13:24:20+00:00","breadcrumb":{"@id":"https:\/\/madridforrefugees.org\/es\/job-portals\/#breadcrumb"},"inLanguage":"es","potentialAction":[{"@type":"ReadAction","target":["https:\/\/madridforrefugees.org\/es\/job-portals\/"]}]},{"@type":"ImageObject","inLanguage":"es","@id":"https:\/\/madridforrefugees.org\/es\/job-portals\/#primaryimage","url":"https:\/\/madridforrefugees.org\/wp-content\/uploads\/2023\/05\/Linkedin-logo-1-300x169.png","contentUrl":"https:\/\/madridforrefugees.org\/wp-content\/uploads\/2023\/05\/Linkedin-logo-1-300x169.png"},{"@type":"BreadcrumbList","@id":"https:\/\/madridforrefugees.org\/es\/job-portals\/#breadcrumb","itemListElement":[{"@type":"ListItem","position":1,"name":"Home","item":"https:\/\/madridforrefugees.org\/es\/"},{"@type":"ListItem","position":2,"name":"Portales de empleo"}]},{"@type":"WebSite","@id":"https:\/\/madridforrefugees.org\/es\/home-2\/#website","url":"https:\/\/madridforrefugees.org\/es\/home-2\/","name":"MadridForRefugees","description":"Helping Refugees in Madrid and Abroad","publisher":{"@id":"https:\/\/madridforrefugees.org\/es\/home-2\/#organization"},"potentialAction":[{"@type":"SearchAction","target":{"@type":"EntryPoint","urlTemplate":"https:\/\/madridforrefugees.org\/es\/home-2\/?s={search_term_string}"},"query-input":{"@type":"PropertyValueSpecification","valueRequired":true,"valueName":"search_term_string"}}],"inLanguage":"es"},{"@type":"Organization","@id":"https:\/\/madridforrefugees.org\/es\/home-2\/#organization","name":"Madrid for Refugees","url":"https:\/\/madridforrefugees.org\/es\/home-2\/","logo":{"@type":"ImageObject","inLanguage":"es","@id":"https:\/\/madridforrefugees.org\/es\/home-2\/#\/schema\/logo\/image\/","url":"https:\/\/madridforrefugees.org\/wp-content\/uploads\/2021\/11\/MFR-Logo-Initials-Words.png","contentUrl":"https:\/\/madridforrefugees.org\/wp-content\/uploads\/2021\/11\/MFR-Logo-Initials-Words.png","width":233,"height":83,"caption":"Madrid for Refugees"},"image":{"@id":"https:\/\/madridforrefugees.org\/es\/home-2\/#\/schema\/logo\/image\/"},"sameAs":["https:\/\/www.facebook.com\/Madrid4Refugees\/","https:\/\/x.com\/Madrid4Refugees","https:\/\/www.instagram.com\/weloverefugees\/","https:\/\/www.linkedin.com\/company\/madrid-for-refugees","https:\/\/www.pinterest.com\/weloverefugees\/"]}]}},"jetpack_likes_enabled":true,"jetpack_sharing_enabled":true,"_links":{"self":[{"href":"https:\/\/madridforrefugees.org\/es\/wp-json\/wp\/v2\/pages\/4988","targetHints":{"allow":["GET"]}}],"collection":[{"href":"https:\/\/madridforrefugees.org\/es\/wp-json\/wp\/v2\/pages"}],"about":[{"href":"https:\/\/madridforrefugees.org\/es\/wp-json\/wp\/v2\/types\/page"}],"author":[{"embeddable":true,"href":"https:\/\/madridforrefugees.org\/es\/wp-json\/wp\/v2\/users\/40"}],"replies":[{"embeddable":true,"href":"https:\/\/madridforrefugees.org\/es\/wp-json\/wp\/v2\/comments?post=4988"}],"version-history":[{"count":2,"href":"https:\/\/madridforrefugees.org\/es\/wp-json\/wp\/v2\/pages\/4988\/revisions"}],"predecessor-version":[{"id":4990,"href":"https:\/\/madridforrefugees.org\/es\/wp-json\/wp\/v2\/pages\/4988\/revisions\/4990"}],"wp:attachment":[{"href":"https:\/\/madridforrefugees.org\/es\/wp-json\/wp\/v2\/media?parent=4988"}],"curies":[{"name":"wp","href":"https:\/\/api.w.org\/{rel}","templated":true}]}}