{"id":5214,"date":"2026-05-13T02:46:10","date_gmt":"2026-05-13T00:46:10","guid":{"rendered":"https:\/\/madridforrefugees.org\/?page_id=5214"},"modified":"2026-05-13T03:28:18","modified_gmt":"2026-05-13T01:28:18","slug":"artistas-residentes","status":"publish","type":"page","link":"https:\/\/madridforrefugees.org\/es\/artistas-residentes\/","title":{"rendered":"Artistas residentes"},"content":{"rendered":"<p><span style=\"font-weight: 400;\">El programa de Artistas Residentes de Madrid For Refugees apoya a artistas migrantes y refugiadas con base en Madrid, ofreci\u00e9ndoles un espacio para desarrollar su pr\u00e1ctica, colaborar con la comunidad de MFR y presentar su trabajo a nuevos p\u00fablicos. Nuestras artistas residentes re\u00fanen disciplinas que abarcan el teatro, la danza, la performance, las artes visuales y la curadur\u00eda cultural, creando programas, exposiciones y eventos que fomentan el di\u00e1logo intercultural y el intercambio art\u00edstico. Las artistas residentes son miembros activas de la comunidad de MFR que dan forma a nuestra programaci\u00f3n cultural y cuyo trabajo refleja las experiencias vividas del desplazamiento, la migraci\u00f3n y la pertenencia.<\/span><\/p>\n<p><span style=\"font-weight: 400;\">Nuestras artistas residentes actuales son <a href=\"https:\/\/madridforrefugees.org\/es\/gabriela-rascon-licano\/\">Gabriela Rasc\u00f3n Licano<\/a>, directora de teatro mexicana, curadora cultural y autora publicada y <a href=\"https:\/\/madridforrefugees.org\/es\/nayara-romero-vjollk\/\">Nayara Romero (VJOLLK)<\/a>, artista multidisciplinaria colombiana, bailarina perform\u00e1tica y fundadora de N\u00f3made Lab en MFR. Juntas aportan una amplia diversidad de pr\u00e1ctica art\u00edstica a MFR, desde la danza contempor\u00e1nea y la performance hasta la direcci\u00f3n esc\u00e9nica, las artes visuales y la creaci\u00f3n literaria.<br \/>\n<\/span><\/p>\n<figure id=\"attachment_5208\" aria-describedby=\"caption-attachment-5208\" style=\"width: 300px\" class=\"wp-caption alignleft\"><a href=\"https:\/\/madridforrefugees.org\/es\/gabriela-rascon-licano\/\"><img loading=\"lazy\" decoding=\"async\" class=\"wp-image-5208 size-medium\" src=\"https:\/\/madridforrefugees.org\/wp-content\/uploads\/2026\/05\/WhatsApp-Image-2026-05-12-at-22.49.34-300x281.jpeg\" alt=\"\" width=\"300\" height=\"281\" srcset=\"https:\/\/madridforrefugees.org\/wp-content\/uploads\/2026\/05\/WhatsApp-Image-2026-05-12-at-22.49.34-300x281.jpeg 300w, https:\/\/madridforrefugees.org\/wp-content\/uploads\/2026\/05\/WhatsApp-Image-2026-05-12-at-22.49.34-768x720.jpeg 768w, https:\/\/madridforrefugees.org\/wp-content\/uploads\/2026\/05\/WhatsApp-Image-2026-05-12-at-22.49.34-213x200.jpeg 213w, https:\/\/madridforrefugees.org\/wp-content\/uploads\/2026\/05\/WhatsApp-Image-2026-05-12-at-22.49.34.jpeg 960w\" sizes=\"auto, (max-width: 300px) 100vw, 300px\" \/><\/a><figcaption id=\"caption-attachment-5208\" class=\"wp-caption-text\">Gabriela Rasc\u00f3n Licano<\/figcaption><\/figure>\n<figure id=\"attachment_5192\" aria-describedby=\"caption-attachment-5192\" style=\"width: 300px\" class=\"wp-caption alignleft\"><a href=\"https:\/\/madridforrefugees.org\/es\/nayara-romero-vjollk\/\"><img loading=\"lazy\" decoding=\"async\" class=\"wp-image-5192 size-medium\" src=\"https:\/\/madridforrefugees.org\/wp-content\/uploads\/2026\/05\/WhatsApp-Image-2026-05-12-at-17.22.25-300x300.jpeg\" alt=\"\" width=\"300\" height=\"300\" srcset=\"https:\/\/madridforrefugees.org\/wp-content\/uploads\/2026\/05\/WhatsApp-Image-2026-05-12-at-17.22.25-300x300.jpeg 300w, https:\/\/madridforrefugees.org\/wp-content\/uploads\/2026\/05\/WhatsApp-Image-2026-05-12-at-17.22.25-1024x1024.jpeg 1024w, https:\/\/madridforrefugees.org\/wp-content\/uploads\/2026\/05\/WhatsApp-Image-2026-05-12-at-17.22.25-150x150.jpeg 150w, https:\/\/madridforrefugees.org\/wp-content\/uploads\/2026\/05\/WhatsApp-Image-2026-05-12-at-17.22.25-768x768.jpeg 768w, https:\/\/madridforrefugees.org\/wp-content\/uploads\/2026\/05\/WhatsApp-Image-2026-05-12-at-17.22.25-200x200.jpeg 200w, https:\/\/madridforrefugees.org\/wp-content\/uploads\/2026\/05\/WhatsApp-Image-2026-05-12-at-17.22.25.jpeg 1080w\" sizes=\"auto, (max-width: 300px) 100vw, 300px\" \/><\/a><figcaption id=\"caption-attachment-5192\" class=\"wp-caption-text\">Nayara Romero &#8211; VJOLLK<\/figcaption><\/figure>\n","protected":false},"excerpt":{"rendered":"<p>El programa de Artistas Residentes de Madrid For Refugees apoya a artistas migrantes y refugiadas con base en Madrid, ofreci\u00e9ndoles un espacio para desarrollar su pr\u00e1ctica, colaborar con la comunidad de MFR y presentar su trabajo a nuevos p\u00fablicos. Nuestras artistas residentes re\u00fanen disciplinas que abarcan el teatro, la danza, &hellip;<\/p>\n","protected":false},"author":5,"featured_media":0,"parent":0,"menu_order":0,"comment_status":"closed","ping_status":"closed","template":"","meta":{"_monsterinsights_skip_tracking":false,"_monsterinsights_sitenote_active":false,"_monsterinsights_sitenote_note":"","_monsterinsights_sitenote_category":0,"footnotes":""},"class_list":["post-5214","page","type-page","status-publish","hentry"],"yoast_head":"<!-- This site is optimized with the Yoast SEO plugin v25.2 - https:\/\/yoast.com\/wordpress\/plugins\/seo\/ -->\n<title>Artistas residentes - Madrid For Refugees<\/title>\n<meta name=\"robots\" content=\"index, follow, max-snippet:-1, max-image-preview:large, max-video-preview:-1\" \/>\n<link rel=\"canonical\" href=\"https:\/\/madridforrefugees.org\/es\/artistas-residentes\/\" \/>\n<meta property=\"og:locale\" content=\"es_ES\" \/>\n<meta property=\"og:type\" content=\"article\" \/>\n<meta property=\"og:title\" content=\"Artistas residentes - Madrid For Refugees\" \/>\n<meta property=\"og:description\" content=\"El programa de Artistas Residentes de Madrid For Refugees apoya a artistas migrantes y refugiadas con base en Madrid, ofreci\u00e9ndoles un espacio para desarrollar su pr\u00e1ctica, colaborar con la comunidad de MFR y presentar su trabajo a nuevos p\u00fablicos. Nuestras artistas residentes re\u00fanen disciplinas que abarcan el teatro, la danza, &hellip;\" \/>\n<meta property=\"og:url\" content=\"https:\/\/madridforrefugees.org\/es\/artistas-residentes\/\" \/>\n<meta property=\"og:site_name\" content=\"Madrid For Refugees\" \/>\n<meta property=\"article:publisher\" content=\"https:\/\/www.facebook.com\/Madrid4Refugees\/\" \/>\n<meta property=\"article:modified_time\" content=\"2026-05-13T01:28:18+00:00\" \/>\n<meta property=\"og:image\" content=\"https:\/\/madridforrefugees.org\/wp-content\/uploads\/2026\/05\/WhatsApp-Image-2026-05-12-at-22.49.34.jpeg\" \/>\n\t<meta property=\"og:image:width\" content=\"960\" \/>\n\t<meta property=\"og:image:height\" content=\"900\" \/>\n\t<meta property=\"og:image:type\" content=\"image\/jpeg\" \/>\n<meta name=\"twitter:card\" content=\"summary_large_image\" \/>\n<meta name=\"twitter:site\" content=\"@Madrid4Refugees\" \/>\n<meta name=\"twitter:label1\" content=\"Tiempo de lectura\" \/>\n\t<meta name=\"twitter:data1\" content=\"2 minutos\" \/>\n<script type=\"application\/ld+json\" class=\"yoast-schema-graph\">{\"@context\":\"https:\/\/schema.org\",\"@graph\":[{\"@type\":\"WebPage\",\"@id\":\"https:\/\/madridforrefugees.org\/es\/artistas-residentes\/\",\"url\":\"https:\/\/madridforrefugees.org\/es\/artistas-residentes\/\",\"name\":\"Artistas residentes - Madrid For Refugees\",\"isPartOf\":{\"@id\":\"https:\/\/madridforrefugees.org\/es\/home-2\/#website\"},\"primaryImageOfPage\":{\"@id\":\"https:\/\/madridforrefugees.org\/es\/artistas-residentes\/#primaryimage\"},\"image\":{\"@id\":\"https:\/\/madridforrefugees.org\/es\/artistas-residentes\/#primaryimage\"},\"thumbnailUrl\":\"https:\/\/madridforrefugees.org\/wp-content\/uploads\/2026\/05\/WhatsApp-Image-2026-05-12-at-22.49.34-300x281.jpeg\",\"datePublished\":\"2026-05-13T00:46:10+00:00\",\"dateModified\":\"2026-05-13T01:28:18+00:00\",\"breadcrumb\":{\"@id\":\"https:\/\/madridforrefugees.org\/es\/artistas-residentes\/#breadcrumb\"},\"inLanguage\":\"es\",\"potentialAction\":[{\"@type\":\"ReadAction\",\"target\":[\"https:\/\/madridforrefugees.org\/es\/artistas-residentes\/\"]}]},{\"@type\":\"ImageObject\",\"inLanguage\":\"es\",\"@id\":\"https:\/\/madridforrefugees.org\/es\/artistas-residentes\/#primaryimage\",\"url\":\"https:\/\/madridforrefugees.org\/wp-content\/uploads\/2026\/05\/WhatsApp-Image-2026-05-12-at-22.49.34-300x281.jpeg\",\"contentUrl\":\"https:\/\/madridforrefugees.org\/wp-content\/uploads\/2026\/05\/WhatsApp-Image-2026-05-12-at-22.49.34-300x281.jpeg\"},{\"@type\":\"BreadcrumbList\",\"@id\":\"https:\/\/madridforrefugees.org\/es\/artistas-residentes\/#breadcrumb\",\"itemListElement\":[{\"@type\":\"ListItem\",\"position\":1,\"name\":\"Home\",\"item\":\"https:\/\/madridforrefugees.org\/es\/\"},{\"@type\":\"ListItem\",\"position\":2,\"name\":\"Artistas residentes\"}]},{\"@type\":\"WebSite\",\"@id\":\"https:\/\/madridforrefugees.org\/es\/home-2\/#website\",\"url\":\"https:\/\/madridforrefugees.org\/es\/home-2\/\",\"name\":\"MadridForRefugees\",\"description\":\"Helping Refugees in Madrid and Abroad\",\"publisher\":{\"@id\":\"https:\/\/madridforrefugees.org\/es\/home-2\/#organization\"},\"potentialAction\":[{\"@type\":\"SearchAction\",\"target\":{\"@type\":\"EntryPoint\",\"urlTemplate\":\"https:\/\/madridforrefugees.org\/es\/home-2\/?s={search_term_string}\"},\"query-input\":{\"@type\":\"PropertyValueSpecification\",\"valueRequired\":true,\"valueName\":\"search_term_string\"}}],\"inLanguage\":\"es\"},{\"@type\":\"Organization\",\"@id\":\"https:\/\/madridforrefugees.org\/es\/home-2\/#organization\",\"name\":\"Madrid for Refugees\",\"url\":\"https:\/\/madridforrefugees.org\/es\/home-2\/\",\"logo\":{\"@type\":\"ImageObject\",\"inLanguage\":\"es\",\"@id\":\"https:\/\/madridforrefugees.org\/es\/home-2\/#\/schema\/logo\/image\/\",\"url\":\"https:\/\/madridforrefugees.org\/wp-content\/uploads\/2021\/11\/MFR-Logo-Initials-Words.png\",\"contentUrl\":\"https:\/\/madridforrefugees.org\/wp-content\/uploads\/2021\/11\/MFR-Logo-Initials-Words.png\",\"width\":233,\"height\":83,\"caption\":\"Madrid for Refugees\"},\"image\":{\"@id\":\"https:\/\/madridforrefugees.org\/es\/home-2\/#\/schema\/logo\/image\/\"},\"sameAs\":[\"https:\/\/www.facebook.com\/Madrid4Refugees\/\",\"https:\/\/x.com\/Madrid4Refugees\",\"https:\/\/www.instagram.com\/weloverefugees\/\",\"https:\/\/www.linkedin.com\/company\/madrid-for-refugees\",\"https:\/\/www.pinterest.com\/weloverefugees\/\"]}]}<\/script>\n<!-- \/ Yoast SEO plugin. -->","yoast_head_json":{"title":"Artistas residentes - Madrid For Refugees","robots":{"index":"index","follow":"follow","max-snippet":"max-snippet:-1","max-image-preview":"max-image-preview:large","max-video-preview":"max-video-preview:-1"},"canonical":"https:\/\/madridforrefugees.org\/es\/artistas-residentes\/","og_locale":"es_ES","og_type":"article","og_title":"Artistas residentes - Madrid For Refugees","og_description":"El programa de Artistas Residentes de Madrid For Refugees apoya a artistas migrantes y refugiadas con base en Madrid, ofreci\u00e9ndoles un espacio para desarrollar su pr\u00e1ctica, colaborar con la comunidad de MFR y presentar su trabajo a nuevos p\u00fablicos. Nuestras artistas residentes re\u00fanen disciplinas que abarcan el teatro, la danza, &hellip;","og_url":"https:\/\/madridforrefugees.org\/es\/artistas-residentes\/","og_site_name":"Madrid For Refugees","article_publisher":"https:\/\/www.facebook.com\/Madrid4Refugees\/","article_modified_time":"2026-05-13T01:28:18+00:00","og_image":[{"width":960,"height":900,"url":"https:\/\/madridforrefugees.org\/wp-content\/uploads\/2026\/05\/WhatsApp-Image-2026-05-12-at-22.49.34.jpeg","type":"image\/jpeg"}],"twitter_card":"summary_large_image","twitter_site":"@Madrid4Refugees","twitter_misc":{"Tiempo de lectura":"2 minutos"},"schema":{"@context":"https:\/\/schema.org","@graph":[{"@type":"WebPage","@id":"https:\/\/madridforrefugees.org\/es\/artistas-residentes\/","url":"https:\/\/madridforrefugees.org\/es\/artistas-residentes\/","name":"Artistas residentes - Madrid For Refugees","isPartOf":{"@id":"https:\/\/madridforrefugees.org\/es\/home-2\/#website"},"primaryImageOfPage":{"@id":"https:\/\/madridforrefugees.org\/es\/artistas-residentes\/#primaryimage"},"image":{"@id":"https:\/\/madridforrefugees.org\/es\/artistas-residentes\/#primaryimage"},"thumbnailUrl":"https:\/\/madridforrefugees.org\/wp-content\/uploads\/2026\/05\/WhatsApp-Image-2026-05-12-at-22.49.34-300x281.jpeg","datePublished":"2026-05-13T00:46:10+00:00","dateModified":"2026-05-13T01:28:18+00:00","breadcrumb":{"@id":"https:\/\/madridforrefugees.org\/es\/artistas-residentes\/#breadcrumb"},"inLanguage":"es","potentialAction":[{"@type":"ReadAction","target":["https:\/\/madridforrefugees.org\/es\/artistas-residentes\/"]}]},{"@type":"ImageObject","inLanguage":"es","@id":"https:\/\/madridforrefugees.org\/es\/artistas-residentes\/#primaryimage","url":"https:\/\/madridforrefugees.org\/wp-content\/uploads\/2026\/05\/WhatsApp-Image-2026-05-12-at-22.49.34-300x281.jpeg","contentUrl":"https:\/\/madridforrefugees.org\/wp-content\/uploads\/2026\/05\/WhatsApp-Image-2026-05-12-at-22.49.34-300x281.jpeg"},{"@type":"BreadcrumbList","@id":"https:\/\/madridforrefugees.org\/es\/artistas-residentes\/#breadcrumb","itemListElement":[{"@type":"ListItem","position":1,"name":"Home","item":"https:\/\/madridforrefugees.org\/es\/"},{"@type":"ListItem","position":2,"name":"Artistas residentes"}]},{"@type":"WebSite","@id":"https:\/\/madridforrefugees.org\/es\/home-2\/#website","url":"https:\/\/madridforrefugees.org\/es\/home-2\/","name":"MadridForRefugees","description":"Helping Refugees in Madrid and Abroad","publisher":{"@id":"https:\/\/madridforrefugees.org\/es\/home-2\/#organization"},"potentialAction":[{"@type":"SearchAction","target":{"@type":"EntryPoint","urlTemplate":"https:\/\/madridforrefugees.org\/es\/home-2\/?s={search_term_string}"},"query-input":{"@type":"PropertyValueSpecification","valueRequired":true,"valueName":"search_term_string"}}],"inLanguage":"es"},{"@type":"Organization","@id":"https:\/\/madridforrefugees.org\/es\/home-2\/#organization","name":"Madrid for Refugees","url":"https:\/\/madridforrefugees.org\/es\/home-2\/","logo":{"@type":"ImageObject","inLanguage":"es","@id":"https:\/\/madridforrefugees.org\/es\/home-2\/#\/schema\/logo\/image\/","url":"https:\/\/madridforrefugees.org\/wp-content\/uploads\/2021\/11\/MFR-Logo-Initials-Words.png","contentUrl":"https:\/\/madridforrefugees.org\/wp-content\/uploads\/2021\/11\/MFR-Logo-Initials-Words.png","width":233,"height":83,"caption":"Madrid for Refugees"},"image":{"@id":"https:\/\/madridforrefugees.org\/es\/home-2\/#\/schema\/logo\/image\/"},"sameAs":["https:\/\/www.facebook.com\/Madrid4Refugees\/","https:\/\/x.com\/Madrid4Refugees","https:\/\/www.instagram.com\/weloverefugees\/","https:\/\/www.linkedin.com\/company\/madrid-for-refugees","https:\/\/www.pinterest.com\/weloverefugees\/"]}]}},"jetpack_likes_enabled":true,"jetpack_sharing_enabled":true,"_links":{"self":[{"href":"https:\/\/madridforrefugees.org\/es\/wp-json\/wp\/v2\/pages\/5214","targetHints":{"allow":["GET"]}}],"collection":[{"href":"https:\/\/madridforrefugees.org\/es\/wp-json\/wp\/v2\/pages"}],"about":[{"href":"https:\/\/madridforrefugees.org\/es\/wp-json\/wp\/v2\/types\/page"}],"author":[{"embeddable":true,"href":"https:\/\/madridforrefugees.org\/es\/wp-json\/wp\/v2\/users\/5"}],"replies":[{"embeddable":true,"href":"https:\/\/madridforrefugees.org\/es\/wp-json\/wp\/v2\/comments?post=5214"}],"version-history":[{"count":9,"href":"https:\/\/madridforrefugees.org\/es\/wp-json\/wp\/v2\/pages\/5214\/revisions"}],"predecessor-version":[{"id":5238,"href":"https:\/\/madridforrefugees.org\/es\/wp-json\/wp\/v2\/pages\/5214\/revisions\/5238"}],"wp:attachment":[{"href":"https:\/\/madridforrefugees.org\/es\/wp-json\/wp\/v2\/media?parent=5214"}],"curies":[{"name":"wp","href":"https:\/\/api.w.org\/{rel}","templated":true}]}}