{"id":581,"date":"2016-05-30T13:44:39","date_gmt":"2016-05-30T11:44:39","guid":{"rendered":"https:\/\/madridforrefugees.org\/?page_id=581"},"modified":"2023-04-09T12:20:45","modified_gmt":"2023-04-09T10:20:45","slug":"hazte-socio","status":"publish","type":"page","link":"https:\/\/madridforrefugees.org\/es\/hazte-socio\/","title":{"rendered":"Hazte socio"},"content":{"rendered":"<h3>MFR ha apoyado directamente a m\u00e1s de <span style=\"color: #0000ff;\">2800 personas refugiadas<\/span>, <span style=\"color: #0000ff;\">440 personas refugiadas<\/span> han completado cursos de formaci\u00f3n y m\u00e1s de <span style=\"color: #0000ff;\">230 voluntarios<\/span> han apoyado el trabajo de MFR.<\/h3>\n<h4>Para garantizar que MFR puede seguir llevando a cabo nuestra importante labor para la comunidad de personas refugiadas, te pedimos tu apoyo.<\/h4>\n<p><script src=\"https:\/\/donorbox.org\/widget.js\" paypalExpress=\"true\"><\/script><iframe loading=\"lazy\" style=\"max-width: 500px; min-width: 250px; max-height: none!important;\" src=\"https:\/\/donorbox.org\/embed\/mfr-es?default_interval=m\" name=\"donorbox\" width=\"100%\" height=\"900px\" frameborder=\"0\" scrolling=\"no\" seamless=\"seamless\"><\/iframe><\/p>\n<p><span style=\"font-weight: 400;\">A continuaci\u00f3n encontrar\u00e1s una descripci\u00f3n general de las tareas que MFR lleva a cabo cada mes:<\/span><\/p>\n<ul>\n<li style=\"font-weight: 400;\" aria-level=\"1\"><span style=\"font-weight: 400;\">Ofrecer cursos formativos y educativos de cara a fomentar la integraci\u00f3n y el acceso a empleo de <\/span><b>,m\u00e1s de 50 personas refugiadas y migrantes<\/b><span style=\"font-weight: 400;\">, impartidos por profesores voluntarios profesionales en peque\u00f1os grupos de hasta seis estudiantes. En la actualidad, MFR ofrece cursos de ingl\u00e9s con fines profesionales, alfabetizaci\u00f3n digital y programaci\u00f3n, as\u00ed como talleres de b\u00fasqueda de empleo y sobre el mundo laboral. Varias organizaciones de refugiados asociadas se encargan de designar a los estudiantes participantes.<\/span><\/li>\n<li style=\"font-weight: 400;\" aria-level=\"1\"><span style=\"font-weight: 400;\">Organizar la recogida y entrega de art\u00edculos esenciales donados en colaboraci\u00f3n con familias de refugiados, centros de acogida con sede en Madrid y ONGs, hasta sumar m\u00e1s de 20 beneficiarios al mes.<\/span><\/li>\n<\/ul>\n<p><span style=\"font-weight: 400;\">Nuestros programas corren a cargo <\/span><a href=\"https:\/\/madridforrefugees.org\/en\/the-organisation\/team\/\"><span style=\"font-weight: 400;\">del personal administrativo de MFR<\/span><\/a><span style=\"font-weight: 400;\">, compuesto por m\u00e1s de 30 voluntarios profesionales.\u00a0<\/span><\/p>\n<p><span style=\"font-weight: 400;\"><strong>Cualquier contribuci\u00f3n, por grande o peque\u00f1a que sea, tiene un gran impacto y nos permite continuar desempe\u00f1ando nuestra importante labor.<\/strong><\/span><span style=\"font-weight: 400;\">Gracias a tu generosidad, MFR podr\u00e1 marcar la diferencia en las vidas de m\u00e1s personas refugiadas. \u00a1Agradecemos, de todo coraz\u00f3n, tu colaboraci\u00f3n!<\/span><\/p>\n<hr \/>\n<p><span style=\"font-weight: 400;\"><strong>Tambi\u00e9n se puede donar con transferencia bancaria o <a href=\"https:\/\/www.paypal.com\/paypalme\/MadridForRefugees\" target=\"_blank\" rel=\"noopener noreferrer\">PayPal<\/a>.<\/strong><\/span><\/p>\n<p><span style=\"font-weight: 400;\">* Si realizas una donaci\u00f3n por transferencia bancaria, \u00a1POR FAVOR ponga su direcci\u00f3n de correo electr\u00f3nico en el concepto o avisa a <a href=\"mailto:info@madridforrefugees.org\">info@madridforrefugees.org<\/a> para que podamos enviar el recibo de la donaci\u00f3n y un mensaje de agradecimiento!<br \/>\nIBAN: ES96 0081 0575 7800 0129 5031<br \/>\nBIC: BSABESBB<br \/>\nBank: BANCO DE SABADELL, S.A.<br \/>\nCIF: G87483087<\/span><\/p>\n<h6>Para donar bienes, haz clic\u00a0<a href=\"https:\/\/madridforrefugees.org\/?p=773\">aqui<\/a>.<\/h6>\n","protected":false},"excerpt":{"rendered":"<p>MFR ha apoyado directamente a m\u00e1s de 2800 personas refugiadas, 440 personas refugiadas han completado cursos de formaci\u00f3n y m\u00e1s de 230 voluntarios han apoyado el trabajo de MFR. Para garantizar que MFR puede seguir llevando a cabo nuestra importante labor para la comunidad de personas refugiadas, te pedimos tu &hellip;<\/p>\n","protected":false},"author":5,"featured_media":3064,"parent":0,"menu_order":0,"comment_status":"closed","ping_status":"closed","template":"","meta":{"_monsterinsights_skip_tracking":false,"_monsterinsights_sitenote_active":false,"_monsterinsights_sitenote_note":"","_monsterinsights_sitenote_category":0,"footnotes":""},"class_list":["post-581","page","type-page","status-publish","has-post-thumbnail","hentry"],"yoast_head":"<!-- This site is optimized with the Yoast SEO plugin v25.2 - https:\/\/yoast.com\/wordpress\/plugins\/seo\/ -->\n<title>Hazte socio - Madrid For Refugees<\/title>\n<meta name=\"robots\" content=\"index, follow, max-snippet:-1, max-image-preview:large, max-video-preview:-1\" \/>\n<link rel=\"canonical\" href=\"https:\/\/madridforrefugees.org\/es\/hazte-socio\/\" \/>\n<meta property=\"og:locale\" content=\"es_ES\" \/>\n<meta property=\"og:type\" content=\"article\" \/>\n<meta property=\"og:title\" content=\"Hazte socio - Madrid For Refugees\" \/>\n<meta property=\"og:description\" content=\"MFR ha apoyado directamente a m\u00e1s de 2800 personas refugiadas, 440 personas refugiadas han completado cursos de formaci\u00f3n y m\u00e1s de 230 voluntarios han apoyado el trabajo de MFR. Para garantizar que MFR puede seguir llevando a cabo nuestra importante labor para la comunidad de personas refugiadas, te pedimos tu &hellip;\" \/>\n<meta property=\"og:url\" content=\"https:\/\/madridforrefugees.org\/es\/hazte-socio\/\" \/>\n<meta property=\"og:site_name\" content=\"Madrid For Refugees\" \/>\n<meta property=\"article:publisher\" content=\"https:\/\/www.facebook.com\/Madrid4Refugees\/\" \/>\n<meta property=\"article:modified_time\" content=\"2023-04-09T10:20:45+00:00\" \/>\n<meta property=\"og:image\" content=\"https:\/\/madridforrefugees.org\/wp-content\/uploads\/2021\/05\/mfrpark.jpeg\" \/>\n\t<meta property=\"og:image:width\" content=\"1460\" \/>\n\t<meta property=\"og:image:height\" content=\"908\" \/>\n\t<meta property=\"og:image:type\" content=\"image\/jpeg\" \/>\n<meta name=\"twitter:card\" content=\"summary_large_image\" \/>\n<meta name=\"twitter:site\" content=\"@Madrid4Refugees\" \/>\n<meta name=\"twitter:label1\" content=\"Tiempo de lectura\" \/>\n\t<meta name=\"twitter:data1\" content=\"2 minutos\" \/>\n<script type=\"application\/ld+json\" class=\"yoast-schema-graph\">{\"@context\":\"https:\/\/schema.org\",\"@graph\":[{\"@type\":\"WebPage\",\"@id\":\"https:\/\/madridforrefugees.org\/es\/hazte-socio\/\",\"url\":\"https:\/\/madridforrefugees.org\/es\/hazte-socio\/\",\"name\":\"Hazte socio - Madrid For Refugees\",\"isPartOf\":{\"@id\":\"https:\/\/madridforrefugees.org\/es\/home-2\/#website\"},\"primaryImageOfPage\":{\"@id\":\"https:\/\/madridforrefugees.org\/es\/hazte-socio\/#primaryimage\"},\"image\":{\"@id\":\"https:\/\/madridforrefugees.org\/es\/hazte-socio\/#primaryimage\"},\"thumbnailUrl\":\"https:\/\/madridforrefugees.org\/wp-content\/uploads\/2021\/05\/mfrpark.jpeg\",\"datePublished\":\"2016-05-30T11:44:39+00:00\",\"dateModified\":\"2023-04-09T10:20:45+00:00\",\"breadcrumb\":{\"@id\":\"https:\/\/madridforrefugees.org\/es\/hazte-socio\/#breadcrumb\"},\"inLanguage\":\"es\",\"potentialAction\":[{\"@type\":\"ReadAction\",\"target\":[\"https:\/\/madridforrefugees.org\/es\/hazte-socio\/\"]}]},{\"@type\":\"ImageObject\",\"inLanguage\":\"es\",\"@id\":\"https:\/\/madridforrefugees.org\/es\/hazte-socio\/#primaryimage\",\"url\":\"https:\/\/madridforrefugees.org\/wp-content\/uploads\/2021\/05\/mfrpark.jpeg\",\"contentUrl\":\"https:\/\/madridforrefugees.org\/wp-content\/uploads\/2021\/05\/mfrpark.jpeg\",\"width\":1460,\"height\":908},{\"@type\":\"BreadcrumbList\",\"@id\":\"https:\/\/madridforrefugees.org\/es\/hazte-socio\/#breadcrumb\",\"itemListElement\":[{\"@type\":\"ListItem\",\"position\":1,\"name\":\"Home\",\"item\":\"https:\/\/madridforrefugees.org\/es\/\"},{\"@type\":\"ListItem\",\"position\":2,\"name\":\"Hazte socio\"}]},{\"@type\":\"WebSite\",\"@id\":\"https:\/\/madridforrefugees.org\/es\/home-2\/#website\",\"url\":\"https:\/\/madridforrefugees.org\/es\/home-2\/\",\"name\":\"MadridForRefugees\",\"description\":\"Helping Refugees in Madrid and Abroad\",\"publisher\":{\"@id\":\"https:\/\/madridforrefugees.org\/es\/home-2\/#organization\"},\"potentialAction\":[{\"@type\":\"SearchAction\",\"target\":{\"@type\":\"EntryPoint\",\"urlTemplate\":\"https:\/\/madridforrefugees.org\/es\/home-2\/?s={search_term_string}\"},\"query-input\":{\"@type\":\"PropertyValueSpecification\",\"valueRequired\":true,\"valueName\":\"search_term_string\"}}],\"inLanguage\":\"es\"},{\"@type\":\"Organization\",\"@id\":\"https:\/\/madridforrefugees.org\/es\/home-2\/#organization\",\"name\":\"Madrid for Refugees\",\"url\":\"https:\/\/madridforrefugees.org\/es\/home-2\/\",\"logo\":{\"@type\":\"ImageObject\",\"inLanguage\":\"es\",\"@id\":\"https:\/\/madridforrefugees.org\/es\/home-2\/#\/schema\/logo\/image\/\",\"url\":\"https:\/\/madridforrefugees.org\/wp-content\/uploads\/2021\/11\/MFR-Logo-Initials-Words.png\",\"contentUrl\":\"https:\/\/madridforrefugees.org\/wp-content\/uploads\/2021\/11\/MFR-Logo-Initials-Words.png\",\"width\":233,\"height\":83,\"caption\":\"Madrid for Refugees\"},\"image\":{\"@id\":\"https:\/\/madridforrefugees.org\/es\/home-2\/#\/schema\/logo\/image\/\"},\"sameAs\":[\"https:\/\/www.facebook.com\/Madrid4Refugees\/\",\"https:\/\/x.com\/Madrid4Refugees\",\"https:\/\/www.instagram.com\/weloverefugees\/\",\"https:\/\/www.linkedin.com\/company\/madrid-for-refugees\",\"https:\/\/www.pinterest.com\/weloverefugees\/\"]}]}<\/script>\n<!-- \/ Yoast SEO plugin. -->","yoast_head_json":{"title":"Hazte socio - Madrid For Refugees","robots":{"index":"index","follow":"follow","max-snippet":"max-snippet:-1","max-image-preview":"max-image-preview:large","max-video-preview":"max-video-preview:-1"},"canonical":"https:\/\/madridforrefugees.org\/es\/hazte-socio\/","og_locale":"es_ES","og_type":"article","og_title":"Hazte socio - Madrid For Refugees","og_description":"MFR ha apoyado directamente a m\u00e1s de 2800 personas refugiadas, 440 personas refugiadas han completado cursos de formaci\u00f3n y m\u00e1s de 230 voluntarios han apoyado el trabajo de MFR. Para garantizar que MFR puede seguir llevando a cabo nuestra importante labor para la comunidad de personas refugiadas, te pedimos tu &hellip;","og_url":"https:\/\/madridforrefugees.org\/es\/hazte-socio\/","og_site_name":"Madrid For Refugees","article_publisher":"https:\/\/www.facebook.com\/Madrid4Refugees\/","article_modified_time":"2023-04-09T10:20:45+00:00","og_image":[{"width":1460,"height":908,"url":"https:\/\/madridforrefugees.org\/wp-content\/uploads\/2021\/05\/mfrpark.jpeg","type":"image\/jpeg"}],"twitter_card":"summary_large_image","twitter_site":"@Madrid4Refugees","twitter_misc":{"Tiempo de lectura":"2 minutos"},"schema":{"@context":"https:\/\/schema.org","@graph":[{"@type":"WebPage","@id":"https:\/\/madridforrefugees.org\/es\/hazte-socio\/","url":"https:\/\/madridforrefugees.org\/es\/hazte-socio\/","name":"Hazte socio - Madrid For Refugees","isPartOf":{"@id":"https:\/\/madridforrefugees.org\/es\/home-2\/#website"},"primaryImageOfPage":{"@id":"https:\/\/madridforrefugees.org\/es\/hazte-socio\/#primaryimage"},"image":{"@id":"https:\/\/madridforrefugees.org\/es\/hazte-socio\/#primaryimage"},"thumbnailUrl":"https:\/\/madridforrefugees.org\/wp-content\/uploads\/2021\/05\/mfrpark.jpeg","datePublished":"2016-05-30T11:44:39+00:00","dateModified":"2023-04-09T10:20:45+00:00","breadcrumb":{"@id":"https:\/\/madridforrefugees.org\/es\/hazte-socio\/#breadcrumb"},"inLanguage":"es","potentialAction":[{"@type":"ReadAction","target":["https:\/\/madridforrefugees.org\/es\/hazte-socio\/"]}]},{"@type":"ImageObject","inLanguage":"es","@id":"https:\/\/madridforrefugees.org\/es\/hazte-socio\/#primaryimage","url":"https:\/\/madridforrefugees.org\/wp-content\/uploads\/2021\/05\/mfrpark.jpeg","contentUrl":"https:\/\/madridforrefugees.org\/wp-content\/uploads\/2021\/05\/mfrpark.jpeg","width":1460,"height":908},{"@type":"BreadcrumbList","@id":"https:\/\/madridforrefugees.org\/es\/hazte-socio\/#breadcrumb","itemListElement":[{"@type":"ListItem","position":1,"name":"Home","item":"https:\/\/madridforrefugees.org\/es\/"},{"@type":"ListItem","position":2,"name":"Hazte socio"}]},{"@type":"WebSite","@id":"https:\/\/madridforrefugees.org\/es\/home-2\/#website","url":"https:\/\/madridforrefugees.org\/es\/home-2\/","name":"MadridForRefugees","description":"Helping Refugees in Madrid and Abroad","publisher":{"@id":"https:\/\/madridforrefugees.org\/es\/home-2\/#organization"},"potentialAction":[{"@type":"SearchAction","target":{"@type":"EntryPoint","urlTemplate":"https:\/\/madridforrefugees.org\/es\/home-2\/?s={search_term_string}"},"query-input":{"@type":"PropertyValueSpecification","valueRequired":true,"valueName":"search_term_string"}}],"inLanguage":"es"},{"@type":"Organization","@id":"https:\/\/madridforrefugees.org\/es\/home-2\/#organization","name":"Madrid for Refugees","url":"https:\/\/madridforrefugees.org\/es\/home-2\/","logo":{"@type":"ImageObject","inLanguage":"es","@id":"https:\/\/madridforrefugees.org\/es\/home-2\/#\/schema\/logo\/image\/","url":"https:\/\/madridforrefugees.org\/wp-content\/uploads\/2021\/11\/MFR-Logo-Initials-Words.png","contentUrl":"https:\/\/madridforrefugees.org\/wp-content\/uploads\/2021\/11\/MFR-Logo-Initials-Words.png","width":233,"height":83,"caption":"Madrid for Refugees"},"image":{"@id":"https:\/\/madridforrefugees.org\/es\/home-2\/#\/schema\/logo\/image\/"},"sameAs":["https:\/\/www.facebook.com\/Madrid4Refugees\/","https:\/\/x.com\/Madrid4Refugees","https:\/\/www.instagram.com\/weloverefugees\/","https:\/\/www.linkedin.com\/company\/madrid-for-refugees","https:\/\/www.pinterest.com\/weloverefugees\/"]}]}},"jetpack_likes_enabled":true,"jetpack_sharing_enabled":true,"_links":{"self":[{"href":"https:\/\/madridforrefugees.org\/es\/wp-json\/wp\/v2\/pages\/581","targetHints":{"allow":["GET"]}}],"collection":[{"href":"https:\/\/madridforrefugees.org\/es\/wp-json\/wp\/v2\/pages"}],"about":[{"href":"https:\/\/madridforrefugees.org\/es\/wp-json\/wp\/v2\/types\/page"}],"author":[{"embeddable":true,"href":"https:\/\/madridforrefugees.org\/es\/wp-json\/wp\/v2\/users\/5"}],"replies":[{"embeddable":true,"href":"https:\/\/madridforrefugees.org\/es\/wp-json\/wp\/v2\/comments?post=581"}],"version-history":[{"count":1,"href":"https:\/\/madridforrefugees.org\/es\/wp-json\/wp\/v2\/pages\/581\/revisions"}],"predecessor-version":[{"id":4820,"href":"https:\/\/madridforrefugees.org\/es\/wp-json\/wp\/v2\/pages\/581\/revisions\/4820"}],"wp:featuredmedia":[{"embeddable":true,"href":"https:\/\/madridforrefugees.org\/es\/wp-json\/wp\/v2\/media\/3064"}],"wp:attachment":[{"href":"https:\/\/madridforrefugees.org\/es\/wp-json\/wp\/v2\/media?parent=581"}],"curies":[{"name":"wp","href":"https:\/\/api.w.org\/{rel}","templated":true}]}}