{"id":583,"date":"2016-10-12T21:28:20","date_gmt":"2016-10-12T19:28:20","guid":{"rendered":"https:\/\/madridforrefugees.org\/?page_id=583"},"modified":"2017-04-14T23:06:41","modified_gmt":"2017-04-14T21:06:41","slug":"sobre-nosotros","status":"publish","type":"page","link":"https:\/\/madridforrefugees.org\/es\/sobre-nosotros\/","title":{"rendered":"Qui\u00e9nes Somos"},"content":{"rendered":"<p>Madrid for Refugees (MFR) es una organizaci\u00f3n ya arraigada y en continuo crecimiento, nacida de la voluntad de decenas de desconocidos de actuar ante la crisis de refugiados que ha sacudido a Europa. Su misi\u00f3n: ayudar y empoderar refugiados de todas las nacionalidades en Madrid a trav\u00e9s de donativos, campa\u00f1as de recaudaci\u00f3n de fondos, de divulgaci\u00f3n y de concienciaci\u00f3n. MFR est\u00e1 formada exclusivamente por devotos voluntarios y se une a acciones ya existentes de ayuda a los refugiados de forma pr\u00e1ctica e inmediata. Trabajamos estrechamente con la <a href=\"http:\/\/www.lakalle.org\/\">Asociaci\u00f3n Cultural La Kalle<\/a> en el Centro de Acogida de Refugiados (CAR) de Vallecas, con el CAR Alcobendas, as\u00ed como tambi\u00e9n con familias individuales.<\/p>\n<p>&nbsp;<\/p>\n<p>Nuestras labores incluyen:<\/p>\n<ul>\n<li>Coordinar env\u00edos de donaciones de ropa, productos de higiene y bienes del hogar<\/li>\n<li>Proporcionar apoyo para encontrar viviendas y ofertas de trabajo<\/li>\n<li>Organizar cursos en los centros de refugiados (yoga, guitarra, idiomas, etc.)<\/li>\n<li>Utilizar las redes sociales para concienciar sobre la actual crisis de refugiados<\/li>\n<li>Organizar eventos de concienciaci\u00f3n y de captaci\u00f3n de fondos<\/li>\n<\/ul>\n<p>&nbsp;<\/p>\n","protected":false},"excerpt":{"rendered":"<p>Madrid for Refugees (MFR) es una organizaci\u00f3n ya arraigada y en continuo crecimiento, nacida de la voluntad de decenas de desconocidos de actuar ante la crisis de refugiados que ha sacudido a Europa. Su misi\u00f3n: ayudar y empoderar refugiados de todas las nacionalidades en Madrid a trav\u00e9s de donativos, campa\u00f1as &hellip;<\/p>\n","protected":false},"author":5,"featured_media":0,"parent":0,"menu_order":1,"comment_status":"closed","ping_status":"closed","template":"","meta":{"_monsterinsights_skip_tracking":false,"_monsterinsights_sitenote_active":false,"_monsterinsights_sitenote_note":"","_monsterinsights_sitenote_category":0,"footnotes":""},"class_list":["post-583","page","type-page","status-publish","hentry"],"yoast_head":"<!-- This site is optimized with the Yoast SEO plugin v25.2 - https:\/\/yoast.com\/wordpress\/plugins\/seo\/ -->\n<title>Qui\u00e9nes Somos - Madrid For Refugees<\/title>\n<meta name=\"robots\" content=\"index, follow, max-snippet:-1, max-image-preview:large, max-video-preview:-1\" \/>\n<link rel=\"canonical\" href=\"https:\/\/madridforrefugees.org\/es\/sobre-nosotros\/\" \/>\n<meta property=\"og:locale\" content=\"es_ES\" \/>\n<meta property=\"og:type\" content=\"article\" \/>\n<meta property=\"og:title\" content=\"Qui\u00e9nes Somos - Madrid For Refugees\" \/>\n<meta property=\"og:description\" content=\"Madrid for Refugees (MFR) es una organizaci\u00f3n ya arraigada y en continuo crecimiento, nacida de la voluntad de decenas de desconocidos de actuar ante la crisis de refugiados que ha sacudido a Europa. Su misi\u00f3n: ayudar y empoderar refugiados de todas las nacionalidades en Madrid a trav\u00e9s de donativos, campa\u00f1as &hellip;\" \/>\n<meta property=\"og:url\" content=\"https:\/\/madridforrefugees.org\/es\/sobre-nosotros\/\" \/>\n<meta property=\"og:site_name\" content=\"Madrid For Refugees\" \/>\n<meta property=\"article:publisher\" content=\"https:\/\/www.facebook.com\/Madrid4Refugees\/\" \/>\n<meta property=\"article:modified_time\" content=\"2017-04-14T21:06:41+00:00\" \/>\n<meta name=\"twitter:card\" content=\"summary_large_image\" \/>\n<meta name=\"twitter:site\" content=\"@Madrid4Refugees\" \/>\n<meta name=\"twitter:label1\" content=\"Tiempo de lectura\" \/>\n\t<meta name=\"twitter:data1\" content=\"1 minuto\" \/>\n<script type=\"application\/ld+json\" class=\"yoast-schema-graph\">{\"@context\":\"https:\/\/schema.org\",\"@graph\":[{\"@type\":\"WebPage\",\"@id\":\"https:\/\/madridforrefugees.org\/es\/sobre-nosotros\/\",\"url\":\"https:\/\/madridforrefugees.org\/es\/sobre-nosotros\/\",\"name\":\"Qui\u00e9nes Somos - Madrid For Refugees\",\"isPartOf\":{\"@id\":\"https:\/\/madridforrefugees.org\/es\/home-2\/#website\"},\"datePublished\":\"2016-10-12T19:28:20+00:00\",\"dateModified\":\"2017-04-14T21:06:41+00:00\",\"breadcrumb\":{\"@id\":\"https:\/\/madridforrefugees.org\/es\/sobre-nosotros\/#breadcrumb\"},\"inLanguage\":\"es\",\"potentialAction\":[{\"@type\":\"ReadAction\",\"target\":[\"https:\/\/madridforrefugees.org\/es\/sobre-nosotros\/\"]}]},{\"@type\":\"BreadcrumbList\",\"@id\":\"https:\/\/madridforrefugees.org\/es\/sobre-nosotros\/#breadcrumb\",\"itemListElement\":[{\"@type\":\"ListItem\",\"position\":1,\"name\":\"Home\",\"item\":\"https:\/\/madridforrefugees.org\/es\/\"},{\"@type\":\"ListItem\",\"position\":2,\"name\":\"Qui\u00e9nes Somos\"}]},{\"@type\":\"WebSite\",\"@id\":\"https:\/\/madridforrefugees.org\/es\/home-2\/#website\",\"url\":\"https:\/\/madridforrefugees.org\/es\/home-2\/\",\"name\":\"MadridForRefugees\",\"description\":\"Helping Refugees in Madrid and Abroad\",\"publisher\":{\"@id\":\"https:\/\/madridforrefugees.org\/es\/home-2\/#organization\"},\"potentialAction\":[{\"@type\":\"SearchAction\",\"target\":{\"@type\":\"EntryPoint\",\"urlTemplate\":\"https:\/\/madridforrefugees.org\/es\/home-2\/?s={search_term_string}\"},\"query-input\":{\"@type\":\"PropertyValueSpecification\",\"valueRequired\":true,\"valueName\":\"search_term_string\"}}],\"inLanguage\":\"es\"},{\"@type\":\"Organization\",\"@id\":\"https:\/\/madridforrefugees.org\/es\/home-2\/#organization\",\"name\":\"Madrid for Refugees\",\"url\":\"https:\/\/madridforrefugees.org\/es\/home-2\/\",\"logo\":{\"@type\":\"ImageObject\",\"inLanguage\":\"es\",\"@id\":\"https:\/\/madridforrefugees.org\/es\/home-2\/#\/schema\/logo\/image\/\",\"url\":\"https:\/\/madridforrefugees.org\/wp-content\/uploads\/2021\/11\/MFR-Logo-Initials-Words.png\",\"contentUrl\":\"https:\/\/madridforrefugees.org\/wp-content\/uploads\/2021\/11\/MFR-Logo-Initials-Words.png\",\"width\":233,\"height\":83,\"caption\":\"Madrid for Refugees\"},\"image\":{\"@id\":\"https:\/\/madridforrefugees.org\/es\/home-2\/#\/schema\/logo\/image\/\"},\"sameAs\":[\"https:\/\/www.facebook.com\/Madrid4Refugees\/\",\"https:\/\/x.com\/Madrid4Refugees\",\"https:\/\/www.instagram.com\/weloverefugees\/\",\"https:\/\/www.linkedin.com\/company\/madrid-for-refugees\",\"https:\/\/www.pinterest.com\/weloverefugees\/\"]}]}<\/script>\n<!-- \/ Yoast SEO plugin. -->","yoast_head_json":{"title":"Qui\u00e9nes Somos - Madrid For Refugees","robots":{"index":"index","follow":"follow","max-snippet":"max-snippet:-1","max-image-preview":"max-image-preview:large","max-video-preview":"max-video-preview:-1"},"canonical":"https:\/\/madridforrefugees.org\/es\/sobre-nosotros\/","og_locale":"es_ES","og_type":"article","og_title":"Qui\u00e9nes Somos - Madrid For Refugees","og_description":"Madrid for Refugees (MFR) es una organizaci\u00f3n ya arraigada y en continuo crecimiento, nacida de la voluntad de decenas de desconocidos de actuar ante la crisis de refugiados que ha sacudido a Europa. Su misi\u00f3n: ayudar y empoderar refugiados de todas las nacionalidades en Madrid a trav\u00e9s de donativos, campa\u00f1as &hellip;","og_url":"https:\/\/madridforrefugees.org\/es\/sobre-nosotros\/","og_site_name":"Madrid For Refugees","article_publisher":"https:\/\/www.facebook.com\/Madrid4Refugees\/","article_modified_time":"2017-04-14T21:06:41+00:00","twitter_card":"summary_large_image","twitter_site":"@Madrid4Refugees","twitter_misc":{"Tiempo de lectura":"1 minuto"},"schema":{"@context":"https:\/\/schema.org","@graph":[{"@type":"WebPage","@id":"https:\/\/madridforrefugees.org\/es\/sobre-nosotros\/","url":"https:\/\/madridforrefugees.org\/es\/sobre-nosotros\/","name":"Qui\u00e9nes Somos - Madrid For Refugees","isPartOf":{"@id":"https:\/\/madridforrefugees.org\/es\/home-2\/#website"},"datePublished":"2016-10-12T19:28:20+00:00","dateModified":"2017-04-14T21:06:41+00:00","breadcrumb":{"@id":"https:\/\/madridforrefugees.org\/es\/sobre-nosotros\/#breadcrumb"},"inLanguage":"es","potentialAction":[{"@type":"ReadAction","target":["https:\/\/madridforrefugees.org\/es\/sobre-nosotros\/"]}]},{"@type":"BreadcrumbList","@id":"https:\/\/madridforrefugees.org\/es\/sobre-nosotros\/#breadcrumb","itemListElement":[{"@type":"ListItem","position":1,"name":"Home","item":"https:\/\/madridforrefugees.org\/es\/"},{"@type":"ListItem","position":2,"name":"Qui\u00e9nes Somos"}]},{"@type":"WebSite","@id":"https:\/\/madridforrefugees.org\/es\/home-2\/#website","url":"https:\/\/madridforrefugees.org\/es\/home-2\/","name":"MadridForRefugees","description":"Helping Refugees in Madrid and Abroad","publisher":{"@id":"https:\/\/madridforrefugees.org\/es\/home-2\/#organization"},"potentialAction":[{"@type":"SearchAction","target":{"@type":"EntryPoint","urlTemplate":"https:\/\/madridforrefugees.org\/es\/home-2\/?s={search_term_string}"},"query-input":{"@type":"PropertyValueSpecification","valueRequired":true,"valueName":"search_term_string"}}],"inLanguage":"es"},{"@type":"Organization","@id":"https:\/\/madridforrefugees.org\/es\/home-2\/#organization","name":"Madrid for Refugees","url":"https:\/\/madridforrefugees.org\/es\/home-2\/","logo":{"@type":"ImageObject","inLanguage":"es","@id":"https:\/\/madridforrefugees.org\/es\/home-2\/#\/schema\/logo\/image\/","url":"https:\/\/madridforrefugees.org\/wp-content\/uploads\/2021\/11\/MFR-Logo-Initials-Words.png","contentUrl":"https:\/\/madridforrefugees.org\/wp-content\/uploads\/2021\/11\/MFR-Logo-Initials-Words.png","width":233,"height":83,"caption":"Madrid for Refugees"},"image":{"@id":"https:\/\/madridforrefugees.org\/es\/home-2\/#\/schema\/logo\/image\/"},"sameAs":["https:\/\/www.facebook.com\/Madrid4Refugees\/","https:\/\/x.com\/Madrid4Refugees","https:\/\/www.instagram.com\/weloverefugees\/","https:\/\/www.linkedin.com\/company\/madrid-for-refugees","https:\/\/www.pinterest.com\/weloverefugees\/"]}]}},"jetpack_likes_enabled":true,"jetpack_sharing_enabled":true,"_links":{"self":[{"href":"https:\/\/madridforrefugees.org\/es\/wp-json\/wp\/v2\/pages\/583","targetHints":{"allow":["GET"]}}],"collection":[{"href":"https:\/\/madridforrefugees.org\/es\/wp-json\/wp\/v2\/pages"}],"about":[{"href":"https:\/\/madridforrefugees.org\/es\/wp-json\/wp\/v2\/types\/page"}],"author":[{"embeddable":true,"href":"https:\/\/madridforrefugees.org\/es\/wp-json\/wp\/v2\/users\/5"}],"replies":[{"embeddable":true,"href":"https:\/\/madridforrefugees.org\/es\/wp-json\/wp\/v2\/comments?post=583"}],"version-history":[{"count":0,"href":"https:\/\/madridforrefugees.org\/es\/wp-json\/wp\/v2\/pages\/583\/revisions"}],"wp:attachment":[{"href":"https:\/\/madridforrefugees.org\/es\/wp-json\/wp\/v2\/media?parent=583"}],"curies":[{"name":"wp","href":"https:\/\/api.w.org\/{rel}","templated":true}]}}