{"id":996,"date":"2017-03-08T21:51:17","date_gmt":"2017-03-08T20:51:17","guid":{"rendered":"https:\/\/madridforrefugees.org\/?page_id=996"},"modified":"2024-02-23T12:45:34","modified_gmt":"2024-02-23T11:45:34","slug":"la-organizacion","status":"publish","type":"page","link":"https:\/\/madridforrefugees.org\/es\/la-organizacion\/","title":{"rendered":"Sobre Madrid For Refugees"},"content":{"rendered":"<p><span style=\"font-weight: 400;\">Madrid For Refugees (MFR), establecida en 2015, es una asociaci\u00f3n sin \u00e1nimo de lucro formada por una red de profesionales internacionales en Madrid que colaboran de manera voluntaria para ayudar y empoderar en la comunidad local a: personas refugiadas, solicitantes de asilo, ap\u00e1tridas y migrantes con necesidad de protecci\u00f3n internacional y\/o en riesgo de exclusi\u00f3n social. Nuestro trabajo se centra en promover la mejora de la integraci\u00f3n social y la empleabilidad en la comunidad local.<\/span><\/p>\n<p><span style=\"font-weight: 400;\">Las iniciativas de Madrid For Refugees incluyen tres categor\u00edas esenciales. (1) Formaci\u00f3n. Ofrecemos cursos, talleres y formaciones gratuitas dirigidas a personas refugiadas. Impartimos cursos de alfabetizaci\u00f3n inform\u00e1tica, idiomas, programaci\u00f3n, y b\u00fasqueda de empleo.<br \/>\n(2) Donaciones. Recibimos y hacemos donaciones de bienes de primera necesidad.<br \/>\n(3) Iniciativas de concienciaci\u00f3n. Realizamos iniciativas de intervenci\u00f3n social en la comunidad, contamos con una red de apoyo para acompa\u00f1ar a las personas refugiadas y tenemos colaboraciones directas con otras entidades en la comunidad.<br \/>\n<\/span><\/p>\n<p><span style=\"font-weight: 400;\">A trav\u00e9s de nuestras iniciativas, ayudamos a m\u00e1s de 300 refugiados en centros oficiales del gobierno y ONGs, y m\u00e1s de 60 familias que viven en la comunidad. Trabajamos con refugiados de todo el mundo como Siria, Ucrania, Afganist\u00e1n, Irak, Ir\u00e1n, Jamaica, Venezuela, Eritrea, Marruecos, Honduras, Colombia, y El Salvador.<\/span><\/p>\n<p><span style=\"font-weight: 400;\">Colaboramos con centros de acogida de personas refugiadas, ONGs y empresas. Algunos de nuestros colaboradores son: la Agencia de Naciones Unidas para los Refugiados (ACNUR), la Comisi\u00f3n Espa\u00f1ola de Ayuda al Refugiado (CEAR), ONG CESAL, Cruz Roja Espa\u00f1ola, la Asociaci\u00f3n La Kalle Vallecas y Refugiados Sin Fronteras.<\/span><\/p>\n<p><span style=\"font-weight: 400;\">El equipo de Madrid for Refugees es una red profesional, cuenta con acad\u00e9micos, profesores, psic\u00f3logos, profesionales de la ONU, empresarios, expertos del sector de las relaciones internacionales, geopol\u00edtica y tecnolog\u00eda, m\u00fasicos, fot\u00f3grafos, artistas y m\u00e1s. Ofrecemos servicios de formaci\u00f3n y consultor\u00eda a medida para empresas, universidades, colegios y entidades a trav\u00e9s de talleres, cursos y actividades de team-building. Contamos con la generosidad de individuos y organizaciones para que Madrid For Refugees pueda continuar la misi\u00f3n de empoderar a la comunidad de personas refugiadas.<\/span><\/p>\n<p><span style=\"font-weight: 400;\">Asociaci\u00f3n MADRID FOR REFUGEES<br \/>\nCIF: G87483087<br \/>\nRegistro Nacional Asociaciones n\u00ba 610122<br \/>\nCalle Mira el R\u00edo Baja, 20, 28005 Madrid<br \/>\ninfo@madridforrefugees.org<\/span><\/p>\n<h2><a href=\"https:\/\/madridforrefugees.org\/es\/la-organizacion\/equipo\/\">Conocer nuestro equipo<\/a><\/h2>\n<h2>Entrevista con la presidenta de MFR<\/h2>\n<p><iframe loading=\"lazy\" src=\"https:\/\/www.youtube.com\/embed\/IO7ZuSJ0jHU\" width=\"560\" height=\"315\" frameborder=\"0\" allowfullscreen=\"allowfullscreen\"><\/iframe><\/p>\n<h2>MFR con el coordinador Hugo Jovel<\/h2>\n<p><iframe loading=\"lazy\" title=\"A look at MFR and interview with coordinator Hugo\" width=\"1505\" height=\"847\" src=\"https:\/\/www.youtube.com\/embed\/J9ZwlLoC1YA?feature=oembed\" frameborder=\"0\" allow=\"accelerometer; autoplay; clipboard-write; encrypted-media; gyroscope; picture-in-picture; web-share\" allowfullscreen><\/iframe><\/p>\n","protected":false},"excerpt":{"rendered":"<p>Madrid For Refugees (MFR), establecida en 2015, es una asociaci\u00f3n sin \u00e1nimo de lucro formada por una red de profesionales internacionales en Madrid que colaboran de manera voluntaria para ayudar y empoderar en la comunidad local a: personas refugiadas, solicitantes de asilo, ap\u00e1tridas y migrantes con necesidad de protecci\u00f3n internacional &hellip;<\/p>\n","protected":false},"author":27,"featured_media":0,"parent":0,"menu_order":0,"comment_status":"closed","ping_status":"closed","template":"","meta":{"_monsterinsights_skip_tracking":false,"_monsterinsights_sitenote_active":false,"_monsterinsights_sitenote_note":"","_monsterinsights_sitenote_category":0,"footnotes":""},"class_list":["post-996","page","type-page","status-publish","hentry"],"yoast_head":"<!-- This site is optimized with the Yoast SEO plugin v25.2 - https:\/\/yoast.com\/wordpress\/plugins\/seo\/ -->\n<title>Sobre Madrid For Refugees - Madrid For Refugees<\/title>\n<meta name=\"robots\" content=\"index, follow, max-snippet:-1, max-image-preview:large, max-video-preview:-1\" \/>\n<link rel=\"canonical\" href=\"https:\/\/madridforrefugees.org\/es\/la-organizacion\/\" \/>\n<meta property=\"og:locale\" content=\"es_ES\" \/>\n<meta property=\"og:type\" content=\"article\" \/>\n<meta property=\"og:title\" content=\"Sobre Madrid For Refugees - Madrid For Refugees\" \/>\n<meta property=\"og:description\" content=\"Madrid For Refugees (MFR), establecida en 2015, es una asociaci\u00f3n sin \u00e1nimo de lucro formada por una red de profesionales internacionales en Madrid que colaboran de manera voluntaria para ayudar y empoderar en la comunidad local a: personas refugiadas, solicitantes de asilo, ap\u00e1tridas y migrantes con necesidad de protecci\u00f3n internacional &hellip;\" \/>\n<meta property=\"og:url\" content=\"https:\/\/madridforrefugees.org\/es\/la-organizacion\/\" \/>\n<meta property=\"og:site_name\" content=\"Madrid For Refugees\" \/>\n<meta property=\"article:publisher\" content=\"https:\/\/www.facebook.com\/Madrid4Refugees\/\" \/>\n<meta property=\"article:modified_time\" content=\"2024-02-23T11:45:34+00:00\" \/>\n<meta name=\"twitter:card\" content=\"summary_large_image\" \/>\n<meta name=\"twitter:site\" content=\"@Madrid4Refugees\" \/>\n<meta name=\"twitter:label1\" content=\"Tiempo de lectura\" \/>\n\t<meta name=\"twitter:data1\" content=\"2 minutos\" \/>\n<script type=\"application\/ld+json\" class=\"yoast-schema-graph\">{\"@context\":\"https:\/\/schema.org\",\"@graph\":[{\"@type\":\"WebPage\",\"@id\":\"https:\/\/madridforrefugees.org\/es\/la-organizacion\/\",\"url\":\"https:\/\/madridforrefugees.org\/es\/la-organizacion\/\",\"name\":\"Sobre Madrid For Refugees - Madrid For Refugees\",\"isPartOf\":{\"@id\":\"https:\/\/madridforrefugees.org\/es\/home-2\/#website\"},\"datePublished\":\"2017-03-08T20:51:17+00:00\",\"dateModified\":\"2024-02-23T11:45:34+00:00\",\"breadcrumb\":{\"@id\":\"https:\/\/madridforrefugees.org\/es\/la-organizacion\/#breadcrumb\"},\"inLanguage\":\"es\",\"potentialAction\":[{\"@type\":\"ReadAction\",\"target\":[\"https:\/\/madridforrefugees.org\/es\/la-organizacion\/\"]}]},{\"@type\":\"BreadcrumbList\",\"@id\":\"https:\/\/madridforrefugees.org\/es\/la-organizacion\/#breadcrumb\",\"itemListElement\":[{\"@type\":\"ListItem\",\"position\":1,\"name\":\"Home\",\"item\":\"https:\/\/madridforrefugees.org\/es\/\"},{\"@type\":\"ListItem\",\"position\":2,\"name\":\"Sobre Madrid For Refugees\"}]},{\"@type\":\"WebSite\",\"@id\":\"https:\/\/madridforrefugees.org\/es\/home-2\/#website\",\"url\":\"https:\/\/madridforrefugees.org\/es\/home-2\/\",\"name\":\"MadridForRefugees\",\"description\":\"Helping Refugees in Madrid and Abroad\",\"publisher\":{\"@id\":\"https:\/\/madridforrefugees.org\/es\/home-2\/#organization\"},\"potentialAction\":[{\"@type\":\"SearchAction\",\"target\":{\"@type\":\"EntryPoint\",\"urlTemplate\":\"https:\/\/madridforrefugees.org\/es\/home-2\/?s={search_term_string}\"},\"query-input\":{\"@type\":\"PropertyValueSpecification\",\"valueRequired\":true,\"valueName\":\"search_term_string\"}}],\"inLanguage\":\"es\"},{\"@type\":\"Organization\",\"@id\":\"https:\/\/madridforrefugees.org\/es\/home-2\/#organization\",\"name\":\"Madrid for Refugees\",\"url\":\"https:\/\/madridforrefugees.org\/es\/home-2\/\",\"logo\":{\"@type\":\"ImageObject\",\"inLanguage\":\"es\",\"@id\":\"https:\/\/madridforrefugees.org\/es\/home-2\/#\/schema\/logo\/image\/\",\"url\":\"https:\/\/madridforrefugees.org\/wp-content\/uploads\/2021\/11\/MFR-Logo-Initials-Words.png\",\"contentUrl\":\"https:\/\/madridforrefugees.org\/wp-content\/uploads\/2021\/11\/MFR-Logo-Initials-Words.png\",\"width\":233,\"height\":83,\"caption\":\"Madrid for Refugees\"},\"image\":{\"@id\":\"https:\/\/madridforrefugees.org\/es\/home-2\/#\/schema\/logo\/image\/\"},\"sameAs\":[\"https:\/\/www.facebook.com\/Madrid4Refugees\/\",\"https:\/\/x.com\/Madrid4Refugees\",\"https:\/\/www.instagram.com\/weloverefugees\/\",\"https:\/\/www.linkedin.com\/company\/madrid-for-refugees\",\"https:\/\/www.pinterest.com\/weloverefugees\/\"]}]}<\/script>\n<!-- \/ Yoast SEO plugin. -->","yoast_head_json":{"title":"Sobre Madrid For Refugees - Madrid For Refugees","robots":{"index":"index","follow":"follow","max-snippet":"max-snippet:-1","max-image-preview":"max-image-preview:large","max-video-preview":"max-video-preview:-1"},"canonical":"https:\/\/madridforrefugees.org\/es\/la-organizacion\/","og_locale":"es_ES","og_type":"article","og_title":"Sobre Madrid For Refugees - Madrid For Refugees","og_description":"Madrid For Refugees (MFR), establecida en 2015, es una asociaci\u00f3n sin \u00e1nimo de lucro formada por una red de profesionales internacionales en Madrid que colaboran de manera voluntaria para ayudar y empoderar en la comunidad local a: personas refugiadas, solicitantes de asilo, ap\u00e1tridas y migrantes con necesidad de protecci\u00f3n internacional &hellip;","og_url":"https:\/\/madridforrefugees.org\/es\/la-organizacion\/","og_site_name":"Madrid For Refugees","article_publisher":"https:\/\/www.facebook.com\/Madrid4Refugees\/","article_modified_time":"2024-02-23T11:45:34+00:00","twitter_card":"summary_large_image","twitter_site":"@Madrid4Refugees","twitter_misc":{"Tiempo de lectura":"2 minutos"},"schema":{"@context":"https:\/\/schema.org","@graph":[{"@type":"WebPage","@id":"https:\/\/madridforrefugees.org\/es\/la-organizacion\/","url":"https:\/\/madridforrefugees.org\/es\/la-organizacion\/","name":"Sobre Madrid For Refugees - Madrid For Refugees","isPartOf":{"@id":"https:\/\/madridforrefugees.org\/es\/home-2\/#website"},"datePublished":"2017-03-08T20:51:17+00:00","dateModified":"2024-02-23T11:45:34+00:00","breadcrumb":{"@id":"https:\/\/madridforrefugees.org\/es\/la-organizacion\/#breadcrumb"},"inLanguage":"es","potentialAction":[{"@type":"ReadAction","target":["https:\/\/madridforrefugees.org\/es\/la-organizacion\/"]}]},{"@type":"BreadcrumbList","@id":"https:\/\/madridforrefugees.org\/es\/la-organizacion\/#breadcrumb","itemListElement":[{"@type":"ListItem","position":1,"name":"Home","item":"https:\/\/madridforrefugees.org\/es\/"},{"@type":"ListItem","position":2,"name":"Sobre Madrid For Refugees"}]},{"@type":"WebSite","@id":"https:\/\/madridforrefugees.org\/es\/home-2\/#website","url":"https:\/\/madridforrefugees.org\/es\/home-2\/","name":"MadridForRefugees","description":"Helping Refugees in Madrid and Abroad","publisher":{"@id":"https:\/\/madridforrefugees.org\/es\/home-2\/#organization"},"potentialAction":[{"@type":"SearchAction","target":{"@type":"EntryPoint","urlTemplate":"https:\/\/madridforrefugees.org\/es\/home-2\/?s={search_term_string}"},"query-input":{"@type":"PropertyValueSpecification","valueRequired":true,"valueName":"search_term_string"}}],"inLanguage":"es"},{"@type":"Organization","@id":"https:\/\/madridforrefugees.org\/es\/home-2\/#organization","name":"Madrid for Refugees","url":"https:\/\/madridforrefugees.org\/es\/home-2\/","logo":{"@type":"ImageObject","inLanguage":"es","@id":"https:\/\/madridforrefugees.org\/es\/home-2\/#\/schema\/logo\/image\/","url":"https:\/\/madridforrefugees.org\/wp-content\/uploads\/2021\/11\/MFR-Logo-Initials-Words.png","contentUrl":"https:\/\/madridforrefugees.org\/wp-content\/uploads\/2021\/11\/MFR-Logo-Initials-Words.png","width":233,"height":83,"caption":"Madrid for Refugees"},"image":{"@id":"https:\/\/madridforrefugees.org\/es\/home-2\/#\/schema\/logo\/image\/"},"sameAs":["https:\/\/www.facebook.com\/Madrid4Refugees\/","https:\/\/x.com\/Madrid4Refugees","https:\/\/www.instagram.com\/weloverefugees\/","https:\/\/www.linkedin.com\/company\/madrid-for-refugees","https:\/\/www.pinterest.com\/weloverefugees\/"]}]}},"jetpack_likes_enabled":true,"jetpack_sharing_enabled":true,"_links":{"self":[{"href":"https:\/\/madridforrefugees.org\/es\/wp-json\/wp\/v2\/pages\/996","targetHints":{"allow":["GET"]}}],"collection":[{"href":"https:\/\/madridforrefugees.org\/es\/wp-json\/wp\/v2\/pages"}],"about":[{"href":"https:\/\/madridforrefugees.org\/es\/wp-json\/wp\/v2\/types\/page"}],"author":[{"embeddable":true,"href":"https:\/\/madridforrefugees.org\/es\/wp-json\/wp\/v2\/users\/27"}],"replies":[{"embeddable":true,"href":"https:\/\/madridforrefugees.org\/es\/wp-json\/wp\/v2\/comments?post=996"}],"version-history":[{"count":6,"href":"https:\/\/madridforrefugees.org\/es\/wp-json\/wp\/v2\/pages\/996\/revisions"}],"predecessor-version":[{"id":4962,"href":"https:\/\/madridforrefugees.org\/es\/wp-json\/wp\/v2\/pages\/996\/revisions\/4962"}],"wp:attachment":[{"href":"https:\/\/madridforrefugees.org\/es\/wp-json\/wp\/v2\/media?parent=996"}],"curies":[{"name":"wp","href":"https:\/\/api.w.org\/{rel}","templated":true}]}}